{"id":27499,"date":"2022-11-29T12:12:28","date_gmt":"2022-11-29T12:12:28","guid":{"rendered":"http:\/\/www.sakababeauty.com\/?post_type=product&#038;p=27499"},"modified":"2024-08-15T01:32:23","modified_gmt":"2024-08-15T01:32:23","slug":"the-ordinary-buffet-copper-peptides-1-2","status":"publish","type":"product","link":"https:\/\/sakaba.mghosteur.com\/en\/product\/the-ordinary-buffet-copper-peptides-1-2\/","title":{"rendered":"THE ORDINARY BUFFET + COPPER PEPTIDES 1%"},"content":{"rendered":"<p>Le &#8220;Buffet&#8221; + Peptides de Cuivre 1% de The Ordinary est un s\u00e9rum anti-\u00e2ge tout-en-un qui offre une solution compl\u00e8te pour les soins de la peau. Cette formule avanc\u00e9e utilise cinq technologies peptidiques bien \u00e9tudi\u00e9es, des acides amin\u00e9s respectueux de la peau et plusieurs acides hyaluroniques pour cibler plusieurs signes de vieillissement \u00e0 la fois.<\/p>\n<p>Cette formule contient \u00e9galement des peptides de cuivre directs pour cibler les signes du vieillissement associ\u00e9s au stress oxydatif, offrant une peau radieuse et d&#8217;apparence plus saine.<\/p>\n<p>Le GHK-Cu, SYN\u2122-AKE, Matrixyl\u2122 synthe&#8217;6\u2122, Matrixyl\u2122 3000, ARGIRELOX\u2122, de l&#8217;acide hyaluronique, des acides amin\u00e9s et des biod\u00e9riv\u00e9s sont tous int\u00e9gr\u00e9s dans cette formule pour aider \u00e0 am\u00e9liorer l&#8217;apparence des ridules et dynamiques, ainsi que l&#8217;\u00e9lasticit\u00e9, la douceur et la fermet\u00e9 globales de la peau.<\/p>\n<p>Pour utiliser le s\u00e9rum, appliquez quelques gouttes sur le visage matin et soir. En cas d&#8217;irritation, rincer imm\u00e9diatement, cesser l&#8217;utilisation et consulter un m\u00e9decin. Il est conseill\u00e9 de tester les patchs avant utilisation et de tenir le produit hors de port\u00e9e des enfants.<\/p>\n<p>Les marques commerciales SYN\u2122, Matrixyl\u2122 synthe&#8217;6\u2122, Matrixyl\u2122 3000 et ARGIRELOX\u2122 appartiennent \u00e0 leurs propri\u00e9taires respectifs, et ni DECIEM ni The Ordinary ne sont affili\u00e9s aux propri\u00e9taires des marques.<\/p>","protected":false},"excerpt":{"rendered":"<p>Le &#8220;Buffet&#8221; + Peptides de Cuivre 1% de The Ordinary est un s\u00e9rum anti-\u00e2ge tout-en-un qui offre une solution compl\u00e8te pour les soins de la peau. Cette formule avanc\u00e9e utilise cinq technologies peptidiques bien \u00e9tudi\u00e9es, des acides amin\u00e9s respectueux de la peau et plusieurs acides hyaluroniques pour cibler plusieurs signes de vieillissement \u00e0 la fois.<span class=\"read-more-faq\"><a href=\"https:\/\/sakaba.mghosteur.com\/en\/product\/the-ordinary-buffet-copper-peptides-1-2\/\">Read More<\/a><\/span><\/p>","protected":false},"featured_media":0,"comment_status":"closed","ping_status":"closed","template":"","meta":[],"product_brand":[],"product_cat":[1095,451,334],"product_tag":[],"class_list":{"0":"post-27499","1":"product","2":"type-product","3":"status-publish","5":"product_cat-anti-age","6":"product_cat-aab-soin-du-visage","7":"product_cat-traitement-serum","9":"first","10":"instock","11":"shipping-taxable","12":"product-type-simple"},"jetpack-related-posts":[{"id":31651,"url":"https:\/\/sakaba.mghosteur.com\/en\/product\/the-ordinary-multi-peptide-ha-serum\/","url_meta":{"origin":27499,"position":0},"title":"The Ordinary MULTI-PEPTIDE + HA SERUM","author":"admin","date":"May 10, 2024","format":false,"excerpt":"D\u00e9couvrez le S\u00e9rum Multi-Peptide + HA, anciennement connu sous le nom de \"Buffet\". Cette formule universelle r\u00e9unit une multitude de technologies pour sublimer votre peau et agir sur plusieurs signes de vieillissement simultan\u00e9ment. Enrichi de quatre technologies peptidiques \u00e9prouv\u00e9es, d'acides amin\u00e9s b\u00e9n\u00e9fiques pour la peau et de complexes d'acide hyaluronique\u2026","rel":"","context":"Similar post","block_context":{"text":"Similar post","link":""},"img":{"alt_text":"","src":"","width":0,"height":0},"classes":[]},{"id":27496,"url":"https:\/\/sakaba.mghosteur.com\/en\/product\/the-ordinary-buffet\/","url_meta":{"origin":27499,"position":1},"title":"THE ORDINARY BUFFET","author":"admin","date":"November 29, 2022","format":false,"excerpt":"Le s\u00e9rum \"Buffet\" de la marque The Ordinary est un produit de soin de la peau innovant con\u00e7u pour cibler plusieurs signes de vieillissement en m\u00eame temps. Inspir\u00e9 par la notion de buffets offrant une vari\u00e9t\u00e9 de plats, ce s\u00e9rum offre une solution tout-en-un pour am\u00e9liorer l'apparence de la peau\u2026","rel":"","context":"Similar post","block_context":{"text":"Similar post","link":""},"img":{"alt_text":"","src":"","width":0,"height":0},"classes":[]},{"id":27450,"url":"https:\/\/sakaba.mghosteur.com\/en\/product\/the-ordinary-hyaluronic-acid-2-b5\/","url_meta":{"origin":27499,"position":2},"title":"The Ordinary Hyaluronic Acid 2% + B5","author":"admin","date":"November 29, 2022","format":false,"excerpt":"L'Acide Hyaluronique 2% + B5 de la marque The Ordinary est une formule hautement efficace pour hydrater la peau et cibler les signes de vieillissement. Cette formule innovante combine des mol\u00e9cules d'acide hyaluronique de poids mol\u00e9culaire faible, moyen et \u00e9lev\u00e9 avec un polym\u00e8re crois\u00e9 HA de nouvelle g\u00e9n\u00e9ration pour offrir\u2026","rel":"","context":"Similar post","block_context":{"text":"Similar post","link":""},"img":{"alt_text":"","src":"","width":0,"height":0},"classes":[]},{"id":28981,"url":"https:\/\/sakaba.mghosteur.com\/en\/product\/the-ordinary-multi-peptide-eye-serum\/","url_meta":{"origin":27499,"position":3},"title":"THE ORDINARY Multi-Peptide Eye Serum","author":"admin","date":"March 8, 2023","format":false,"excerpt":"Le S\u00e9rum Yeux Multi-Peptides de la marque The Ordinary est une solution pour lutter contre les signes de vieillissement autour des yeux, gr\u00e2ce \u00e0 une formule \u00e0 base d'eau contenant plusieurs technologies peptidiques, de la niacinamide et de l'extrait d'\u00e9corce de fraxinus excelsior. Ce s\u00e9rum offre des r\u00e9sultats cliniques incroyables\u2026","rel":"","context":"Similar post","block_context":{"text":"Similar post","link":""},"img":{"alt_text":"","src":"","width":0,"height":0},"classes":[]},{"id":27502,"url":"https:\/\/sakaba.mghosteur.com\/en\/product\/the-ordinary-vitamin-c-suspension-23-ha-spheres-2\/","url_meta":{"origin":27499,"position":4},"title":"The Ordinary VITAMIN C SUSPENSION 23% +HA SPHERES 2%","author":"admin","date":"November 29, 2022","format":false,"excerpt":"La Suspension Vitamine C 23% + Sph\u00e8res HA 2% de la marque The Ordinary est une formule efficace qui utilise directement de la vitamine C et de l'acide hyaluronique pour aider \u00e0 r\u00e9duire visiblement les signes du vieillissement en \u00e9claircissant et en \u00e9quilibrant le teint irr\u00e9gulier. Cette formule sans eau\u2026","rel":"","context":"Similar post","block_context":{"text":"Similar post","link":""},"img":{"alt_text":"","src":"","width":0,"height":0},"classes":[]},{"id":29139,"url":"https:\/\/sakaba.mghosteur.com\/en\/product\/the-inkey-list-coffret-winter-skin-101\/","url_meta":{"origin":27499,"position":5},"title":"THE INKEY LIST COFFRET WINTER SKIN 101","author":"admin","date":"March 15, 2023","format":false,"excerpt":"L'ensemble INKEY List Winter Skin 101 de la marque THE INKEY LIST est la solution parfaite pour les peaux s\u00e8ches et hivernales qui ont besoin d'\u00eatre chouchout\u00e9es. Ce kit complet en 4 \u00e9tapes vous offre des produits en taille r\u00e9elle pour une peau renouvel\u00e9e et hydrat\u00e9e. Le Baume nettoyant \u00e0\u2026","rel":"","context":"Similar post","block_context":{"text":"Similar post","link":""},"img":{"alt_text":"","src":"","width":0,"height":0},"classes":[]}],"_links":{"self":[{"href":"https:\/\/sakaba.mghosteur.com\/en\/wp-json\/wp\/v2\/product\/27499","targetHints":{"allow":["GET"]}}],"collection":[{"href":"https:\/\/sakaba.mghosteur.com\/en\/wp-json\/wp\/v2\/product"}],"about":[{"href":"https:\/\/sakaba.mghosteur.com\/en\/wp-json\/wp\/v2\/types\/product"}],"replies":[{"embeddable":true,"href":"https:\/\/sakaba.mghosteur.com\/en\/wp-json\/wp\/v2\/comments?post=27499"}],"version-history":[{"count":0,"href":"https:\/\/sakaba.mghosteur.com\/en\/wp-json\/wp\/v2\/product\/27499\/revisions"}],"wp:attachment":[{"href":"https:\/\/sakaba.mghosteur.com\/en\/wp-json\/wp\/v2\/media?parent=27499"}],"wp:term":[{"taxonomy":"product_brand","embeddable":true,"href":"https:\/\/sakaba.mghosteur.com\/en\/wp-json\/wp\/v2\/product_brand?post=27499"},{"taxonomy":"product_cat","embeddable":true,"href":"https:\/\/sakaba.mghosteur.com\/en\/wp-json\/wp\/v2\/product_cat?post=27499"},{"taxonomy":"product_tag","embeddable":true,"href":"https:\/\/sakaba.mghosteur.com\/en\/wp-json\/wp\/v2\/product_tag?post=27499"}],"curies":[{"name":"wp","href":"https:\/\/api.w.org\/{rel}","templated":true}]}}