{"id":27502,"date":"2022-11-29T12:14:48","date_gmt":"2022-11-29T12:14:48","guid":{"rendered":"http:\/\/www.sakababeauty.com\/?post_type=product&#038;p=27502"},"modified":"2024-08-15T02:00:24","modified_gmt":"2024-08-15T02:00:24","slug":"the-ordinary-vitamin-c-suspension-23-ha-spheres-2","status":"publish","type":"product","link":"https:\/\/sakaba.mghosteur.com\/en\/product\/the-ordinary-vitamin-c-suspension-23-ha-spheres-2\/","title":{"rendered":"The Ordinary VITAMIN C SUSPENSION 23% +HA SPHERES 2%"},"content":{"rendered":"<p>La Suspension Vitamine C 23% + Sph\u00e8res HA 2% de la marque The Ordinary est une formule efficace qui utilise directement de la vitamine C et de l&#8217;acide hyaluronique pour aider \u00e0 r\u00e9duire visiblement les signes du vieillissement en \u00e9claircissant et en \u00e9quilibrant le teint irr\u00e9gulier. Cette formule sans eau contient 23% d&#8217;acide L-ascorbique pur qui reste compl\u00e8tement stable en raison de l&#8217;absence d&#8217;eau. De plus, elle est soutenue par des sph\u00e8res d&#8217;acide hyaluronique pour une hydratation accrue.<\/p>\n<p>Cette formule est l\u00e9g\u00e8rement granuleuse en raison de la suspension de la poudre de vitamine C dans une base huileuse. Elle n\u00e9cessite quelques secondes pour \u00eatre absorb\u00e9e par la peau. Si n\u00e9cessaire, la formule peut \u00eatre dilu\u00e9e dans une base de cr\u00e8me par application pour permettre \u00e0 la peau de d\u00e9velopper sa tol\u00e9rance au fil du temps.<\/p>\n<p>Pour utiliser ce produit, appliquez une petite quantit\u00e9 sur le visage une fois par jour, de pr\u00e9f\u00e9rence le soir. \u00c9vitez le contour des yeux et le contact avec les yeux. Utilisez une protection solaire pendant la journ\u00e9e. Une l\u00e9g\u00e8re sensation de picotement peut \u00eatre ressentie; si elle est trop forte, la formule peut \u00eatre m\u00e9lang\u00e9e avec d&#8217;autres huiles de votre choix avant chaque application pour r\u00e9duire la force.<\/p>\n<p>En cas d&#8217;irritation, rincez le produit, cessez son utilisation et consultez un m\u00e9decin. Utilisez uniquement selon les instructions sur une peau intacte. Il est conseill\u00e9 de tester les patchs avant utilisation et de tenir le produit hors de port\u00e9e des enfants.<\/p>\n<p>La Suspension Vitamine C 23% + Sph\u00e8res HA 2% de The Ordinary est un choix id\u00e9al pour les personnes qui cherchent \u00e0 am\u00e9liorer l&#8217;apparence de leur peau, \u00e0 la rendre plus lumineuse et plus uniforme. Elle est \u00e9galement efficace pour l&#8217;hydratation de la peau gr\u00e2ce \u00e0 la pr\u00e9sence d&#8217;acide hyaluronique. Essayez-la d\u00e8s maintenant pour une peau plus jeune et plus saine !<\/p>","protected":false},"excerpt":{"rendered":"<p>La Suspension Vitamine C 23% + Sph\u00e8res HA 2% de la marque The Ordinary est une formule efficace qui utilise directement de la vitamine C et de l&#8217;acide hyaluronique pour aider \u00e0 r\u00e9duire visiblement les signes du vieillissement en \u00e9claircissant et en \u00e9quilibrant le teint irr\u00e9gulier. Cette formule sans eau contient 23% d&#8217;acide L-ascorbique pur<span class=\"read-more-faq\"><a href=\"https:\/\/sakaba.mghosteur.com\/en\/product\/the-ordinary-vitamin-c-suspension-23-ha-spheres-2\/\">Read More<\/a><\/span><\/p>","protected":false},"featured_media":0,"comment_status":"closed","ping_status":"closed","template":"","meta":[],"product_brand":[],"product_cat":[293,291,451,334],"product_tag":[],"class_list":{"0":"post-27502","1":"product","2":"type-product","3":"status-publish","5":"product_cat-anti-taches","6":"product_cat-eclaircissant","7":"product_cat-aab-soin-du-visage","8":"product_cat-traitement-serum","10":"first","11":"instock","12":"shipping-taxable","13":"product-type-simple"},"jetpack-related-posts":[{"id":28919,"url":"https:\/\/sakaba.mghosteur.com\/en\/product\/the-ordinary-alpha-arbutin-2-ha\/","url_meta":{"origin":27502,"position":0},"title":"THE ORDINARY ALPHA ARBUTIN 2% + HA","author":"admin","date":"March 8, 2023","format":false,"excerpt":"Le s\u00e9rum Alpha Arbutine 2% + HA de The Ordinary est un produit de soin de la peau \u00e0 base d'eau, con\u00e7u pour am\u00e9liorer visiblement la pigmentation et cibler les probl\u00e8mes de teint irr\u00e9gulier. Ce produit contient une concentration \u00e9lev\u00e9e d'alpha arbutine purifi\u00e9e, un ingr\u00e9dient \u00e9claircissant bien connu, qui agit\u2026","rel":"","context":"Similar post","block_context":{"text":"Similar post","link":""},"img":{"alt_text":"","src":"","width":0,"height":0},"classes":[]},{"id":27450,"url":"https:\/\/sakaba.mghosteur.com\/en\/product\/the-ordinary-hyaluronic-acid-2-b5\/","url_meta":{"origin":27502,"position":1},"title":"The Ordinary Hyaluronic Acid 2% + B5","author":"admin","date":"November 29, 2022","format":false,"excerpt":"L'Acide Hyaluronique 2% + B5 de la marque The Ordinary est une formule hautement efficace pour hydrater la peau et cibler les signes de vieillissement. Cette formule innovante combine des mol\u00e9cules d'acide hyaluronique de poids mol\u00e9culaire faible, moyen et \u00e9lev\u00e9 avec un polym\u00e8re crois\u00e9 HA de nouvelle g\u00e9n\u00e9ration pour offrir\u2026","rel":"","context":"Similar post","block_context":{"text":"Similar post","link":""},"img":{"alt_text":"","src":"","width":0,"height":0},"classes":[]},{"id":27447,"url":"https:\/\/sakaba.mghosteur.com\/en\/product\/the-ordinary-lactic-acid-10-ha\/","url_meta":{"origin":27502,"position":2},"title":"The Ordinary Lactic Acid 10% + HA","author":"admin","date":"November 29, 2022","format":false,"excerpt":"Le s\u00e9rum The Ordinary Lactic Acid 10% + HA est un produit de soin de la peau de qualit\u00e9 sup\u00e9rieure qui offre une exfoliation cibl\u00e9e \u00e0 la surface de la peau. Ce produit contient de l'acide lactique, un alpha-hydroxyacide qui est soutenu par de l'extrait purifi\u00e9 de poivre de Tasmanie\u2026","rel":"","context":"Similar post","block_context":{"text":"Similar post","link":""},"img":{"alt_text":"","src":"","width":0,"height":0},"classes":[]},{"id":31625,"url":"https:\/\/sakaba.mghosteur.com\/en\/product\/the-ordinary-ascorbyl-tetraisopalmitata-solution-20-in-vitamin-f\/","url_meta":{"origin":27502,"position":3},"title":"The Ordinary ASCORBYL TETRAISOPALMITATA SOLUTION 20% IN VITAMIN F","author":"admin","date":"May 10, 2024","format":false,"excerpt":"D\u00e9couvrez cette incroyable huile de vitamine C, id\u00e9ale pour hydrater et illuminer votre peau. La solution de t\u00e9traisopalmitate d'ascorbyle \u00e0 20 % dans la vitamine F est une formule l\u00e9g\u00e8re qui combat les signes du vieillissement tout en \u00e9quilibrant le teint. Contrairement aux autres formes de vitamine C, cette huile\u2026","rel":"","context":"Similar post","block_context":{"text":"Similar post","link":""},"img":{"alt_text":"","src":"","width":0,"height":0},"classes":[]},{"id":27226,"url":"https:\/\/sakaba.mghosteur.com\/en\/product\/the-ordinary-coffret-the-balance-set\/","url_meta":{"origin":27502,"position":4},"title":"THE ORDINARY COFFRET THE BALANCE SET","author":"admin","date":"November 29, 2022","format":false,"excerpt":"L'ensemble d'\u00e9quilibre de The Ordinary est un coffret de produits de soin de la peau con\u00e7u pour clarifier et \u00e9quilibrer votre peau. Il comprend quatre produits cl\u00e9s qui travaillent en tandem pour am\u00e9liorer l'apparence et la texture de votre peau. Le nettoyant d\u00e9maquillant hydratant au squalane est un nettoyant doux\u2026","rel":"","context":"Similar post","block_context":{"text":"Similar post","link":""},"img":{"alt_text":"","src":"","width":0,"height":0},"classes":[]},{"id":27474,"url":"https:\/\/sakaba.mghosteur.com\/en\/product\/the-ordinary-aha-30-bha-2-peeling-solution\/","url_meta":{"origin":27502,"position":5},"title":"The Ordinary AHA 30% + BHA 2% Peeling Solution","author":"admin","date":"November 29, 2022","format":false,"excerpt":"La Solution gommante AHA 30% + BHA 2% de The Ordinary est la solution id\u00e9ale pour exfolier en profondeur votre peau et lui donner un aspect plus lumineux et uniforme. Elle est formul\u00e9e avec des acides alpha-hydroxyl\u00e9s (AHA), des acides b\u00eata-hydroxyl\u00e9s (BHA) et un d\u00e9riv\u00e9 de poivre de Tasmanie \u00e9tudi\u00e9,\u2026","rel":"","context":"Similar post","block_context":{"text":"Similar post","link":""},"img":{"alt_text":"","src":"","width":0,"height":0},"classes":[]}],"_links":{"self":[{"href":"https:\/\/sakaba.mghosteur.com\/en\/wp-json\/wp\/v2\/product\/27502","targetHints":{"allow":["GET"]}}],"collection":[{"href":"https:\/\/sakaba.mghosteur.com\/en\/wp-json\/wp\/v2\/product"}],"about":[{"href":"https:\/\/sakaba.mghosteur.com\/en\/wp-json\/wp\/v2\/types\/product"}],"replies":[{"embeddable":true,"href":"https:\/\/sakaba.mghosteur.com\/en\/wp-json\/wp\/v2\/comments?post=27502"}],"version-history":[{"count":0,"href":"https:\/\/sakaba.mghosteur.com\/en\/wp-json\/wp\/v2\/product\/27502\/revisions"}],"wp:attachment":[{"href":"https:\/\/sakaba.mghosteur.com\/en\/wp-json\/wp\/v2\/media?parent=27502"}],"wp:term":[{"taxonomy":"product_brand","embeddable":true,"href":"https:\/\/sakaba.mghosteur.com\/en\/wp-json\/wp\/v2\/product_brand?post=27502"},{"taxonomy":"product_cat","embeddable":true,"href":"https:\/\/sakaba.mghosteur.com\/en\/wp-json\/wp\/v2\/product_cat?post=27502"},{"taxonomy":"product_tag","embeddable":true,"href":"https:\/\/sakaba.mghosteur.com\/en\/wp-json\/wp\/v2\/product_tag?post=27502"}],"curies":[{"name":"wp","href":"https:\/\/api.w.org\/{rel}","templated":true}]}}