{"id":27505,"date":"2022-11-29T13:20:12","date_gmt":"2022-11-29T13:20:12","guid":{"rendered":"http:\/\/www.sakababeauty.com\/?post_type=product&#038;p=27505"},"modified":"2022-11-29T13:20:13","modified_gmt":"2022-11-29T13:20:13","slug":"ginger-vitamin-c-bright-spot-tonic","status":"publish","type":"product","link":"https:\/\/sakaba.mghosteur.com\/en\/product\/ginger-vitamin-c-bright-spot-tonic\/","title":{"rendered":"GINGER + VITAMIN C BRIGHT SPOT TONIC"},"content":{"rendered":"","protected":false},"excerpt":{"rendered":"","protected":false},"featured_media":0,"comment_status":"closed","ping_status":"closed","template":"","meta":[],"product_brand":[],"product_cat":[377],"product_tag":[],"class_list":{"0":"post-27505","1":"product","2":"type-product","3":"status-publish","5":"product_cat-bath-body-works","7":"first","8":"instock","9":"shipping-taxable","10":"product-type-simple"},"jetpack-related-posts":[{"id":27390,"url":"https:\/\/sakaba.mghosteur.com\/en\/product\/ginger-vitamin-c-serum-shot\/","url_meta":{"origin":27505,"position":0},"title":"GINGER +VITAMIN C SERUM SHOT","author":"admin","date":"November 29, 2022","format":false,"excerpt":"","rel":"","context":"Similar post","block_context":{"text":"Similar post","link":""},"img":{"alt_text":"","src":"","width":0,"height":0},"classes":[]},{"id":27843,"url":"https:\/\/sakaba.mghosteur.com\/en\/product\/ginger-turmeric-vitamin-c-jelly-mask\/","url_meta":{"origin":27505,"position":1},"title":"GINGER TURMERIC VITAMIN C JELLY MASK","author":"admin","date":"November 29, 2022","format":false,"excerpt":"","rel":"","context":"Similar post","block_context":{"text":"Similar post","link":""},"img":{"alt_text":"","src":"","width":0,"height":0},"classes":[]},{"id":27556,"url":"https:\/\/sakaba.mghosteur.com\/en\/product\/ginger-vitamin-c-oil-free-gel-moisturizer-hydrat\/","url_meta":{"origin":27505,"position":2},"title":"GINGER + VITAMIN C OIL FREE GEL MOISTURIZER HYDRAT","author":"admin","date":"November 29, 2022","format":false,"excerpt":"","rel":"","context":"Similar post","block_context":{"text":"Similar post","link":""},"img":{"alt_text":"","src":"","width":0,"height":0},"classes":[]},{"id":32948,"url":"https:\/\/sakaba.mghosteur.com\/en\/product\/pixi-vitamine-c-tonic-100ml\/","url_meta":{"origin":27505,"position":3},"title":"PIXI VITAMINE C TONIC 100ML","author":"admin","date":"May 16, 2024","format":false,"excerpt":"Pixi Vitamin C Tonic est un tonique qui contient de la vitamine C, des probiotiques et de l'\u00e9corce de saule. Il convient \u00e0 tous les types de peau et est sans alcool ni parab\u00e8nes. Avantages: Garde la peau douce, hydrat\u00e9e et lumineuse Aide \u00e0 nettoyer les pores G\u00e8re le s\u00e9bum\u2026","rel":"","context":"Similar post","block_context":{"text":"Similar post","link":""},"img":{"alt_text":"","src":"","width":0,"height":0},"classes":[]},{"id":32945,"url":"https:\/\/sakaba.mghosteur.com\/en\/product\/pixi-skintreats-vitamin-c-tonic-250ml\/","url_meta":{"origin":27505,"position":4},"title":"PIXI SKIN TREATS VITAMIN-C TONIC 250ML","author":"admin","date":"May 16, 2024","format":false,"excerpt":"Pixi Vitamin C Tonic est un tonique qui contient de la vitamine C, des probiotiques et de l'\u00e9corce de saule. Il convient \u00e0 tous les types de peau et est sans alcool ni parab\u00e8nes. Avantages: Garde la peau douce, hydrat\u00e9e et lumineuse Aide \u00e0 nettoyer les pores G\u00e8re le s\u00e9bum\u2026","rel":"","context":"Similar post","block_context":{"text":"Similar post","link":""},"img":{"alt_text":"","src":"","width":0,"height":0},"classes":[]},{"id":32983,"url":"https:\/\/sakaba.mghosteur.com\/en\/product\/clarins-bright-plus-advanced-brightening-dark-spot-targeting-serum-1-0-oz\/","url_meta":{"origin":27505,"position":5},"title":"Clarins Bright Plus Advanced Brightening Dark Spot-Targeting Serum 1.0 OZ","author":"admin","date":"May 17, 2024","format":false,"excerpt":"S\u00e9rum illuminateur puissant qui aide \u00e0 raviver la peau terne et cible tous les types de taches brunes pour un teint visiblement plus lumineux et plus uniforme.","rel":"","context":"Similar post","block_context":{"text":"Similar post","link":""},"img":{"alt_text":"","src":"","width":0,"height":0},"classes":[]}],"_links":{"self":[{"href":"https:\/\/sakaba.mghosteur.com\/en\/wp-json\/wp\/v2\/product\/27505","targetHints":{"allow":["GET"]}}],"collection":[{"href":"https:\/\/sakaba.mghosteur.com\/en\/wp-json\/wp\/v2\/product"}],"about":[{"href":"https:\/\/sakaba.mghosteur.com\/en\/wp-json\/wp\/v2\/types\/product"}],"replies":[{"embeddable":true,"href":"https:\/\/sakaba.mghosteur.com\/en\/wp-json\/wp\/v2\/comments?post=27505"}],"version-history":[{"count":0,"href":"https:\/\/sakaba.mghosteur.com\/en\/wp-json\/wp\/v2\/product\/27505\/revisions"}],"wp:attachment":[{"href":"https:\/\/sakaba.mghosteur.com\/en\/wp-json\/wp\/v2\/media?parent=27505"}],"wp:term":[{"taxonomy":"product_brand","embeddable":true,"href":"https:\/\/sakaba.mghosteur.com\/en\/wp-json\/wp\/v2\/product_brand?post=27505"},{"taxonomy":"product_cat","embeddable":true,"href":"https:\/\/sakaba.mghosteur.com\/en\/wp-json\/wp\/v2\/product_cat?post=27505"},{"taxonomy":"product_tag","embeddable":true,"href":"https:\/\/sakaba.mghosteur.com\/en\/wp-json\/wp\/v2\/product_tag?post=27505"}],"curies":[{"name":"wp","href":"https:\/\/api.w.org\/{rel}","templated":true}]}}