{"id":27508,"date":"2022-11-29T13:21:33","date_gmt":"2022-11-29T13:21:33","guid":{"rendered":"http:\/\/www.sakababeauty.com\/?post_type=product&#038;p=27508"},"modified":"2022-11-29T13:21:34","modified_gmt":"2022-11-29T13:21:34","slug":"deep-cleansing-oil-200ml","status":"publish","type":"product","link":"https:\/\/sakaba.mghosteur.com\/en\/product\/deep-cleansing-oil-200ml\/","title":{"rendered":"DEEP CLEANSING OIL 200ML"},"content":{"rendered":"","protected":false},"excerpt":{"rendered":"","protected":false},"featured_media":0,"comment_status":"closed","ping_status":"closed","template":"","meta":[],"product_brand":[],"product_cat":[446],"product_tag":[],"class_list":{"0":"post-27508","1":"product","2":"type-product","3":"status-publish","5":"product_cat-nettoyant","7":"first","8":"instock","9":"shipping-taxable","10":"product-type-simple"},"jetpack-related-posts":[{"id":31479,"url":"https:\/\/sakaba.mghosteur.com\/en\/product\/madagascar-centella-light-cleansing-oil-200ml\/","url_meta":{"origin":27508,"position":0},"title":"MADAGASCAR CENTELLA  LIGHT CLEANSING OIL 200ML","author":"admin","date":"May 10, 2024","format":false,"excerpt":"CENTELLA LIGHT CLEANSING OIL DESCRIPTION : D\u00e9couvrez notre Centella Light Cleansing Oil, un nettoyant l\u00e9ger \u00e0 base d'huile qui vous offre une exp\u00e9rience de nettoyage luxueuse. Formul\u00e9 pour fondre en douceur le maquillage, la salet\u00e9, les huiles et la cr\u00e8me solaire, ce nettoyant prend soin de votre peau sans agresser\u2026","rel":"","context":"Similar post","block_context":{"text":"Similar post","link":""},"img":{"alt_text":"","src":"","width":0,"height":0},"classes":[]},{"id":31859,"url":"https:\/\/sakaba.mghosteur.com\/en\/product\/anua-heartleaf-pore-control-cleansing-oil-200ml\/","url_meta":{"origin":27508,"position":1},"title":"ANUA HEARTLEAF PORE CONTROL CLEANSING OIL 200ML","author":"admin","date":"May 10, 2024","format":false,"excerpt":"Un d\u00e9maquillant doux qui aide \u00e0 \u00e9liminer les impuret\u00e9s des pores. Formule non com\u00e9dog\u00e8ne qui convient aux peaux \u00e0 tendance acn\u00e9ique. Formule l\u00e9g\u00e8re qui ne bloque pas les pores. Maintient la peau hydrat\u00e9e apr\u00e8s le nettoyage. Mode d'emploi : 1. Versez l'huile nettoyante dans vos paumes et massez-la sur la\u2026","rel":"","context":"Similar post","block_context":{"text":"Similar post","link":""},"img":{"alt_text":"","src":"","width":0,"height":0},"classes":[]},{"id":27533,"url":"https:\/\/sakaba.mghosteur.com\/en\/product\/deep-cleansing-oil-70ml\/","url_meta":{"origin":27508,"position":2},"title":"DEEP CLEANSING OIL 70ML","author":"admin","date":"November 29, 2022","format":false,"excerpt":"","rel":"","context":"Similar post","block_context":{"text":"Similar post","link":""},"img":{"alt_text":"","src":"","width":0,"height":0},"classes":[]},{"id":27553,"url":"https:\/\/sakaba.mghosteur.com\/en\/product\/dhc-deep-cleansing-oil-70ml\/","url_meta":{"origin":27508,"position":3},"title":"DHC DEEP CLEANSING OIL 70ML","author":"admin","date":"November 29, 2022","format":false,"excerpt":"","rel":"","context":"Similar post","block_context":{"text":"Similar post","link":""},"img":{"alt_text":"","src":"","width":0,"height":0},"classes":[]},{"id":31720,"url":"https:\/\/sakaba.mghosteur.com\/en\/product\/haruhara-wonder-black-rice-moisture-deep-cleansing-oil\/","url_meta":{"origin":27508,"position":4},"title":"HARUHARA WONDER BLACK RICE MOISTURE DEEP CLEANSING OIL","author":"admin","date":"May 10, 2024","format":false,"excerpt":"D\u00e9couvrez cette huile hydratante et nettoyante en profondeur, parfaite pour un usage quotidien. Non parfum\u00e9e, elle offre une douceur exceptionnelle, tout en respectant votre peau et vos yeux. Formul\u00e9e \u00e0 base d'huiles 100% naturelles et de 9 ingr\u00e9dients essentiels, cette huile d\u00e9licate laisse votre peau propre et hydrat\u00e9e, sans aucune\u2026","rel":"","context":"Similar post","block_context":{"text":"Similar post","link":""},"img":{"alt_text":"","src":"","width":0,"height":0},"classes":[]},{"id":31438,"url":"https:\/\/sakaba.mghosteur.com\/en\/product\/numbuzin-6-deep-sleep-mask-serum-200ml\/","url_meta":{"origin":27508,"position":5},"title":"NUMBUZIN 6 DEEP SLEEP MASK SERUM 200ML","author":"admin","date":"May 10, 2024","format":false,"excerpt":"D\u00e9couvrez le S\u00e9rum Masque Deep Sleep Numbuzin No.6, une formule innovante infus\u00e9e avec 63% d'eau glaciaire d'Islande et trois vari\u00e9t\u00e9s d'acides hyaluroniques. Ce s\u00e9rum luxueux offre une hydratation intense, id\u00e9al pour les peaux s\u00e8ches, d\u00e9shydrat\u00e9es et assoiff\u00e9es. Gr\u00e2ce \u00e0 sa composition unique, le S\u00e9rum Masque Deep Sleep p\u00e9n\u00e8tre en profondeur\u2026","rel":"","context":"Similar post","block_context":{"text":"Similar post","link":""},"img":{"alt_text":"","src":"","width":0,"height":0},"classes":[]}],"_links":{"self":[{"href":"https:\/\/sakaba.mghosteur.com\/en\/wp-json\/wp\/v2\/product\/27508","targetHints":{"allow":["GET"]}}],"collection":[{"href":"https:\/\/sakaba.mghosteur.com\/en\/wp-json\/wp\/v2\/product"}],"about":[{"href":"https:\/\/sakaba.mghosteur.com\/en\/wp-json\/wp\/v2\/types\/product"}],"replies":[{"embeddable":true,"href":"https:\/\/sakaba.mghosteur.com\/en\/wp-json\/wp\/v2\/comments?post=27508"}],"version-history":[{"count":0,"href":"https:\/\/sakaba.mghosteur.com\/en\/wp-json\/wp\/v2\/product\/27508\/revisions"}],"wp:attachment":[{"href":"https:\/\/sakaba.mghosteur.com\/en\/wp-json\/wp\/v2\/media?parent=27508"}],"wp:term":[{"taxonomy":"product_brand","embeddable":true,"href":"https:\/\/sakaba.mghosteur.com\/en\/wp-json\/wp\/v2\/product_brand?post=27508"},{"taxonomy":"product_cat","embeddable":true,"href":"https:\/\/sakaba.mghosteur.com\/en\/wp-json\/wp\/v2\/product_cat?post=27508"},{"taxonomy":"product_tag","embeddable":true,"href":"https:\/\/sakaba.mghosteur.com\/en\/wp-json\/wp\/v2\/product_tag?post=27508"}],"curies":[{"name":"wp","href":"https:\/\/api.w.org\/{rel}","templated":true}]}}