{"id":27511,"date":"2022-11-29T13:23:10","date_gmt":"2022-11-29T13:23:10","guid":{"rendered":"http:\/\/www.sakababeauty.com\/?post_type=product&#038;p=27511"},"modified":"2022-11-29T13:23:10","modified_gmt":"2022-11-29T13:23:10","slug":"touch-bright-clear-cream","status":"publish","type":"product","link":"https:\/\/sakaba.mghosteur.com\/en\/product\/touch-bright-clear-cream\/","title":{"rendered":"TOUCH BRIGHT &#038; CLEAR CREAM"},"content":{"rendered":"","protected":false},"excerpt":{"rendered":"","protected":false},"featured_media":0,"comment_status":"closed","ping_status":"closed","template":"","meta":[],"product_brand":[],"product_cat":[377],"product_tag":[],"class_list":{"0":"post-27511","1":"product","2":"type-product","3":"status-publish","5":"product_cat-bath-body-works","7":"first","8":"instock","9":"shipping-taxable","10":"product-type-simple"},"jetpack-related-posts":[{"id":32420,"url":"https:\/\/sakaba.mghosteur.com\/en\/product\/sol-janeiro-bom-dia-bright-cream-75ml\/","url_meta":{"origin":27511,"position":0},"title":"SOL JANEIRO BOM DIA BRIGHT CREAM 75ML","author":"admin","date":"May 14, 2024","format":false,"excerpt":"D\u00e9couvrez la Cr\u00e8me hydratante BOM DIA de SOL DE JANEIRO, un soin corps retexturisant et nourrissant qui vous invite \u00e0 dire bonjour \u00e0 une peau \u00e9clatante ! Envelopp\u00e9e des notes envo\u00fbtantes de prune noire ambr\u00e9e et de bois vanill\u00e9s, cette cr\u00e8me luxueuse et intens\u00e9ment hydratante offre une exp\u00e9rience sensorielle incomparable.\u2026","rel":"","context":"Similar post","block_context":{"text":"Similar post","link":""},"img":{"alt_text":"","src":"","width":0,"height":0},"classes":[]},{"id":32423,"url":"https:\/\/sakaba.mghosteur.com\/en\/product\/sol-janeiro-bom-dia-bright-cream\/","url_meta":{"origin":27511,"position":1},"title":"SOL JANEIRO BOM DIA BRIGHT CREAM","author":"admin","date":"May 14, 2024","format":false,"excerpt":"D\u00e9couvrez la Cr\u00e8me hydratante BOM DIA de SOL DE JANEIRO, un soin corps retexturisant et nourrissant qui vous invite \u00e0 dire bonjour \u00e0 une peau \u00e9clatante ! Envelopp\u00e9e des notes envo\u00fbtantes de prune noire ambr\u00e9e et de bois vanill\u00e9s, cette cr\u00e8me luxueuse et intens\u00e9ment hydratante offre une exp\u00e9rience sensorielle incomparable.\u2026","rel":"","context":"Similar post","block_context":{"text":"Similar post","link":""},"img":{"alt_text":"","src":"","width":0,"height":0},"classes":[]},{"id":26562,"url":"https:\/\/sakaba.mghosteur.com\/en\/product\/pixi-coffret-best-of-bright\/","url_meta":{"origin":27511,"position":2},"title":"PIXI COFFRET  BEST OF BRIGHT","author":"admin","date":"November 25, 2022","format":false,"excerpt":"Obtenez un teint \u00e9clatant de sant\u00e9 avec le kit Best of Bright de PIXI. Il combine un nettoyant luxueux, un tonique exfoliant et un masque \u00e0 la boue inspir\u00e9 du visage. Le trio agit ensemble pour restaurer un teint doux et lisse au toucher avec une clart\u00e9 accrue. Le kit\u2026","rel":"","context":"Similar post","block_context":{"text":"Similar post","link":""},"img":{"alt_text":"","src":"","width":0,"height":0},"classes":[]},{"id":33274,"url":"https:\/\/sakaba.mghosteur.com\/en\/product\/eos-shea-better-sensitive-shave-cream-cream-colloidal\/","url_meta":{"origin":27511,"position":3},"title":"EOS SHEA BETTER SENSITIVE SHAVE CREAM CREAM COLLOIDAL","author":"admin","date":"May 20, 2024","format":false,"excerpt":"Sans parfum. Sans produits nocifs. Sans irritation. La cr\u00e8me de rasage apaisante et r\u00e9confortante pour peaux sensibles est sans parfum et contient de l'huile de karit\u00e9 hydratante instantan\u00e9e et du beurre de karit\u00e9 protecteur longue dur\u00e9e pour une hydratation incroyable de 24 heures et un confort cutan\u00e9 durable, m\u00eame pour\u2026","rel":"","context":"Similar post","block_context":{"text":"Similar post","link":""},"img":{"alt_text":"","src":"","width":0,"height":0},"classes":[]},{"id":31975,"url":"https:\/\/sakaba.mghosteur.com\/en\/product\/cerave-moisturizing-cream-453g-2\/","url_meta":{"origin":27511,"position":4},"title":"CERAVE MOISTURIZING CREAM 453G","author":"admin","date":"May 13, 2024","format":false,"excerpt":"La cr\u00e8me hydratante CeraVe est une cr\u00e8me sans parfum et non com\u00e9dog\u00e8ne qui convient \u00e0 tous les types de peau, y compris celles qui souffrent d'ecz\u00e9ma. Elle contient de l'acide hyaluronique et trois c\u00e9ramides diff\u00e9rents pour hydrater et retenir l'humidit\u00e9. La cr\u00e8me contient \u00e9galement de la glyc\u00e9rine, un humectant qui\u2026","rel":"","context":"Similar post","block_context":{"text":"Similar post","link":""},"img":{"alt_text":"","src":"","width":0,"height":0},"classes":[]},{"id":27212,"url":"https:\/\/sakaba.mghosteur.com\/en\/product\/olay-regenerist-regenerating-cream-cleanser\/","url_meta":{"origin":27511,"position":5},"title":"Olay Regenerist Regenerating Cream Cleanser","author":"admin","date":"November 29, 2022","format":false,"excerpt":"Offrez \u00e0 votre peau un suppl\u00e9ment de pouvoir nettoyant et de fra\u00eecheur au toucher, matin et soir. D\u00e9couvrez la cr\u00e8me nettoyante r\u00e9g\u00e9n\u00e9rante pour le visage Olay Regenerist, une formule riche qui exfolie, r\u00e9g\u00e9n\u00e8re et lisse la texture de la peau. Ce nettoyant pour le visage nettoie en profondeur tout en\u2026","rel":"","context":"Similar post","block_context":{"text":"Similar post","link":""},"img":{"alt_text":"","src":"","width":0,"height":0},"classes":[]}],"_links":{"self":[{"href":"https:\/\/sakaba.mghosteur.com\/en\/wp-json\/wp\/v2\/product\/27511","targetHints":{"allow":["GET"]}}],"collection":[{"href":"https:\/\/sakaba.mghosteur.com\/en\/wp-json\/wp\/v2\/product"}],"about":[{"href":"https:\/\/sakaba.mghosteur.com\/en\/wp-json\/wp\/v2\/types\/product"}],"replies":[{"embeddable":true,"href":"https:\/\/sakaba.mghosteur.com\/en\/wp-json\/wp\/v2\/comments?post=27511"}],"version-history":[{"count":0,"href":"https:\/\/sakaba.mghosteur.com\/en\/wp-json\/wp\/v2\/product\/27511\/revisions"}],"wp:attachment":[{"href":"https:\/\/sakaba.mghosteur.com\/en\/wp-json\/wp\/v2\/media?parent=27511"}],"wp:term":[{"taxonomy":"product_brand","embeddable":true,"href":"https:\/\/sakaba.mghosteur.com\/en\/wp-json\/wp\/v2\/product_brand?post=27511"},{"taxonomy":"product_cat","embeddable":true,"href":"https:\/\/sakaba.mghosteur.com\/en\/wp-json\/wp\/v2\/product_cat?post=27511"},{"taxonomy":"product_tag","embeddable":true,"href":"https:\/\/sakaba.mghosteur.com\/en\/wp-json\/wp\/v2\/product_tag?post=27511"}],"curies":[{"name":"wp","href":"https:\/\/api.w.org\/{rel}","templated":true}]}}