{"id":27514,"date":"2022-11-29T13:26:13","date_gmt":"2022-11-29T13:26:13","guid":{"rendered":"http:\/\/www.sakababeauty.com\/?post_type=product&#038;p=27514"},"modified":"2024-08-07T20:55:04","modified_gmt":"2024-08-07T20:55:04","slug":"tropicals-exfoliating-body-serum","status":"publish","type":"product","link":"https:\/\/sakaba.mghosteur.com\/en\/product\/tropicals-exfoliating-body-serum\/","title":{"rendered":"TOPICALS EXFOLIATING BODY SERUM"},"content":{"rendered":"<p>Le Slather Body Serum est un hydratant laiteux exfoliant pour le corps qui traite la rugosit\u00e9 visible et les plaques s\u00e8ches de la peau. Avec des ingr\u00e9dients actifs tels que le r\u00e9tinol, le squalane et les AHA, il exfolie les peaux mortes et les pores obstru\u00e9s pour r\u00e9v\u00e9ler une peau douce et lisse au toucher. De plus, il est sans odeur, id\u00e9al pour ceux qui pr\u00e9f\u00e8rent \u00e9viter les parfums forts.<\/p>","protected":false},"excerpt":{"rendered":"<p>Le Slather Body Serum est un hydratant laiteux exfoliant pour le corps qui traite la rugosit\u00e9 visible et les plaques s\u00e8ches de la peau. Avec des ingr\u00e9dients actifs tels que le r\u00e9tinol, le squalane et les AHA, il exfolie les peaux mortes et les pores obstru\u00e9s pour r\u00e9v\u00e9ler une peau douce et lisse au toucher.<span class=\"read-more-faq\"><a href=\"https:\/\/sakaba.mghosteur.com\/en\/product\/tropicals-exfoliating-body-serum\/\">Read More<\/a><\/span><\/p>","protected":false},"featured_media":0,"comment_status":"closed","ping_status":"closed","template":"","meta":[],"product_brand":[],"product_cat":[447,291,1061],"product_tag":[],"class_list":{"0":"post-27514","1":"product","2":"type-product","3":"status-publish","5":"product_cat-aac-bain-et-corps","6":"product_cat-eclaircissant","7":"product_cat-lait-huile_corporelle","9":"first","10":"instock","11":"shipping-taxable","12":"product-type-simple"},"jetpack-related-posts":[{"id":30184,"url":"https:\/\/sakaba.mghosteur.com\/en\/product\/necessaire-the-body-serum\/","url_meta":{"origin":27514,"position":0},"title":"NECESSAIRE THE BODY SERUM","author":"admin","date":"May 4, 2023","format":false,"excerpt":"Le Body Serum de la marque N\u00e9cessaire\u2122 est un soin pour la peau quotidien \u00e0 base d'Acide Hyaluronique. Ce s\u00e9rum pour le corps est con\u00e7u pour r\u00e9hydrater la peau en profondeur gr\u00e2ce \u00e0 sa formule \u00e0 absorption rapide et \u00e0 ses cinq (5) poids mol\u00e9culaires d'acide hyaluronique qui offrent une\u2026","rel":"","context":"Similar post","block_context":{"text":"Similar post","link":""},"img":{"alt_text":"","src":"","width":0,"height":0},"classes":[]},{"id":30325,"url":"https:\/\/sakaba.mghosteur.com\/en\/product\/naturium-the-purifier-niacinamide-serum-body-wash-free-fragrance\/","url_meta":{"origin":27514,"position":1},"title":"NATURIUM THE PURIFIER NIACINAMIDE SERUM BODY WASH FREE FRAGRANCE","author":"admin","date":"May 8, 2023","format":false,"excerpt":"Le s\u00e9rum nettoyant corporel est un gel douche sensoriel qui se transforme en une mousse laiteuse luxueuse pour un nettoyage efficace et revitalisant de la peau, sans agresser. Contenant 2% de niacinamide pur, il aide \u00e0 \u00e9quilibrer la peau tout en r\u00e9tablissant une hydratation essentielle, ce qui laisse la peau\u2026","rel":"","context":"Similar post","block_context":{"text":"Similar post","link":""},"img":{"alt_text":"","src":"","width":0,"height":0},"classes":[]},{"id":30290,"url":"https:\/\/sakaba.mghosteur.com\/en\/product\/necessaire-the-body-retinol\/","url_meta":{"origin":27514,"position":2},"title":"NECESSAIRE The Body Retinol","author":"admin","date":"May 8, 2023","format":false,"excerpt":"D\u00e9couvrez le Body Retinol de la marque Necessaire, un s\u00e9rum r\u00e9parateur qui aide \u00e0 am\u00e9liorer l'apparence de votre peau. Infus\u00e9 avec 0,1 % de r\u00e9tinol pur encapsul\u00e9, ce produit est con\u00e7u pour r\u00e9parer et pr\u00e9venir les signes de vieillissement tels que les rides, les taches et les cicatrices. Ce s\u00e9rum\u2026","rel":"","context":"Similar post","block_context":{"text":"Similar post","link":""},"img":{"alt_text":"","src":"","width":0,"height":0},"classes":[]},{"id":29249,"url":"https:\/\/sakaba.mghosteur.com\/en\/product\/good-molecules-hyaluronic-acid-serum\/","url_meta":{"origin":27514,"position":3},"title":"GOOD MOLECULES HYALURONIC ACID SERUM","author":"admin","date":"March 21, 2023","format":false,"excerpt":"Le s\u00e9rum acide hyaluronique de Good Molecules est un produit incontournable pour une peau bien hydrat\u00e9e. Sa formule l\u00e9g\u00e8re attire l'humidit\u00e9 vers la peau pour une hydratation longue dur\u00e9e, offrant une apparence lisse et souple. Ce produit est disponible en format de 30 ml\/1 oz, est v\u00e9g\u00e9talien, sans gluten, sans\u2026","rel":"","context":"Similar post","block_context":{"text":"Similar post","link":""},"img":{"alt_text":"","src":"","width":0,"height":0},"classes":[]},{"id":27402,"url":"https:\/\/sakaba.mghosteur.com\/en\/product\/the-inkey-list-alpha-arbutin-2\/","url_meta":{"origin":27514,"position":4},"title":"THE INKEY LIST ALPHA ARBUTIN","author":"admin","date":"November 29, 2022","format":false,"excerpt":"Le s\u00e9rum Alpha Arbutine de la marque The Inkey List est un v\u00e9ritable concentr\u00e9 d'efficacit\u00e9 pour retrouver une peau \u00e9clatante et un teint uniforme. Avec sa formule concentr\u00e9e \u00e0 2% d'alpha arbutine, ce s\u00e9rum est sp\u00e9cialement con\u00e7u pour r\u00e9duire l'apparence de l'hyperpigmentation et des taches brunes sur la peau. Gr\u00e2ce\u2026","rel":"","context":"Similar post","block_context":{"text":"Similar post","link":""},"img":{"alt_text":"","src":"","width":0,"height":0},"classes":[]},{"id":27277,"url":"https:\/\/sakaba.mghosteur.com\/en\/product\/good-molecules-daily-brightening-serum\/","url_meta":{"origin":27514,"position":5},"title":"GOOD MOLECULES DAILY  BRIGHTENING SERUM","author":"admin","date":"November 29, 2022","format":false,"excerpt":"Ce s\u00e9rum est facile \u00e0 int\u00e9grer \u00e0 votre routine de soins de la peau quotidienne, en appliquant simplement quelques gouttes sur votre visage et en massant doucement. Convient \u00e0 tous les types de peau. Avec une utilisation r\u00e9guli\u00e8re, vous pouvez vous attendre \u00e0 une peau plus lumineuse, plus lisse et\u2026","rel":"","context":"Similar post","block_context":{"text":"Similar post","link":""},"img":{"alt_text":"","src":"","width":0,"height":0},"classes":[]}],"_links":{"self":[{"href":"https:\/\/sakaba.mghosteur.com\/en\/wp-json\/wp\/v2\/product\/27514","targetHints":{"allow":["GET"]}}],"collection":[{"href":"https:\/\/sakaba.mghosteur.com\/en\/wp-json\/wp\/v2\/product"}],"about":[{"href":"https:\/\/sakaba.mghosteur.com\/en\/wp-json\/wp\/v2\/types\/product"}],"replies":[{"embeddable":true,"href":"https:\/\/sakaba.mghosteur.com\/en\/wp-json\/wp\/v2\/comments?post=27514"}],"version-history":[{"count":0,"href":"https:\/\/sakaba.mghosteur.com\/en\/wp-json\/wp\/v2\/product\/27514\/revisions"}],"wp:attachment":[{"href":"https:\/\/sakaba.mghosteur.com\/en\/wp-json\/wp\/v2\/media?parent=27514"}],"wp:term":[{"taxonomy":"product_brand","embeddable":true,"href":"https:\/\/sakaba.mghosteur.com\/en\/wp-json\/wp\/v2\/product_brand?post=27514"},{"taxonomy":"product_cat","embeddable":true,"href":"https:\/\/sakaba.mghosteur.com\/en\/wp-json\/wp\/v2\/product_cat?post=27514"},{"taxonomy":"product_tag","embeddable":true,"href":"https:\/\/sakaba.mghosteur.com\/en\/wp-json\/wp\/v2\/product_tag?post=27514"}],"curies":[{"name":"wp","href":"https:\/\/api.w.org\/{rel}","templated":true}]}}