{"id":27517,"date":"2022-11-29T13:28:59","date_gmt":"2022-11-29T13:28:59","guid":{"rendered":"http:\/\/www.sakababeauty.com\/?post_type=product&#038;p=27517"},"modified":"2024-08-07T20:53:27","modified_gmt":"2024-08-07T20:53:27","slug":"hydrating-soothing-mist-brume-hydratante","status":"publish","type":"product","link":"https:\/\/sakaba.mghosteur.com\/en\/product\/hydrating-soothing-mist-brume-hydratante\/","title":{"rendered":"HYDRATING &amp; SOOTHING MIST BRUME HYDRATANTE"},"content":{"rendered":"<p>D\u00e9couvrez &#8220;Comme la brume au beurre&#8221; de la marque TOPICALS &#8211; une brume corporelle apaisante pour tous vos besoins de peau. Avec des plantes puissantes, cette brume apaise les coups de soleil, les \u00e9ruptions cutan\u00e9es, les frottements et m\u00eame les peaux s\u00e8ches du corps. Obtenez une peau incroyablement douce qui est comme du beurre avec cette brume apaisante \u00e0 360 degr\u00e9s. Convient \u00e9galement aux personnes souffrant d&#8217;ecz\u00e9ma.<\/p>","protected":false},"excerpt":{"rendered":"<p>D\u00e9couvrez &#8220;Comme la brume au beurre&#8221; de la marque TOPICALS &#8211; une brume corporelle apaisante pour tous vos besoins de peau. Avec des plantes puissantes, cette brume apaise les coups de soleil, les \u00e9ruptions cutan\u00e9es, les frottements et m\u00eame les peaux s\u00e8ches du corps. Obtenez une peau incroyablement douce qui est comme du beurre avec<span class=\"read-more-faq\"><a href=\"https:\/\/sakaba.mghosteur.com\/en\/product\/hydrating-soothing-mist-brume-hydratante\/\">Read More<\/a><\/span><\/p>","protected":false},"featured_media":0,"comment_status":"closed","ping_status":"closed","template":"","meta":[],"product_brand":[],"product_cat":[447,1061,388],"product_tag":[],"class_list":{"0":"post-27517","1":"product","2":"type-product","3":"status-publish","5":"product_cat-aac-bain-et-corps","6":"product_cat-lait-huile_corporelle","7":"product_cat-peaux-seches","9":"first","10":"instock","11":"shipping-taxable","12":"product-type-simple"},"jetpack-related-posts":[{"id":27568,"url":"https:\/\/sakaba.mghosteur.com\/en\/product\/brightening-clearing-brume-illuminant-et-purifiant-le-teint\/","url_meta":{"origin":27517,"position":0},"title":"BRIGHTENING &amp;CLEARING BRUME ILLUMINANT ET PURIFIANT LE TEINT","author":"admin","date":"November 29, 2022","format":false,"excerpt":"Dites adieu aux taches tenaces sur votre corps avec FADED | BRIGHTENING & CLEARING MIST de la marque TOPICALS. Cette brume corporelle d\u00e9licate est sp\u00e9cialement con\u00e7ue pour estomper l'apparence des cicatrices, des marques et des taches sombres, tout en laissant votre peau lisse et unifi\u00e9e. Profitez de l'odeur apaisante du\u2026","rel":"","context":"Similar post","block_context":{"text":"Similar post","link":""},"img":{"alt_text":"","src":"","width":0,"height":0},"classes":[]},{"id":30358,"url":"https:\/\/sakaba.mghosteur.com\/en\/product\/neutrogena-rainbath-bath-gel-ocean-mist\/","url_meta":{"origin":27517,"position":1},"title":"NEUTROGENA RAINBATH BATH GEL OCEAN MIST","author":"admin","date":"May 9, 2023","format":false,"excerpt":"D\u00e9couvrez le gel douche et bain Neutrogena Rainbath Reconstituant \u00e0 la Brume Oc\u00e9ane, qui vous permet de r\u00e9g\u00e9n\u00e9rer l'apparence de votre peau chaque matin. Ce gel douche au parfum frais de brume oc\u00e9anique tropicale \u00e9veille vos sens et laisse votre peau se sentir renouvel\u00e9e. Sa mousse riche et cr\u00e9meuse se\u2026","rel":"","context":"Similar post","block_context":{"text":"Similar post","link":""},"img":{"alt_text":"","src":"","width":0,"height":0},"classes":[]},{"id":31903,"url":"https:\/\/sakaba.mghosteur.com\/en\/product\/aveeno-daily-moisturizing-body-oil-mist\/","url_meta":{"origin":27517,"position":2},"title":"AVEENO DAILY MOISTURIZING BODY OIL MIST","author":"admin","date":"May 10, 2024","format":false,"excerpt":"Profitez d\u2019une peau plus lisse et plus uniforme en une semaine gr\u00e2ce \u00e0 cette brume d\u2019huile hydratante. Ce spray d'huile corporelle contient 98 % d'ingr\u00e9dients d'origine naturelle*. Avec de l'huile d'avoine et de l'huile de jojoba, cette brume d'huile nourrit et revitalise la peau rugueuse, sensible et s\u00e8che. La brume\u2026","rel":"","context":"Similar post","block_context":{"text":"Similar post","link":""},"img":{"alt_text":"","src":"","width":0,"height":0},"classes":[]},{"id":31593,"url":"https:\/\/sakaba.mghosteur.com\/en\/product\/cosrx-centella-water-alcohol-free-toner\/","url_meta":{"origin":27517,"position":3},"title":"COSRX CENTELLA WATER ALCOHOL FREE TONER","author":"admin","date":"May 10, 2024","format":false,"excerpt":"Centella Water Alcohol-Free Toner Pour une peau apais\u00e9e et hydrat\u00e9e ! Une solution parfaite pour les propri\u00e9taires de peau sensible. Ce tonique aqueux, pr\u00e9sent\u00e9 sous forme de spray, est sp\u00e9cialement con\u00e7u pour soulager les peaux irrit\u00e9es et sensibles, tout en r\u00e9duisant les rougeurs. Sa liste d'ingr\u00e9dients courte et simple exclut\u2026","rel":"","context":"Similar post","block_context":{"text":"Similar post","link":""},"img":{"alt_text":"","src":"","width":0,"height":0},"classes":[]},{"id":32055,"url":"https:\/\/sakaba.mghosteur.com\/en\/product\/victoria-secret-almond-blossom-oat-milk\/","url_meta":{"origin":27517,"position":4},"title":"VICTORIA SECRET ALMOND BLOSSOM OAT MILK","author":"admin","date":"May 13, 2024","format":false,"excerpt":"La Brume parfum\u00e9e corps Natural Beauty Almond Blossom & Oat Milk est le nouveau rituel beaut\u00e9 pour votre corps. R\u00e9veillez vos sens avec notre brume parfum\u00e9e rafra\u00eechissante. Vaporisez-en une touche pour vous mettre de bonne humeur et sentir bon de la t\u00eate aux pieds. Laissez-vous envo\u00fbter par l'odeur du lait\u2026","rel":"","context":"Similar post","block_context":{"text":"Similar post","link":""},"img":{"alt_text":"","src":"","width":0,"height":0},"classes":[]},{"id":32411,"url":"https:\/\/sakaba.mghosteur.com\/en\/product\/sol-janeiro-beija-flor-jet-set\/","url_meta":{"origin":27517,"position":5},"title":"SOL JANEIRO BEIJA FLOR JET SET","author":"admin","date":"May 14, 2024","format":false,"excerpt":"Ce coffret propose une s\u00e9lection soigneusement choisie de produits de soin, id\u00e9aux pour chouchouter votre peau. Il comprend : Gel Douche R\u00e9g\u00e9n\u00e9rant Beija Flor (90ml) : Offrez \u00e0 votre peau une exp\u00e9rience revitalisante avec ce gel douche. Sa formule cr\u00e9meuse se transforme en une mousse onctueuse, laissant votre peau hydrat\u00e9e\u2026","rel":"","context":"Similar post","block_context":{"text":"Similar post","link":""},"img":{"alt_text":"","src":"","width":0,"height":0},"classes":[]}],"_links":{"self":[{"href":"https:\/\/sakaba.mghosteur.com\/en\/wp-json\/wp\/v2\/product\/27517","targetHints":{"allow":["GET"]}}],"collection":[{"href":"https:\/\/sakaba.mghosteur.com\/en\/wp-json\/wp\/v2\/product"}],"about":[{"href":"https:\/\/sakaba.mghosteur.com\/en\/wp-json\/wp\/v2\/types\/product"}],"replies":[{"embeddable":true,"href":"https:\/\/sakaba.mghosteur.com\/en\/wp-json\/wp\/v2\/comments?post=27517"}],"version-history":[{"count":0,"href":"https:\/\/sakaba.mghosteur.com\/en\/wp-json\/wp\/v2\/product\/27517\/revisions"}],"wp:attachment":[{"href":"https:\/\/sakaba.mghosteur.com\/en\/wp-json\/wp\/v2\/media?parent=27517"}],"wp:term":[{"taxonomy":"product_brand","embeddable":true,"href":"https:\/\/sakaba.mghosteur.com\/en\/wp-json\/wp\/v2\/product_brand?post=27517"},{"taxonomy":"product_cat","embeddable":true,"href":"https:\/\/sakaba.mghosteur.com\/en\/wp-json\/wp\/v2\/product_cat?post=27517"},{"taxonomy":"product_tag","embeddable":true,"href":"https:\/\/sakaba.mghosteur.com\/en\/wp-json\/wp\/v2\/product_tag?post=27517"}],"curies":[{"name":"wp","href":"https:\/\/api.w.org\/{rel}","templated":true}]}}