{"id":27520,"date":"2022-11-29T13:32:04","date_gmt":"2022-11-29T13:32:04","guid":{"rendered":"http:\/\/www.sakababeauty.com\/?post_type=product&#038;p=27520"},"modified":"2024-08-07T20:58:20","modified_gmt":"2024-08-07T20:58:20","slug":"topicals-hydrating-mask-like-butter","status":"publish","type":"product","link":"https:\/\/sakaba.mghosteur.com\/en\/product\/topicals-hydrating-mask-like-butter\/","title":{"rendered":"TOPICALS HYDRATING MASK LIKE BUTTER"},"content":{"rendered":"<p>D\u00e9couvrez le produit Comme le beurre hydratant de la marque TOPICALS, un hydratant quotidien suraliment\u00e9 avec 1 % d&#8217;avoine collo\u00efdale. Il est cliniquement prouv\u00e9 pour cibler la s\u00e9cheresse extr\u00eame et les peaux sujettes \u00e0 l&#8217;ecz\u00e9ma. Utilisez ce produit pour renforcer la barri\u00e8re cutan\u00e9e et augmenter le TLC pour les peaux chroniquement s\u00e8ches et sensibles. Gr\u00e2ce \u00e0 ce produit, votre peau sera hydrat\u00e9e instantan\u00e9ment et les sympt\u00f4mes de l&#8217;ecz\u00e9ma seront att\u00e9nu\u00e9s. Avec une utilisation continue, vous remarquerez une am\u00e9lioration des plaques s\u00e8ches et des rougeurs en seulement 2 \u00e0 4 semaines. La barri\u00e8re cutan\u00e9e sera renforc\u00e9e et les pouss\u00e9es d&#8217;ecz\u00e9ma peuvent devenir moins fr\u00e9quentes et moins douloureuses. Essayez d\u00e8s maintenant le produit Comme le beurre hydratant pour une peau douce et lisse comme du beurre.<\/p>","protected":false},"excerpt":{"rendered":"<p>D\u00e9couvrez le produit Comme le beurre hydratant de la marque TOPICALS, un hydratant quotidien suraliment\u00e9 avec 1 % d&#8217;avoine collo\u00efdale. Il est cliniquement prouv\u00e9 pour cibler la s\u00e9cheresse extr\u00eame et les peaux sujettes \u00e0 l&#8217;ecz\u00e9ma. Utilisez ce produit pour renforcer la barri\u00e8re cutan\u00e9e et augmenter le TLC pour les peaux chroniquement s\u00e8ches et sensibles. Gr\u00e2ce<span class=\"read-more-faq\"><a href=\"https:\/\/sakaba.mghosteur.com\/en\/product\/topicals-hydrating-mask-like-butter\/\">Read More<\/a><\/span><\/p>","protected":false},"featured_media":0,"comment_status":"closed","ping_status":"closed","template":"","meta":[],"product_brand":[],"product_cat":[388,451,334],"product_tag":[],"class_list":{"0":"post-27520","1":"product","2":"type-product","3":"status-publish","5":"product_cat-peaux-seches","6":"product_cat-aab-soin-du-visage","7":"product_cat-traitement-serum","9":"first","10":"instock","11":"shipping-taxable","12":"product-type-simple"},"jetpack-related-posts":[{"id":27517,"url":"https:\/\/sakaba.mghosteur.com\/en\/product\/hydrating-soothing-mist-brume-hydratante\/","url_meta":{"origin":27520,"position":0},"title":"HYDRATING &amp; SOOTHING MIST BRUME HYDRATANTE","author":"admin","date":"November 29, 2022","format":false,"excerpt":"D\u00e9couvrez \"Comme la brume au beurre\" de la marque TOPICALS - une brume corporelle apaisante pour tous vos besoins de peau. Avec des plantes puissantes, cette brume apaise les coups de soleil, les \u00e9ruptions cutan\u00e9es, les frottements et m\u00eame les peaux s\u00e8ches du corps. Obtenez une peau incroyablement douce qui\u2026","rel":"","context":"Similar post","block_context":{"text":"Similar post","link":""},"img":{"alt_text":"","src":"","width":0,"height":0},"classes":[]},{"id":34195,"url":"https:\/\/sakaba.mghosteur.com\/en\/product\/first-aid-beauty-ultra-repair-cream-intense-6oz\/","url_meta":{"origin":27520,"position":1},"title":"FIRST AID BEAUTY ULTRA REPAIR CREAM INTENSE 6OZ","author":"admin","date":"May 27, 2024","format":false,"excerpt":"La cr\u00e8me Ultra Repair Intense Hydration est un hydratant prim\u00e9 qui soulage instantan\u00e9ment la peau s\u00e8che et en d\u00e9tresse et l'ecz\u00e9ma. Renforce la barri\u00e8re cutan\u00e9e en seulement 7 jours pour une peau calme et confortable. Formule de cr\u00e8me hydratante riche \u00e0 absorption rapide con\u00e7ue pour le visage et le corps\u2026","rel":"","context":"Similar post","block_context":{"text":"Similar post","link":""},"img":{"alt_text":"","src":"","width":0,"height":0},"classes":[]},{"id":34198,"url":"https:\/\/sakaba.mghosteur.com\/en\/product\/first-aid-beauty-ultra-repair-cream-intense-hydrat\/","url_meta":{"origin":27520,"position":2},"title":"FIRST AID BEAUTY ULTRA REPAIR CREAM INTENSE HYDRATION","author":"admin","date":"May 27, 2024","format":false,"excerpt":"Cette cr\u00e8me hydratante prim\u00e9e soulage instantan\u00e9ment la peau s\u00e8che et irrit\u00e9e ainsi que l'ecz\u00e9ma, et renforce la barri\u00e8re cutan\u00e9e en 7 jours pour une peau calme et confortable. La formule hydratante riche \u00e0 absorption rapide est compos\u00e9e d'avoine collo\u00efdale, un ingr\u00e9dient protecteur de la peau et barri\u00e8re qui traite l'ecz\u00e9ma\u2026","rel":"","context":"Similar post","block_context":{"text":"Similar post","link":""},"img":{"alt_text":"","src":"","width":0,"height":0},"classes":[]},{"id":29381,"url":"https:\/\/sakaba.mghosteur.com\/en\/product\/tropicals-duo\/","url_meta":{"origin":27520,"position":3},"title":"TOPICALS DUO","author":"admin","date":"April 3, 2023","format":false,"excerpt":"D\u00e9couvrez DUO de la marque TOPICALS pour r\u00e9soudre vos probl\u00e8mes de peau s\u00e8che et d'hyperpigmentation. Le duo comprend le s\u00e9rum Faded et l'hydratant quotidien Like Butter. Le s\u00e9rum Faded est notre produit le plus vendu, con\u00e7u pour cibler les taches brunes et l'hyperpigmentation. Like Butter, quant \u00e0 lui, est un\u2026","rel":"","context":"Similar post","block_context":{"text":"Similar post","link":""},"img":{"alt_text":"","src":"","width":0,"height":0},"classes":[]},{"id":24422,"url":"https:\/\/sakaba.mghosteur.com\/en\/product\/palmers-heals-softens-daily-skin-therapy\/","url_meta":{"origin":27520,"position":4},"title":"PALMERS HEALS SOFTENS DAILY SKIN THERAPY","author":"admin","date":"November 10, 2022","format":false,"excerpt":"Dites adieu \u00e0 la peau s\u00e8che et rugueuse avec la Th\u00e9rapie quotidienne de la peau de Palmer's. Cette lotion corporelle est formul\u00e9e avec du beurre de cacao naturel et de la vitamine E pour hydrater intens\u00e9ment votre peau, la laissant d'apparence plus saine en seulement 48 heures. Notre produit est\u2026","rel":"","context":"Similar post","block_context":{"text":"Similar post","link":""},"img":{"alt_text":"","src":"","width":0,"height":0},"classes":[]},{"id":29005,"url":"https:\/\/sakaba.mghosteur.com\/en\/product\/1-hydrocortisone-anti-itch-cream\/","url_meta":{"origin":27520,"position":5},"title":"1% HYDROCORTISONE ANTI-ITCH CREAM","author":"admin","date":"March 9, 2023","format":false,"excerpt":"La cr\u00e8me anti-d\u00e9mangeaisons \u00e0 l'hydrocortisone de CeraVe est un traitement efficace pour soulager les d\u00e9mangeaisons caus\u00e9es par l'ecz\u00e9ma, les petites \u00e9ruptions cutan\u00e9es et les piq\u00fbres d'insectes mineures. Sa formule contient 1% d'hydrocortisone, la concentration maximale disponible sans ordonnance, ainsi que trois c\u00e9ramides essentiels pour aider \u00e0 restaurer la barri\u00e8re protectrice\u2026","rel":"","context":"Similar post","block_context":{"text":"Similar post","link":""},"img":{"alt_text":"","src":"","width":0,"height":0},"classes":[]}],"_links":{"self":[{"href":"https:\/\/sakaba.mghosteur.com\/en\/wp-json\/wp\/v2\/product\/27520","targetHints":{"allow":["GET"]}}],"collection":[{"href":"https:\/\/sakaba.mghosteur.com\/en\/wp-json\/wp\/v2\/product"}],"about":[{"href":"https:\/\/sakaba.mghosteur.com\/en\/wp-json\/wp\/v2\/types\/product"}],"replies":[{"embeddable":true,"href":"https:\/\/sakaba.mghosteur.com\/en\/wp-json\/wp\/v2\/comments?post=27520"}],"version-history":[{"count":0,"href":"https:\/\/sakaba.mghosteur.com\/en\/wp-json\/wp\/v2\/product\/27520\/revisions"}],"wp:attachment":[{"href":"https:\/\/sakaba.mghosteur.com\/en\/wp-json\/wp\/v2\/media?parent=27520"}],"wp:term":[{"taxonomy":"product_brand","embeddable":true,"href":"https:\/\/sakaba.mghosteur.com\/en\/wp-json\/wp\/v2\/product_brand?post=27520"},{"taxonomy":"product_cat","embeddable":true,"href":"https:\/\/sakaba.mghosteur.com\/en\/wp-json\/wp\/v2\/product_cat?post=27520"},{"taxonomy":"product_tag","embeddable":true,"href":"https:\/\/sakaba.mghosteur.com\/en\/wp-json\/wp\/v2\/product_tag?post=27520"}],"curies":[{"name":"wp","href":"https:\/\/api.w.org\/{rel}","templated":true}]}}