{"id":27526,"date":"2022-11-29T13:34:49","date_gmt":"2022-11-29T13:34:49","guid":{"rendered":"http:\/\/www.sakababeauty.com\/?post_type=product&#038;p=27526"},"modified":"2022-11-29T13:34:50","modified_gmt":"2022-11-29T13:34:50","slug":"touch-glycolic-acid-toner","status":"publish","type":"product","link":"https:\/\/sakaba.mghosteur.com\/en\/product\/touch-glycolic-acid-toner\/","title":{"rendered":"TOUCH GLYCOLIC ACID TONER"},"content":{"rendered":"","protected":false},"excerpt":{"rendered":"","protected":false},"featured_media":0,"comment_status":"closed","ping_status":"closed","template":"","meta":[],"product_brand":[],"product_cat":[377],"product_tag":[],"class_list":{"0":"post-27526","1":"product","2":"type-product","3":"status-publish","5":"product_cat-bath-body-works","7":"first","8":"instock","9":"shipping-taxable","10":"product-type-simple"},"jetpack-related-posts":[{"id":33169,"url":"https:\/\/sakaba.mghosteur.com\/en\/product\/advanced-clinicals-10-glycolic-acid-toner\/","url_meta":{"origin":27526,"position":0},"title":"ADVANCED CLINICALS 10% GLYCOLIC ACID TONER","author":"admin","date":"May 20, 2024","format":false,"excerpt":"","rel":"","context":"Similar post","block_context":{"text":"Similar post","link":""},"img":{"alt_text":"","src":"","width":0,"height":0},"classes":[]},{"id":27236,"url":"https:\/\/sakaba.mghosteur.com\/en\/product\/good-molecules-glycolic-exfoliating-toner\/","url_meta":{"origin":27526,"position":1},"title":"GOOD MOLECULES GLYCOLIC EXFOLIATING TONER","author":"admin","date":"November 29, 2022","format":false,"excerpt":"Le tonique exfoliant glycolique est le produit qu'il vous faut pour une peau plus lisse et plus lumineuse. Gr\u00e2ce \u00e0 sa formule \u00e0 base d'acide glycolique et de ferment de galactomyces, ce traitement de resurfa\u00e7age doux permet d'exfolier en douceur la surface de la peau pour favoriser un teint plus\u2026","rel":"","context":"Similar post","block_context":{"text":"Similar post","link":""},"img":{"alt_text":"","src":"","width":0,"height":0},"classes":[]},{"id":33421,"url":"https:\/\/sakaba.mghosteur.com\/en\/product\/petterthomasroth-8-glycolic-solutions-toner\/","url_meta":{"origin":27526,"position":2},"title":"Petter Thomas Roth 8% GLYCOLIC SOLUTIONS TONER","author":"admin","date":"May 21, 2024","format":false,"excerpt":"","rel":"","context":"Similar post","block_context":{"text":"Similar post","link":""},"img":{"alt_text":"","src":"","width":0,"height":0},"classes":[]},{"id":27523,"url":"https:\/\/sakaba.mghosteur.com\/en\/product\/glycolic-acid-cleanser\/","url_meta":{"origin":27526,"position":3},"title":"GLYCOLIC ACID CLEANSER","author":"admin","date":"November 29, 2022","format":false,"excerpt":"","rel":"","context":"Similar post","block_context":{"text":"Similar post","link":""},"img":{"alt_text":"","src":"","width":0,"height":0},"classes":[]},{"id":26334,"url":"https:\/\/sakaba.mghosteur.com\/en\/product\/glycolic-acid-resurfacing-gel-10\/","url_meta":{"origin":27526,"position":4},"title":"GLYCOLIC ACID RESURFACING GEL 10%","author":"admin","date":"November 24, 2022","format":false,"excerpt":"","rel":"","context":"Similar post","block_context":{"text":"Similar post","link":""},"img":{"alt_text":"","src":"","width":0,"height":0},"classes":[]},{"id":27958,"url":"https:\/\/sakaba.mghosteur.com\/en\/product\/10-glycolic-lactic-acid\/","url_meta":{"origin":27526,"position":5},"title":"10% GLYCOLIC + LACTIC ACID","author":"admin","date":"November 29, 2022","format":false,"excerpt":"","rel":"","context":"Similar post","block_context":{"text":"Similar post","link":""},"img":{"alt_text":"","src":"","width":0,"height":0},"classes":[]}],"_links":{"self":[{"href":"https:\/\/sakaba.mghosteur.com\/en\/wp-json\/wp\/v2\/product\/27526","targetHints":{"allow":["GET"]}}],"collection":[{"href":"https:\/\/sakaba.mghosteur.com\/en\/wp-json\/wp\/v2\/product"}],"about":[{"href":"https:\/\/sakaba.mghosteur.com\/en\/wp-json\/wp\/v2\/types\/product"}],"replies":[{"embeddable":true,"href":"https:\/\/sakaba.mghosteur.com\/en\/wp-json\/wp\/v2\/comments?post=27526"}],"version-history":[{"count":0,"href":"https:\/\/sakaba.mghosteur.com\/en\/wp-json\/wp\/v2\/product\/27526\/revisions"}],"wp:attachment":[{"href":"https:\/\/sakaba.mghosteur.com\/en\/wp-json\/wp\/v2\/media?parent=27526"}],"wp:term":[{"taxonomy":"product_brand","embeddable":true,"href":"https:\/\/sakaba.mghosteur.com\/en\/wp-json\/wp\/v2\/product_brand?post=27526"},{"taxonomy":"product_cat","embeddable":true,"href":"https:\/\/sakaba.mghosteur.com\/en\/wp-json\/wp\/v2\/product_cat?post=27526"},{"taxonomy":"product_tag","embeddable":true,"href":"https:\/\/sakaba.mghosteur.com\/en\/wp-json\/wp\/v2\/product_tag?post=27526"}],"curies":[{"name":"wp","href":"https:\/\/api.w.org\/{rel}","templated":true}]}}