{"id":27530,"date":"2022-11-29T13:40:29","date_gmt":"2022-11-29T13:40:29","guid":{"rendered":"http:\/\/www.sakababeauty.com\/?post_type=product&#038;p=27530"},"modified":"2022-11-29T13:40:29","modified_gmt":"2022-11-29T13:40:29","slug":"touch-plant-collagen-moisturizer","status":"publish","type":"product","link":"https:\/\/sakaba.mghosteur.com\/en\/product\/touch-plant-collagen-moisturizer\/","title":{"rendered":"TOUCH PLANT COLLAGEN MOISTURIZER"},"content":{"rendered":"","protected":false},"excerpt":{"rendered":"","protected":false},"featured_media":0,"comment_status":"closed","ping_status":"closed","template":"","meta":[],"product_brand":[],"product_cat":[377],"product_tag":[],"class_list":{"0":"post-27530","1":"product","2":"type-product","3":"status-publish","5":"product_cat-bath-body-works","7":"first","8":"instock","9":"shipping-taxable","10":"product-type-simple"},"jetpack-related-posts":[{"id":31820,"url":"https:\/\/sakaba.mghosteur.com\/en\/product\/olay-regenerist-collagen-peptide-24-hydrating-moisturizer\/","url_meta":{"origin":27530,"position":0},"title":"OLAY Regenerist Collagen Peptide 24 Hydrating Moisturizer","author":"admin","date":"May 10, 2024","format":false,"excerpt":"Cette formule l\u00e9g\u00e8re p\u00e9n\u00e8tre rapidement et vous offre 24 heures d'hydratation sans laisser de sensation collante, grasse ou lourde. Elle est sp\u00e9cialement formul\u00e9e avec des ingr\u00e9dients \u00e9prouv\u00e9s, comme le peptide de collag\u00e8ne et la vitamine B3+, pour transformer l'apparence de votre peau.","rel":"","context":"Similar post","block_context":{"text":"Similar post","link":""},"img":{"alt_text":"","src":"","width":0,"height":0},"classes":[]},{"id":27560,"url":"https:\/\/sakaba.mghosteur.com\/en\/product\/touch-anti-aging-spf-30-moisturizer\/","url_meta":{"origin":27530,"position":1},"title":"TOUCH ANTI AGING SPF 30 MOISTURIZER","author":"admin","date":"November 29, 2022","format":false,"excerpt":"","rel":"","context":"Similar post","block_context":{"text":"Similar post","link":""},"img":{"alt_text":"","src":"","width":0,"height":0},"classes":[]},{"id":26609,"url":"https:\/\/sakaba.mghosteur.com\/en\/product\/fenty-skin-hydra-reset\/","url_meta":{"origin":27530,"position":2},"title":"FENTY SKIN HYDRA RESET","author":"admin","date":"November 28, 2022","format":false,"excerpt":"D\u00e9couvrez HYDRA\u2019RESET INTENSIVE RECOVERY GLYCERIN HAND MASK de la marque FENTY - le secret pour des mains douces comme des nuages. Ce masque pour les mains contient 40% de glyc\u00e9rine pour une hydratation en profondeur, des huiles de fruits et des extraits de plantes pour revitaliser les mains et leur\u2026","rel":"","context":"Similar post","block_context":{"text":"Similar post","link":""},"img":{"alt_text":"","src":"","width":0,"height":0},"classes":[]},{"id":24736,"url":"https:\/\/sakaba.mghosteur.com\/en\/product\/differen-moisturizer-oil-absorbing\/","url_meta":{"origin":27530,"position":3},"title":"DIFFEREN MOISTURIZER OIL ABSORBING","author":"admin","date":"November 10, 2022","format":false,"excerpt":"","rel":"","context":"Similar post","block_context":{"text":"Similar post","link":""},"img":{"alt_text":"","src":"","width":0,"height":0},"classes":[]},{"id":27022,"url":"https:\/\/sakaba.mghosteur.com\/en\/product\/hero-clairifying-prebiotic-moisturizer\/","url_meta":{"origin":27530,"position":4},"title":"HERO CLAIRIFYING PREBIOTIC MOISTURIZER","author":"admin","date":"November 28, 2022","format":false,"excerpt":"","rel":"","context":"Similar post","block_context":{"text":"Similar post","link":""},"img":{"alt_text":"","src":"","width":0,"height":0},"classes":[]},{"id":27080,"url":"https:\/\/sakaba.mghosteur.com\/en\/product\/lotus-youth-preserve-moisturizer\/","url_meta":{"origin":27530,"position":5},"title":"LOTUS YOUTH PRESERVE MOISTURIZER","author":"admin","date":"November 28, 2022","format":false,"excerpt":"","rel":"","context":"Similar post","block_context":{"text":"Similar post","link":""},"img":{"alt_text":"","src":"","width":0,"height":0},"classes":[]}],"_links":{"self":[{"href":"https:\/\/sakaba.mghosteur.com\/en\/wp-json\/wp\/v2\/product\/27530","targetHints":{"allow":["GET"]}}],"collection":[{"href":"https:\/\/sakaba.mghosteur.com\/en\/wp-json\/wp\/v2\/product"}],"about":[{"href":"https:\/\/sakaba.mghosteur.com\/en\/wp-json\/wp\/v2\/types\/product"}],"replies":[{"embeddable":true,"href":"https:\/\/sakaba.mghosteur.com\/en\/wp-json\/wp\/v2\/comments?post=27530"}],"version-history":[{"count":0,"href":"https:\/\/sakaba.mghosteur.com\/en\/wp-json\/wp\/v2\/product\/27530\/revisions"}],"wp:attachment":[{"href":"https:\/\/sakaba.mghosteur.com\/en\/wp-json\/wp\/v2\/media?parent=27530"}],"wp:term":[{"taxonomy":"product_brand","embeddable":true,"href":"https:\/\/sakaba.mghosteur.com\/en\/wp-json\/wp\/v2\/product_brand?post=27530"},{"taxonomy":"product_cat","embeddable":true,"href":"https:\/\/sakaba.mghosteur.com\/en\/wp-json\/wp\/v2\/product_cat?post=27530"},{"taxonomy":"product_tag","embeddable":true,"href":"https:\/\/sakaba.mghosteur.com\/en\/wp-json\/wp\/v2\/product_tag?post=27530"}],"curies":[{"name":"wp","href":"https:\/\/api.w.org\/{rel}","templated":true}]}}