{"id":27533,"date":"2022-11-29T13:41:46","date_gmt":"2022-11-29T13:41:46","guid":{"rendered":"http:\/\/www.sakababeauty.com\/?post_type=product&#038;p=27533"},"modified":"2022-11-29T15:52:32","modified_gmt":"2022-11-29T15:52:32","slug":"deep-cleansing-oil-70ml","status":"publish","type":"product","link":"https:\/\/sakaba.mghosteur.com\/en\/product\/deep-cleansing-oil-70ml\/","title":{"rendered":"DEEP CLEANSING OIL 70ML"},"content":{"rendered":"","protected":false},"excerpt":{"rendered":"","protected":false},"featured_media":0,"comment_status":"closed","ping_status":"closed","template":"","meta":[],"product_brand":[],"product_cat":[446],"product_tag":[],"class_list":{"0":"post-27533","1":"product","2":"type-product","3":"status-publish","5":"product_cat-nettoyant","7":"first","8":"instock","9":"shipping-taxable","10":"product-type-simple"},"jetpack-related-posts":[{"id":27553,"url":"https:\/\/sakaba.mghosteur.com\/en\/product\/dhc-deep-cleansing-oil-70ml\/","url_meta":{"origin":27533,"position":0},"title":"DHC DEEP CLEANSING OIL 70ML","author":"admin","date":"November 29, 2022","format":false,"excerpt":"","rel":"","context":"Similar post","block_context":{"text":"Similar post","link":""},"img":{"alt_text":"","src":"","width":0,"height":0},"classes":[]},{"id":27508,"url":"https:\/\/sakaba.mghosteur.com\/en\/product\/deep-cleansing-oil-200ml\/","url_meta":{"origin":27533,"position":1},"title":"DEEP CLEANSING OIL 200ML","author":"admin","date":"November 29, 2022","format":false,"excerpt":"","rel":"","context":"Similar post","block_context":{"text":"Similar post","link":""},"img":{"alt_text":"","src":"","width":0,"height":0},"classes":[]},{"id":31720,"url":"https:\/\/sakaba.mghosteur.com\/en\/product\/haruhara-wonder-black-rice-moisture-deep-cleansing-oil\/","url_meta":{"origin":27533,"position":2},"title":"HARUHARA WONDER BLACK RICE MOISTURE DEEP CLEANSING OIL","author":"admin","date":"May 10, 2024","format":false,"excerpt":"D\u00e9couvrez cette huile hydratante et nettoyante en profondeur, parfaite pour un usage quotidien. Non parfum\u00e9e, elle offre une douceur exceptionnelle, tout en respectant votre peau et vos yeux. Formul\u00e9e \u00e0 base d'huiles 100% naturelles et de 9 ingr\u00e9dients essentiels, cette huile d\u00e9licate laisse votre peau propre et hydrat\u00e9e, sans aucune\u2026","rel":"","context":"Similar post","block_context":{"text":"Similar post","link":""},"img":{"alt_text":"","src":"","width":0,"height":0},"classes":[]},{"id":27543,"url":"https:\/\/sakaba.mghosteur.com\/en\/product\/biore-deep-cleansing-pore-strips\/","url_meta":{"origin":27533,"position":3},"title":"Bior\u00e9 deep cleansing pore strips","author":"admin","date":"November 29, 2022","format":false,"excerpt":"","rel":"","context":"Similar post","block_context":{"text":"Similar post","link":""},"img":{"alt_text":"","src":"","width":0,"height":0},"classes":[]},{"id":26758,"url":"https:\/\/sakaba.mghosteur.com\/en\/product\/biore-mens-charcoal-deep-cleansing-pore-strips-6-count\/","url_meta":{"origin":27533,"position":4},"title":"Biore Men&#8217;s Charcoal Deep Cleansing Pore Strips &#8211; 6 Count","author":"admin","date":"November 28, 2022","format":false,"excerpt":"","rel":"","context":"Similar post","block_context":{"text":"Similar post","link":""},"img":{"alt_text":"","src":"","width":0,"height":0},"classes":[]},{"id":33373,"url":"https:\/\/sakaba.mghosteur.com\/en\/product\/biore-deep-pore-cleansing-charcoal-daily-face-wash-for-oily-skin\/","url_meta":{"origin":27533,"position":5},"title":"Biore Deep Pore Cleansing Charcoal Daily Face Wash, for Oily Skin","author":"admin","date":"May 21, 2024","format":false,"excerpt":"","rel":"","context":"Similar post","block_context":{"text":"Similar post","link":""},"img":{"alt_text":"","src":"","width":0,"height":0},"classes":[]}],"_links":{"self":[{"href":"https:\/\/sakaba.mghosteur.com\/en\/wp-json\/wp\/v2\/product\/27533","targetHints":{"allow":["GET"]}}],"collection":[{"href":"https:\/\/sakaba.mghosteur.com\/en\/wp-json\/wp\/v2\/product"}],"about":[{"href":"https:\/\/sakaba.mghosteur.com\/en\/wp-json\/wp\/v2\/types\/product"}],"replies":[{"embeddable":true,"href":"https:\/\/sakaba.mghosteur.com\/en\/wp-json\/wp\/v2\/comments?post=27533"}],"version-history":[{"count":0,"href":"https:\/\/sakaba.mghosteur.com\/en\/wp-json\/wp\/v2\/product\/27533\/revisions"}],"wp:attachment":[{"href":"https:\/\/sakaba.mghosteur.com\/en\/wp-json\/wp\/v2\/media?parent=27533"}],"wp:term":[{"taxonomy":"product_brand","embeddable":true,"href":"https:\/\/sakaba.mghosteur.com\/en\/wp-json\/wp\/v2\/product_brand?post=27533"},{"taxonomy":"product_cat","embeddable":true,"href":"https:\/\/sakaba.mghosteur.com\/en\/wp-json\/wp\/v2\/product_cat?post=27533"},{"taxonomy":"product_tag","embeddable":true,"href":"https:\/\/sakaba.mghosteur.com\/en\/wp-json\/wp\/v2\/product_tag?post=27533"}],"curies":[{"name":"wp","href":"https:\/\/api.w.org\/{rel}","templated":true}]}}