{"id":27537,"date":"2022-11-29T13:46:11","date_gmt":"2022-11-29T13:46:11","guid":{"rendered":"http:\/\/www.sakababeauty.com\/?post_type=product&#038;p=27537"},"modified":"2022-11-29T13:46:12","modified_gmt":"2022-11-29T13:46:12","slug":"daily-age-repair","status":"publish","type":"product","link":"https:\/\/sakaba.mghosteur.com\/en\/product\/daily-age-repair\/","title":{"rendered":"Daily age repair"},"content":{"rendered":"","protected":false},"excerpt":{"rendered":"","protected":false},"featured_media":0,"comment_status":"closed","ping_status":"closed","template":"","meta":[],"product_brand":[],"product_cat":[288,450],"product_tag":[],"class_list":{"0":"post-27537","1":"product","2":"type-product","3":"status-publish","5":"product_cat-aaf-homme","6":"product_cat-soin-de-la-peau","8":"first","9":"instock","10":"shipping-taxable","11":"product-type-simple"},"jetpack-related-posts":[{"id":31373,"url":"https:\/\/sakaba.mghosteur.com\/en\/product\/paulas-choice-intensive-wrinkle-repair-retinol-serum\/","url_meta":{"origin":27537,"position":0},"title":"PAULA&#8217;S CHOICE INTENSIVE WRINKLE REPAIR RETINOL SERUM","author":"admin","date":"May 10, 2024","format":false,"excerpt":"S\u00e9rum Anti-\u00c2ge au R\u00e9tinol Pour celles et ceux qui cherchent \u00e0 pr\u00e9server la jeunesse de leur peau tout en att\u00e9nuant les signes visibles du temps, le S\u00e9rum Anti-\u00c2ge au R\u00e9tinol est un alli\u00e9 pr\u00e9cieux. Con\u00e7u pour tous les types de peau, il r\u00e9pond aux besoins de ceux souhaitant lutter contre\u2026","rel":"","context":"Similar post","block_context":{"text":"Similar post","link":""},"img":{"alt_text":"","src":"","width":0,"height":0},"classes":[]},{"id":24312,"url":"https:\/\/sakaba.mghosteur.com\/en\/product\/neutrogena-rapid-tone-repair-brightening-20-vitamin-c-serum-capsules\/","url_meta":{"origin":27537,"position":1},"title":"Neutrogena Rapid Tone Repair Brightening 20% Vitamin C Serum Capsules","author":"admin","date":"November 10, 2022","format":false,"excerpt":"","rel":"","context":"Similar post","block_context":{"text":"Similar post","link":""},"img":{"alt_text":"","src":"","width":0,"height":0},"classes":[]},{"id":27660,"url":"https:\/\/sakaba.mghosteur.com\/en\/product\/clinique-fresh-pressed-overnight-booster\/","url_meta":{"origin":27537,"position":2},"title":"Clinique fresh pressed overnight booster","author":"admin","date":"November 29, 2022","format":false,"excerpt":"Les boosters Clinique Fresh Pressed Clinical Daily + Overnight sont un syst\u00e8me de booster anti-\u00e2ge qui utilise 10 % de vitamine C et de r\u00e9tinol pour offrir des r\u00e9sultats de qualit\u00e9 sup\u00e9rieure contre les rides visibles. Ils sont sans parfum, sans parab\u00e8ne, sans phtalate et non com\u00e9dog\u00e8nes. Ils sont con\u00e7us\u2026","rel":"","context":"Similar post","block_context":{"text":"Similar post","link":""},"img":{"alt_text":"","src":"","width":0,"height":0},"classes":[]},{"id":28041,"url":"https:\/\/sakaba.mghosteur.com\/en\/product\/biossance-squalane-omega-repair-cream\/","url_meta":{"origin":27537,"position":3},"title":"BIOSSANCE SQUALANE + OMEGA REPAIR CREAM","author":"admin","date":"November 29, 2022","format":false,"excerpt":"Cr\u00e8me visage ultra-hydratante, num\u00e9ro 1 des ventes aux USA, avec des c\u00e9ramides et des lipides biomim\u00e9tiques pour hydrater instantan\u00e9ment et am\u00e9liorer la r\u00e9tention d'humidit\u00e9 de la barri\u00e8re cutan\u00e9e en 1 semaine. Sa texture fouett\u00e9e luxueuse s'absorbe instantan\u00e9ment pour une peau visiblement lisse, douce et \u00e9clatante avec une am\u00e9lioration visible des\u2026","rel":"","context":"Similar post","block_context":{"text":"Similar post","link":""},"img":{"alt_text":"","src":"","width":0,"height":0},"classes":[]},{"id":31399,"url":"https:\/\/sakaba.mghosteur.com\/en\/product\/paulas-choice-triple-active-total-repair-serum\/","url_meta":{"origin":27537,"position":4},"title":"PAULA&#8217;S CHOICE TRIPLE ACTIVE TOTAL REPAIR SERUM","author":"admin","date":"May 10, 2024","format":false,"excerpt":"D\u00e9couvrez le S\u00e9rum Triple Active Total Repair, une formule avanc\u00e9e anti-\u00e2ge cliniquement prouv\u00e9e pour am\u00e9liorer visiblement les ridules, la d\u00e9coloration et la fermet\u00e9 de la peau gr\u00e2ce \u00e0 un m\u00e9lange puissant d'hexylr\u00e9sorcinol, de r\u00e9tinol et de niacinamide. Le r\u00e9tinyl propionate \u00e0 0,3% raffermit et lisse visiblement la peau. La niacinamide\u2026","rel":"","context":"Similar post","block_context":{"text":"Similar post","link":""},"img":{"alt_text":"","src":"","width":0,"height":0},"classes":[]},{"id":26837,"url":"https:\/\/sakaba.mghosteur.com\/en\/product\/paula-choice-barrier-repair-moisturizer\/","url_meta":{"origin":27537,"position":5},"title":"PAULA CHOICE BARRIER REPAIR MOISTURIZER","author":"admin","date":"November 28, 2022","format":false,"excerpt":"D\u00e9couvrez l'hydratant r\u00e9parateur barri\u00e8re au r\u00e9tinol de la marque Paula's Choice, un produit anti-\u00e2ge r\u00e9g\u00e9n\u00e9rant pour la peau. Cette formule avanc\u00e9e cible tous les signes du vieillissement et aide \u00e0 am\u00e9liorer l'apparence des rides gr\u00e2ce \u00e0 sa concentration de r\u00e9tinol \u00e0 faible dose de 0,01%. Sa formule hydratante et cr\u00e9meuse\u2026","rel":"","context":"Similar post","block_context":{"text":"Similar post","link":""},"img":{"alt_text":"","src":"","width":0,"height":0},"classes":[]}],"_links":{"self":[{"href":"https:\/\/sakaba.mghosteur.com\/en\/wp-json\/wp\/v2\/product\/27537","targetHints":{"allow":["GET"]}}],"collection":[{"href":"https:\/\/sakaba.mghosteur.com\/en\/wp-json\/wp\/v2\/product"}],"about":[{"href":"https:\/\/sakaba.mghosteur.com\/en\/wp-json\/wp\/v2\/types\/product"}],"replies":[{"embeddable":true,"href":"https:\/\/sakaba.mghosteur.com\/en\/wp-json\/wp\/v2\/comments?post=27537"}],"version-history":[{"count":0,"href":"https:\/\/sakaba.mghosteur.com\/en\/wp-json\/wp\/v2\/product\/27537\/revisions"}],"wp:attachment":[{"href":"https:\/\/sakaba.mghosteur.com\/en\/wp-json\/wp\/v2\/media?parent=27537"}],"wp:term":[{"taxonomy":"product_brand","embeddable":true,"href":"https:\/\/sakaba.mghosteur.com\/en\/wp-json\/wp\/v2\/product_brand?post=27537"},{"taxonomy":"product_cat","embeddable":true,"href":"https:\/\/sakaba.mghosteur.com\/en\/wp-json\/wp\/v2\/product_cat?post=27537"},{"taxonomy":"product_tag","embeddable":true,"href":"https:\/\/sakaba.mghosteur.com\/en\/wp-json\/wp\/v2\/product_tag?post=27537"}],"curies":[{"name":"wp","href":"https:\/\/api.w.org\/{rel}","templated":true}]}}