{"id":27540,"date":"2022-11-29T15:20:24","date_gmt":"2022-11-29T15:20:24","guid":{"rendered":"http:\/\/www.sakababeauty.com\/?post_type=product&#038;p=27540"},"modified":"2022-11-29T15:20:25","modified_gmt":"2022-11-29T15:20:25","slug":"biore-mens-acne-clearing-scrub","status":"publish","type":"product","link":"https:\/\/sakaba.mghosteur.com\/en\/product\/biore-mens-acne-clearing-scrub\/","title":{"rendered":"Bior\u00e9 Men\u2019s acne clearing scrub"},"content":{"rendered":"","protected":false},"excerpt":{"rendered":"","protected":false},"featured_media":0,"comment_status":"closed","ping_status":"closed","template":"","meta":[],"product_brand":[],"product_cat":[288,450],"product_tag":[],"class_list":{"0":"post-27540","1":"product","2":"type-product","3":"status-publish","5":"product_cat-aaf-homme","6":"product_cat-soin-de-la-peau","8":"first","9":"instock","10":"shipping-taxable","11":"product-type-simple"},"jetpack-related-posts":[{"id":26696,"url":"https:\/\/sakaba.mghosteur.com\/en\/product\/biore-mens-charcoal-acne-scrub\/","url_meta":{"origin":27540,"position":0},"title":"Biore Men&#8217;s Charcoal Acne Scrub","author":"admin","date":"November 28, 2022","format":false,"excerpt":"","rel":"","context":"Similar post","block_context":{"text":"Similar post","link":""},"img":{"alt_text":"","src":"","width":0,"height":0},"classes":[]},{"id":32880,"url":"https:\/\/sakaba.mghosteur.com\/en\/product\/differin-acne-clearing-body-scrub\/","url_meta":{"origin":27540,"position":1},"title":"DIFFERIN ACNE CLEARING BODY SCRUB","author":"admin","date":"May 16, 2024","format":false,"excerpt":"Traitement contre l'acn\u00e9 Cleanse2% d'acide salicylique Utilis\u00e9 quotidiennement, il aide \u00e0 \u00e9liminer les \u00e9ruptions cutan\u00e9es. Contient de l'acide glycolique pour exfolier et lisser en douceur. Vitamine E pour nourrir et apaiser la peau Formul\u00e9 avec de l'acide salicylique, ce gommage corporel \u00e9limine l'acn\u00e9 qui peut appara\u00eetre sur le dos, les\u2026","rel":"","context":"Similar post","block_context":{"text":"Similar post","link":""},"img":{"alt_text":"","src":"","width":0,"height":0},"classes":[]},{"id":26699,"url":"https:\/\/sakaba.mghosteur.com\/en\/product\/biore-mens-charcoal-deep-pore-cleanser\/","url_meta":{"origin":27540,"position":2},"title":"Biore Men&#8217;s Charcoal Deep Pore Cleanser","author":"admin","date":"November 28, 2022","format":false,"excerpt":"","rel":"","context":"Similar post","block_context":{"text":"Similar post","link":""},"img":{"alt_text":"","src":"","width":0,"height":0},"classes":[]},{"id":26758,"url":"https:\/\/sakaba.mghosteur.com\/en\/product\/biore-mens-charcoal-deep-cleansing-pore-strips-6-count\/","url_meta":{"origin":27540,"position":3},"title":"Biore Men&#8217;s Charcoal Deep Cleansing Pore Strips &#8211; 6 Count","author":"admin","date":"November 28, 2022","format":false,"excerpt":"","rel":"","context":"Similar post","block_context":{"text":"Similar post","link":""},"img":{"alt_text":"","src":"","width":0,"height":0},"classes":[]},{"id":33921,"url":"https:\/\/sakaba.mghosteur.com\/en\/product\/acne-clearing-sulfur-mask\/","url_meta":{"origin":27540,"position":4},"title":"ACNE CLEARING SULFUR MASK","author":"admin","date":"May 24, 2024","format":false,"excerpt":"","rel":"","context":"Similar post","block_context":{"text":"Similar post","link":""},"img":{"alt_text":"","src":"","width":0,"height":0},"classes":[]},{"id":26375,"url":"https:\/\/sakaba.mghosteur.com\/en\/product\/perterthomasroth-acne-clearing-wash27000\/","url_meta":{"origin":27540,"position":5},"title":"Perterthomasroth Acne Clearing Wash27000","author":"admin","date":"November 25, 2022","format":false,"excerpt":"","rel":"","context":"Similar post","block_context":{"text":"Similar post","link":""},"img":{"alt_text":"","src":"","width":0,"height":0},"classes":[]}],"_links":{"self":[{"href":"https:\/\/sakaba.mghosteur.com\/en\/wp-json\/wp\/v2\/product\/27540","targetHints":{"allow":["GET"]}}],"collection":[{"href":"https:\/\/sakaba.mghosteur.com\/en\/wp-json\/wp\/v2\/product"}],"about":[{"href":"https:\/\/sakaba.mghosteur.com\/en\/wp-json\/wp\/v2\/types\/product"}],"replies":[{"embeddable":true,"href":"https:\/\/sakaba.mghosteur.com\/en\/wp-json\/wp\/v2\/comments?post=27540"}],"version-history":[{"count":0,"href":"https:\/\/sakaba.mghosteur.com\/en\/wp-json\/wp\/v2\/product\/27540\/revisions"}],"wp:attachment":[{"href":"https:\/\/sakaba.mghosteur.com\/en\/wp-json\/wp\/v2\/media?parent=27540"}],"wp:term":[{"taxonomy":"product_brand","embeddable":true,"href":"https:\/\/sakaba.mghosteur.com\/en\/wp-json\/wp\/v2\/product_brand?post=27540"},{"taxonomy":"product_cat","embeddable":true,"href":"https:\/\/sakaba.mghosteur.com\/en\/wp-json\/wp\/v2\/product_cat?post=27540"},{"taxonomy":"product_tag","embeddable":true,"href":"https:\/\/sakaba.mghosteur.com\/en\/wp-json\/wp\/v2\/product_tag?post=27540"}],"curies":[{"name":"wp","href":"https:\/\/api.w.org\/{rel}","templated":true}]}}