{"id":27543,"date":"2022-11-29T15:28:44","date_gmt":"2022-11-29T15:28:44","guid":{"rendered":"http:\/\/www.sakababeauty.com\/?post_type=product&#038;p=27543"},"modified":"2022-11-29T15:28:44","modified_gmt":"2022-11-29T15:28:44","slug":"biore-deep-cleansing-pore-strips","status":"publish","type":"product","link":"https:\/\/sakaba.mghosteur.com\/en\/product\/biore-deep-cleansing-pore-strips\/","title":{"rendered":"Bior\u00e9 deep cleansing pore strips"},"content":{"rendered":"","protected":false},"excerpt":{"rendered":"","protected":false},"featured_media":0,"comment_status":"closed","ping_status":"closed","template":"","meta":[],"product_brand":[],"product_cat":[288,450],"product_tag":[],"class_list":{"0":"post-27543","1":"product","2":"type-product","3":"status-publish","5":"product_cat-aaf-homme","6":"product_cat-soin-de-la-peau","8":"first","9":"instock","10":"shipping-taxable","11":"product-type-simple"},"jetpack-related-posts":[{"id":26758,"url":"https:\/\/sakaba.mghosteur.com\/en\/product\/biore-mens-charcoal-deep-cleansing-pore-strips-6-count\/","url_meta":{"origin":27543,"position":0},"title":"Biore Men&#8217;s Charcoal Deep Cleansing Pore Strips &#8211; 6 Count","author":"admin","date":"November 28, 2022","format":false,"excerpt":"","rel":"","context":"Similar post","block_context":{"text":"Similar post","link":""},"img":{"alt_text":"","src":"","width":0,"height":0},"classes":[]},{"id":33364,"url":"https:\/\/sakaba.mghosteur.com\/en\/product\/biore-charcoal-deep-cleansing-pore-strips-normal-to-oily-skin-6-count\/","url_meta":{"origin":27543,"position":1},"title":"Biore Charcoal Deep Cleansing Pore Strips, Normal to Oily Skin, 6 Count","author":"admin","date":"May 21, 2024","format":false,"excerpt":"\u00c9liminez les points noirs et r\u00e9duisez visiblement la taille des pores avec la bande nettoyante en profondeur Bior\u00e9 Blackhead Reducing. Ces bandes nasales nettoyantes en profondeur ciblent les points noirs et d\u00e9bouchent les pores. Pratiques et faciles \u00e0 utiliser, ces bandes de pores peuvent \u00eatre utilis\u00e9es 1 fois par semaine\u2026","rel":"","context":"Similar post","block_context":{"text":"Similar post","link":""},"img":{"alt_text":"","src":"","width":0,"height":0},"classes":[]},{"id":33373,"url":"https:\/\/sakaba.mghosteur.com\/en\/product\/biore-deep-pore-cleansing-charcoal-daily-face-wash-for-oily-skin\/","url_meta":{"origin":27543,"position":2},"title":"Biore Deep Pore Cleansing Charcoal Daily Face Wash, for Oily Skin","author":"admin","date":"May 21, 2024","format":false,"excerpt":"","rel":"","context":"Similar post","block_context":{"text":"Similar post","link":""},"img":{"alt_text":"","src":"","width":0,"height":0},"classes":[]},{"id":27546,"url":"https:\/\/sakaba.mghosteur.com\/en\/product\/biore-deep-pore-charcoal-cleanser\/","url_meta":{"origin":27543,"position":3},"title":"Bior\u00e9 deep pore charcoal cleanser","author":"admin","date":"November 29, 2022","format":false,"excerpt":"","rel":"","context":"Similar post","block_context":{"text":"Similar post","link":""},"img":{"alt_text":"","src":"","width":0,"height":0},"classes":[]},{"id":26699,"url":"https:\/\/sakaba.mghosteur.com\/en\/product\/biore-mens-charcoal-deep-pore-cleanser\/","url_meta":{"origin":27543,"position":4},"title":"Biore Men&#8217;s Charcoal Deep Pore Cleanser","author":"admin","date":"November 28, 2022","format":false,"excerpt":"","rel":"","context":"Similar post","block_context":{"text":"Similar post","link":""},"img":{"alt_text":"","src":"","width":0,"height":0},"classes":[]},{"id":31843,"url":"https:\/\/sakaba.mghosteur.com\/en\/product\/anua-heartleaf-quercetinol-pore-deep-cleansing-foam-150ml\/","url_meta":{"origin":27543,"position":5},"title":"ANUA HEARTLEAF QUERCETINOL PORE DEEP CLEANSING FOAM 150ML","author":"admin","date":"May 10, 2024","format":false,"excerpt":"Une mousse nettoyante formul\u00e9e avec de l'extrait de Heartleaf, con\u00e7ue pour nettoyer en profondeur les pores et exfolier en douceur les cellules mortes de la peau.","rel":"","context":"Similar post","block_context":{"text":"Similar post","link":""},"img":{"alt_text":"","src":"","width":0,"height":0},"classes":[]}],"_links":{"self":[{"href":"https:\/\/sakaba.mghosteur.com\/en\/wp-json\/wp\/v2\/product\/27543","targetHints":{"allow":["GET"]}}],"collection":[{"href":"https:\/\/sakaba.mghosteur.com\/en\/wp-json\/wp\/v2\/product"}],"about":[{"href":"https:\/\/sakaba.mghosteur.com\/en\/wp-json\/wp\/v2\/types\/product"}],"replies":[{"embeddable":true,"href":"https:\/\/sakaba.mghosteur.com\/en\/wp-json\/wp\/v2\/comments?post=27543"}],"version-history":[{"count":0,"href":"https:\/\/sakaba.mghosteur.com\/en\/wp-json\/wp\/v2\/product\/27543\/revisions"}],"wp:attachment":[{"href":"https:\/\/sakaba.mghosteur.com\/en\/wp-json\/wp\/v2\/media?parent=27543"}],"wp:term":[{"taxonomy":"product_brand","embeddable":true,"href":"https:\/\/sakaba.mghosteur.com\/en\/wp-json\/wp\/v2\/product_brand?post=27543"},{"taxonomy":"product_cat","embeddable":true,"href":"https:\/\/sakaba.mghosteur.com\/en\/wp-json\/wp\/v2\/product_cat?post=27543"},{"taxonomy":"product_tag","embeddable":true,"href":"https:\/\/sakaba.mghosteur.com\/en\/wp-json\/wp\/v2\/product_tag?post=27543"}],"curies":[{"name":"wp","href":"https:\/\/api.w.org\/{rel}","templated":true}]}}