{"id":27552,"date":"2022-11-29T15:57:39","date_gmt":"2022-11-29T15:57:39","guid":{"rendered":"http:\/\/www.sakababeauty.com\/?post_type=product&#038;p=27552"},"modified":"2022-11-29T15:57:40","modified_gmt":"2022-11-29T15:57:40","slug":"roge-cavailles-soin-toilette-deo-soin-dermato-2","status":"publish","type":"product","link":"https:\/\/sakaba.mghosteur.com\/en\/product\/roge-cavailles-soin-toilette-deo-soin-dermato-2\/","title":{"rendered":"Rog\u00e9 cavaill\u00e8s soin toilette d\u00e9o soin dermato"},"content":{"rendered":"","protected":false},"excerpt":{"rendered":"","protected":false},"featured_media":0,"comment_status":"closed","ping_status":"closed","template":"","meta":[],"product_brand":[],"product_cat":[379],"product_tag":[],"class_list":{"0":"post-27552","1":"product","2":"type-product","3":"status-publish","5":"product_cat-deodorant","7":"first","8":"instock","9":"shipping-taxable","10":"product-type-simple"},"jetpack-related-posts":[{"id":25378,"url":"https:\/\/sakaba.mghosteur.com\/en\/product\/roge-cavailles-soin-toilette-intime-fraicheur\/","url_meta":{"origin":27552,"position":0},"title":"Rog\u00e9 Cavaill\u00e8s Soin Toilette Intime Fraicheur","author":"admin","date":"November 14, 2022","format":false,"excerpt":"","rel":"","context":"Similar post","block_context":{"text":"Similar post","link":""},"img":{"alt_text":"","src":"","width":0,"height":0},"classes":[]},{"id":31386,"url":"https:\/\/sakaba.mghosteur.com\/en\/product\/paula-choice-glucoside-foaming-cleanser\/","url_meta":{"origin":27552,"position":1},"title":"PAULA CHOICE GLUCOSIDE FOAMING CLEANSER","author":"admin","date":"May 10, 2024","format":false,"excerpt":"D\u00e9couvrez notre Nettoyant Moussant Visage Anti-\u00c2ge, un alli\u00e9 pr\u00e9cieux pour votre routine de soin quotidienne. Adapt\u00e9 aux peaux mixtes et grasses, ce nettoyant cible les pr\u00e9occupations telles que les imperfections, les signes de l'\u00e2ge et les points noirs. Sa formule efficace nettoie en profondeur sans dess\u00e9cher la peau, la laissant\u2026","rel":"","context":"Similar post","block_context":{"text":"Similar post","link":""},"img":{"alt_text":"","src":"","width":0,"height":0},"classes":[]},{"id":31408,"url":"https:\/\/sakaba.mghosteur.com\/en\/product\/paula-choice-perfect-cleasing-oil\/","url_meta":{"origin":27552,"position":2},"title":"PAULA CHOICE PERFECT CLEASING OIL","author":"admin","date":"May 10, 2024","format":false,"excerpt":"D\u00e9couvrez ce m\u00e9lange r\u00e9parateur d'huiles v\u00e9g\u00e9tales qui dissout rapidement le maquillage et \u00e9limine les impuret\u00e9s, tout en laissant la peau douce et lisse, sans r\u00e9sidu gras. Il \u00e9limine efficacement le maquillage, m\u00eame waterproof, gr\u00e2ce \u00e0 ses huiles de tournesol et de noix de coco qui hydratent et nourrissent la peau.\u2026","rel":"","context":"Similar post","block_context":{"text":"Similar post","link":""},"img":{"alt_text":"","src":"","width":0,"height":0},"classes":[]},{"id":30319,"url":"https:\/\/sakaba.mghosteur.com\/en\/product\/naturium-the-softener-creamy-clay-body-wash-free-fragrance\/","url_meta":{"origin":27552,"position":3},"title":"NATURIUM THE SOFTENER CREAMY CLAY BODY WASH FREE FRAGRANCE","author":"admin","date":"May 8, 2023","format":false,"excerpt":"D\u00e9couvrez le nettoyant pour le corps en profondeur Naturium The Softener Cream, un produit de qualit\u00e9 sup\u00e9rieure qui vous aide \u00e0 prendre soin de votre peau tout en la nettoyant en profondeur. Sa formule unique \u00e0 base d'argile rose fran\u00e7aise, enrichie en antioxydants et en hydratants naturels, vous offre une\u2026","rel":"","context":"Similar post","block_context":{"text":"Similar post","link":""},"img":{"alt_text":"","src":"","width":0,"height":0},"classes":[]},{"id":31411,"url":"https:\/\/sakaba.mghosteur.com\/en\/product\/paula-choice-ultra-gentle-cleanser\/","url_meta":{"origin":27552,"position":4},"title":"PAULA CHOICE ULTRA GENTLE CLEANSER","author":"admin","date":"May 10, 2024","format":false,"excerpt":"D\u00e9couvrez le Nettoyant Ultra Doux Paula's Choice, un nettoyant doux qui \u00e9limine le maquillage et les impuret\u00e9s tout en pr\u00e9servant la barri\u00e8re cutan\u00e9e, laissant une sensation soyeuse apr\u00e8s le rin\u00e7age. Sa formule cr\u00e9meuse \u00e9limine en douceur les impuret\u00e9s et apaise les rougeurs, laissant la peau douce et hydrat\u00e9e. Enrichi en\u2026","rel":"","context":"Similar post","block_context":{"text":"Similar post","link":""},"img":{"alt_text":"","src":"","width":0,"height":0},"classes":[]},{"id":30353,"url":"https:\/\/sakaba.mghosteur.com\/en\/product\/neutrogena-rainbath-bath-gel-fresh-plum\/","url_meta":{"origin":27552,"position":5},"title":"NEUTROGENA RAINBATH BATH GEL FRESH PLUM","author":"admin","date":"May 8, 2023","format":false,"excerpt":"D\u00e9couvrez le gel douche et bain Neutrogena Rainbath Restoring Fresh Plum, con\u00e7u pour aider \u00e0 restaurer l'apparence et la sensation saines de votre peau. Le parfum frais et m\u00fbr de prunes et de fleurs vous transporte dans une exp\u00e9rience de spa relaxante. Ce gel douche hydratant nettoie en douceur, adoucit\u2026","rel":"","context":"Similar post","block_context":{"text":"Similar post","link":""},"img":{"alt_text":"","src":"","width":0,"height":0},"classes":[]}],"_links":{"self":[{"href":"https:\/\/sakaba.mghosteur.com\/en\/wp-json\/wp\/v2\/product\/27552","targetHints":{"allow":["GET"]}}],"collection":[{"href":"https:\/\/sakaba.mghosteur.com\/en\/wp-json\/wp\/v2\/product"}],"about":[{"href":"https:\/\/sakaba.mghosteur.com\/en\/wp-json\/wp\/v2\/types\/product"}],"replies":[{"embeddable":true,"href":"https:\/\/sakaba.mghosteur.com\/en\/wp-json\/wp\/v2\/comments?post=27552"}],"version-history":[{"count":0,"href":"https:\/\/sakaba.mghosteur.com\/en\/wp-json\/wp\/v2\/product\/27552\/revisions"}],"wp:attachment":[{"href":"https:\/\/sakaba.mghosteur.com\/en\/wp-json\/wp\/v2\/media?parent=27552"}],"wp:term":[{"taxonomy":"product_brand","embeddable":true,"href":"https:\/\/sakaba.mghosteur.com\/en\/wp-json\/wp\/v2\/product_brand?post=27552"},{"taxonomy":"product_cat","embeddable":true,"href":"https:\/\/sakaba.mghosteur.com\/en\/wp-json\/wp\/v2\/product_cat?post=27552"},{"taxonomy":"product_tag","embeddable":true,"href":"https:\/\/sakaba.mghosteur.com\/en\/wp-json\/wp\/v2\/product_tag?post=27552"}],"curies":[{"name":"wp","href":"https:\/\/api.w.org\/{rel}","templated":true}]}}