{"id":27556,"date":"2022-11-29T15:56:22","date_gmt":"2022-11-29T15:56:22","guid":{"rendered":"http:\/\/www.sakababeauty.com\/?post_type=product&#038;p=27556"},"modified":"2022-11-29T15:56:22","modified_gmt":"2022-11-29T15:56:22","slug":"ginger-vitamin-c-oil-free-gel-moisturizer-hydrat","status":"publish","type":"product","link":"https:\/\/sakaba.mghosteur.com\/en\/product\/ginger-vitamin-c-oil-free-gel-moisturizer-hydrat\/","title":{"rendered":"GINGER + VITAMIN C OIL FREE GEL MOISTURIZER HYDRAT"},"content":{"rendered":"","protected":false},"excerpt":{"rendered":"","protected":false},"featured_media":0,"comment_status":"closed","ping_status":"closed","template":"","meta":[],"product_brand":[],"product_cat":[355],"product_tag":[],"class_list":{"0":"post-27556","1":"product","2":"type-product","3":"status-publish","5":"product_cat-hydratant-corps","7":"first","8":"instock","9":"shipping-taxable","10":"product-type-simple"},"jetpack-related-posts":[{"id":24304,"url":"https:\/\/sakaba.mghosteur.com\/en\/product\/neutrogena-soothing-clear-turmeric-oil-free-gel-moisturizer\/","url_meta":{"origin":27556,"position":0},"title":"Neutrogena Soothing Clear Turmeric oil-free gel moisturizer","author":"admin","date":"November 9, 2022","format":false,"excerpt":"Offrez \u00e0 votre peau une hydratation et une sensation de confort avec l'hydratant pour le visage au gel de curcuma apaisant et nourrissant de Neutrogena. Ce gel hydratant pour le visage est sp\u00e9cialement con\u00e7u pour les peaux mixtes, d\u00e9shydrat\u00e9es ou \u00e0 tendance acn\u00e9ique. Il est formul\u00e9 avec du curcuma, reconnu\u2026","rel":"","context":"Similar post","block_context":{"text":"Similar post","link":""},"img":{"alt_text":"","src":"","width":0,"height":0},"classes":[]},{"id":34420,"url":"https:\/\/sakaba.mghosteur.com\/en\/product\/peach-slices-oil-free-moisturizer\/","url_meta":{"origin":27556,"position":1},"title":"PEACH SLICES OIL FREE MOISTURIZER","author":"admin","date":"May 28, 2024","format":false,"excerpt":"","rel":"","context":"Similar post","block_context":{"text":"Similar post","link":""},"img":{"alt_text":"","src":"","width":0,"height":0},"classes":[]},{"id":26960,"url":"https:\/\/sakaba.mghosteur.com\/en\/product\/supergel-moisturiser-oil-free\/","url_meta":{"origin":27556,"position":2},"title":"FACETHEORY Supergel Oil-free Moisturiser M3 for Oily and Acne","author":"admin","date":"November 28, 2022","format":false,"excerpt":"D\u00e9couvrez le Supergel Hydratant sans huile M3 de FACETHEORY, sp\u00e9cialement formul\u00e9 pour les peaux grasses et sujettes \u00e0 l'acn\u00e9. Ce gel d'aloe vera l\u00e9ger hydrate la peau sans laisser de r\u00e9sidus gras et aide \u00e0 r\u00e9duire la taille des pores gr\u00e2ce au niacinamide et \u00e0 soulager la congestion cutan\u00e9e gr\u00e2ce\u2026","rel":"","context":"Similar post","block_context":{"text":"Similar post","link":""},"img":{"alt_text":"","src":"","width":0,"height":0},"classes":[]},{"id":27808,"url":"https:\/\/sakaba.mghosteur.com\/en\/product\/skin-rescue-oil-free-mattifying-gel\/","url_meta":{"origin":27556,"position":3},"title":"SKIN RESCUE OIL FREE MATTIFYING GEL","author":"admin","date":"November 29, 2022","format":false,"excerpt":"","rel":"","context":"Similar post","block_context":{"text":"Similar post","link":""},"img":{"alt_text":"","src":"","width":0,"height":0},"classes":[]},{"id":26351,"url":"https:\/\/sakaba.mghosteur.com\/en\/product\/paula-choice-clear-60ml-2\/","url_meta":{"origin":27556,"position":4},"title":"PAULA CHOICE CLEAR Oil-Free Moisturizer","author":"admin","date":"November 25, 2022","format":false,"excerpt":"Le Oil-Free Moisturizer de la marque Paula's Choice est un hydratant l\u00e9ger et sans huile sp\u00e9cialement formul\u00e9 pour les peaux sujettes aux imperfections. Ce produit fournit une hydratation apaisante qui n'obstrue pas les pores et ne provoque pas d'\u00e9ruptions cutan\u00e9es. La niacinamide contenue dans la formule aide \u00e0 minimiser les\u2026","rel":"","context":"Similar post","block_context":{"text":"Similar post","link":""},"img":{"alt_text":"","src":"","width":0,"height":0},"classes":[]},{"id":24287,"url":"https:\/\/sakaba.mghosteur.com\/en\/product\/neutrogena-oil-free-acne-moisturizer-pink-grapefruit\/","url_meta":{"origin":27556,"position":5},"title":"Neutrogena Oil-Free Acne Moisturizer pink grapefruit","author":"admin","date":"November 9, 2022","format":false,"excerpt":"Description du produit : L'hydratant pour le visage contre l'acn\u00e9 au pamplemousse rose de la marque NEUTROGENA est un produit l\u00e9ger et non com\u00e9dog\u00e8ne qui hydrate et combat les \u00e9ruptions cutan\u00e9es pour obtenir une peau claire et douce. Sa formule sans huile et \u00e0 base d'acide salicylique aide \u00e0 \u00e9liminer\u2026","rel":"","context":"Similar post","block_context":{"text":"Similar post","link":""},"img":{"alt_text":"","src":"","width":0,"height":0},"classes":[]}],"_links":{"self":[{"href":"https:\/\/sakaba.mghosteur.com\/en\/wp-json\/wp\/v2\/product\/27556","targetHints":{"allow":["GET"]}}],"collection":[{"href":"https:\/\/sakaba.mghosteur.com\/en\/wp-json\/wp\/v2\/product"}],"about":[{"href":"https:\/\/sakaba.mghosteur.com\/en\/wp-json\/wp\/v2\/types\/product"}],"replies":[{"embeddable":true,"href":"https:\/\/sakaba.mghosteur.com\/en\/wp-json\/wp\/v2\/comments?post=27556"}],"version-history":[{"count":0,"href":"https:\/\/sakaba.mghosteur.com\/en\/wp-json\/wp\/v2\/product\/27556\/revisions"}],"wp:attachment":[{"href":"https:\/\/sakaba.mghosteur.com\/en\/wp-json\/wp\/v2\/media?parent=27556"}],"wp:term":[{"taxonomy":"product_brand","embeddable":true,"href":"https:\/\/sakaba.mghosteur.com\/en\/wp-json\/wp\/v2\/product_brand?post=27556"},{"taxonomy":"product_cat","embeddable":true,"href":"https:\/\/sakaba.mghosteur.com\/en\/wp-json\/wp\/v2\/product_cat?post=27556"},{"taxonomy":"product_tag","embeddable":true,"href":"https:\/\/sakaba.mghosteur.com\/en\/wp-json\/wp\/v2\/product_tag?post=27556"}],"curies":[{"name":"wp","href":"https:\/\/api.w.org\/{rel}","templated":true}]}}