{"id":27560,"date":"2022-11-29T15:57:55","date_gmt":"2022-11-29T15:57:55","guid":{"rendered":"http:\/\/www.sakababeauty.com\/?post_type=product&#038;p=27560"},"modified":"2022-11-29T15:57:56","modified_gmt":"2022-11-29T15:57:56","slug":"touch-anti-aging-spf-30-moisturizer","status":"publish","type":"product","link":"https:\/\/sakaba.mghosteur.com\/en\/product\/touch-anti-aging-spf-30-moisturizer\/","title":{"rendered":"TOUCH ANTI AGING SPF 30 MOISTURIZER"},"content":{"rendered":"","protected":false},"excerpt":{"rendered":"","protected":false},"featured_media":0,"comment_status":"closed","ping_status":"closed","template":"","meta":[],"product_brand":[],"product_cat":[377],"product_tag":[],"class_list":{"0":"post-27560","1":"product","2":"type-product","3":"status-publish","5":"product_cat-bath-body-works","7":"first","8":"instock","9":"shipping-taxable","10":"product-type-simple"},"jetpack-related-posts":[{"id":26722,"url":"https:\/\/sakaba.mghosteur.com\/en\/product\/olay-total-effects-whip-active-moisturizer-25-spf\/","url_meta":{"origin":27560,"position":0},"title":"OLAY Total Effects Whip Active Moisturizer 25 SPF","author":"admin","date":"November 28, 2022","format":false,"excerpt":"","rel":"","context":"Similar post","block_context":{"text":"Similar post","link":""},"img":{"alt_text":"","src":"","width":0,"height":0},"classes":[]},{"id":24574,"url":"https:\/\/sakaba.mghosteur.com\/en\/product\/aveeno-clear-complexion-sheer-daily-moisturizer\/","url_meta":{"origin":27560,"position":1},"title":"AVEENO CLEAR COMPLEXION SHEER DAILY MOISTURIZER","author":"admin","date":"November 10, 2022","format":false,"excerpt":"Hydratez la peau, unifiez le teint et aidez \u00e0 r\u00e9v\u00e9ler le v\u00e9ritable \u00e9clat de votre peau avec l'hydratant quotidien transparent Aveeno Clear Complexion avec \u00e9cran solaire SPF 30. Sp\u00e9cialement formul\u00e9e pour les peaux sujettes aux \u00e9ruptions cutan\u00e9es, cette lotion l\u00e9g\u00e8re pour le visage contient un complexe total de soja pour\u2026","rel":"","context":"Similar post","block_context":{"text":"Similar post","link":""},"img":{"alt_text":"","src":"","width":0,"height":0},"classes":[]},{"id":26886,"url":"https:\/\/sakaba.mghosteur.com\/en\/product\/paula-choice-essentialglow-moisturizer\/","url_meta":{"origin":27560,"position":2},"title":"PAULA CHOICE Essential Glow Moisturizer SPF 30","author":"admin","date":"November 28, 2022","format":false,"excerpt":"D\u00e9couvrez l'hydratant \u00e9clat essentiel FPS 30 de Paula's Choice pour une peau radieuse et prot\u00e9g\u00e9e. Cette cr\u00e8me l\u00e9g\u00e8re et illuminatrice contient 12 antioxydants qui aident \u00e0 att\u00e9nuer visiblement les signes de vieillissement environnemental. Gr\u00e2ce \u00e0 sa formule enti\u00e8rement min\u00e9rale, cet hydratant \u00e9clairant offre une protection solaire efficace. Utilisez-le comme derni\u00e8re\u2026","rel":"","context":"Similar post","block_context":{"text":"Similar post","link":""},"img":{"alt_text":"","src":"","width":0,"height":0},"classes":[]},{"id":31942,"url":"https:\/\/sakaba.mghosteur.com\/en\/product\/cerave-skin-renewing-day-with-sunscreen-broad-spectrum-spf-30-2\/","url_meta":{"origin":27560,"position":3},"title":"CERAVE SKIN RENEWING DAY WITH SUNSCREEN BROAD SPECTRUM SPF  30","author":"admin","date":"May 13, 2024","format":false,"excerpt":"Cr\u00e8me de jour r\u00e9g\u00e9n\u00e9ratrice CeraVe est une cr\u00e8me hydratante non com\u00e9dog\u00e8ne encapsul\u00e9e dans du r\u00e9tinol qui combat les rides et les ridules sans provoquer d'irritation. Elle offre \u00e9galement une protection SPF. La protection UVA et UVB est \u00e9galement assur\u00e9e par le large spectre SPF 30.","rel":"","context":"Similar post","block_context":{"text":"Similar post","link":""},"img":{"alt_text":"","src":"","width":0,"height":0},"classes":[]},{"id":27098,"url":"https:\/\/sakaba.mghosteur.com\/en\/product\/hadalabo-anti-aging-hydrator\/","url_meta":{"origin":27560,"position":4},"title":"HADALABO ANTI AGING  HYDRATOR","author":"admin","date":"November 28, 2022","format":false,"excerpt":"","rel":"","context":"Similar post","block_context":{"text":"Similar post","link":""},"img":{"alt_text":"","src":"","width":0,"height":0},"classes":[]},{"id":27636,"url":"https:\/\/sakaba.mghosteur.com\/en\/product\/anti-aging-night-cream\/","url_meta":{"origin":27560,"position":5},"title":"ANTI AGING NIGHT CREAM","author":"admin","date":"November 29, 2022","format":false,"excerpt":"","rel":"","context":"Similar post","block_context":{"text":"Similar post","link":""},"img":{"alt_text":"","src":"","width":0,"height":0},"classes":[]}],"_links":{"self":[{"href":"https:\/\/sakaba.mghosteur.com\/en\/wp-json\/wp\/v2\/product\/27560","targetHints":{"allow":["GET"]}}],"collection":[{"href":"https:\/\/sakaba.mghosteur.com\/en\/wp-json\/wp\/v2\/product"}],"about":[{"href":"https:\/\/sakaba.mghosteur.com\/en\/wp-json\/wp\/v2\/types\/product"}],"replies":[{"embeddable":true,"href":"https:\/\/sakaba.mghosteur.com\/en\/wp-json\/wp\/v2\/comments?post=27560"}],"version-history":[{"count":0,"href":"https:\/\/sakaba.mghosteur.com\/en\/wp-json\/wp\/v2\/product\/27560\/revisions"}],"wp:attachment":[{"href":"https:\/\/sakaba.mghosteur.com\/en\/wp-json\/wp\/v2\/media?parent=27560"}],"wp:term":[{"taxonomy":"product_brand","embeddable":true,"href":"https:\/\/sakaba.mghosteur.com\/en\/wp-json\/wp\/v2\/product_brand?post=27560"},{"taxonomy":"product_cat","embeddable":true,"href":"https:\/\/sakaba.mghosteur.com\/en\/wp-json\/wp\/v2\/product_cat?post=27560"},{"taxonomy":"product_tag","embeddable":true,"href":"https:\/\/sakaba.mghosteur.com\/en\/wp-json\/wp\/v2\/product_tag?post=27560"}],"curies":[{"name":"wp","href":"https:\/\/api.w.org\/{rel}","templated":true}]}}