{"id":27568,"date":"2022-11-29T16:01:09","date_gmt":"2022-11-29T16:01:09","guid":{"rendered":"http:\/\/www.sakababeauty.com\/?post_type=product&#038;p=27568"},"modified":"2024-08-07T20:53:01","modified_gmt":"2024-08-07T20:53:01","slug":"brightening-clearing-brume-illuminant-et-purifiant-le-teint","status":"publish","type":"product","link":"https:\/\/sakaba.mghosteur.com\/en\/product\/brightening-clearing-brume-illuminant-et-purifiant-le-teint\/","title":{"rendered":"BRIGHTENING &amp;CLEARING BRUME ILLUMINANT ET PURIFIANT LE TEINT"},"content":{"rendered":"<div class=\"flex-1 overflow-hidden\">\n<div class=\"react-scroll-to-bottom--css-otcae-79elbk h-full dark:bg-gray-800\">\n<div class=\"react-scroll-to-bottom--css-otcae-1n7m0yu\">\n<div class=\"flex flex-col items-center text-sm dark:bg-gray-800\">\n<div class=\"group w-full text-gray-800 dark:text-gray-100 border-b border-black\/10 dark:border-gray-900\/50 bg-gray-50 dark:bg-[#444654]\">\n<div class=\"text-base gap-4 md:gap-6 md:max-w-2xl lg:max-w-xl xl:max-w-3xl p-4 md:py-6 flex lg:px-0 m-auto\">\n<div class=\"relative flex w-[calc(100%-50px)] flex-col gap-1 md:gap-3 lg:w-[calc(100%-115px)]\">\n<div class=\"flex flex-grow flex-col gap-3\">\n<div class=\"min-h-[20px] flex flex-col items-start gap-4 whitespace-pre-wrap\">\n<div class=\"markdown prose w-full break-words dark:prose-invert light\">\n<p>Dites adieu aux taches tenaces sur votre corps avec FADED | BRIGHTENING &amp; CLEARING MIST de la marque TOPICALS. Cette brume corporelle d\u00e9licate est sp\u00e9cialement con\u00e7ue pour estomper l&#8217;apparence des cicatrices, des marques et des taches sombres, tout en laissant votre peau lisse et unifi\u00e9e. Profitez de l&#8217;odeur apaisante du th\u00e9 vert pendant que vous vous d\u00e9tendez. Attention, ne l&#8217;utilisez pas avec des AHA, des BHA ou des r\u00e9tinols. Bien que sans danger pour l&#8217;hyperpigmentation corporelle, \u00e9vitez l&#8217;utilisation sur le visage pour \u00e9viter l&#8217;irritation. Donnez \u00e0 votre peau un nouvel \u00e9clat avec FADED | BRIGHTENING &amp; CLEARING MIST.<\/p>\n<\/div>\n<\/div>\n<\/div>\n<div class=\"flex justify-between lg:block\">\n<div class=\"text-gray-400 flex self-end lg:self-center justify-center mt-2 gap-2 md:gap-3 lg:gap-1 lg:absolute lg:top-0 lg:translate-x-full lg:right-0 lg:mt-0 lg:pl-2 visible\"><\/div>\n<\/div>\n<\/div>\n<\/div>\n<\/div>\n<div class=\"w-full h-32 md:h-48 flex-shrink-0\"><\/div>\n<\/div>\n<p><button class=\"cursor-pointer absolute right-6 bottom-[124px] md:bottom-[120px] z-10 rounded-full border border-gray-200 bg-gray-50 text-gray-600 dark:border-white\/10 dark:bg-white\/10 dark:text-gray-200\"><\/button><\/div>\n<\/div>\n<\/div>\n<div class=\"absolute bottom-0 left-0 w-full border-t md:border-t-0 dark:border-white\/20 md:border-transparent md:dark:border-transparent md:bg-vert-light-gradient bg-white dark:bg-gray-800 md:!bg-transparent dark:md:bg-vert-dark-gradient pt-2\">\n<div class=\"relative flex h-full flex-1 md:flex-col\">\n<div class=\"flex ml-1 md:w-full md:m-auto md:mb-2 gap-0 md:gap-2 justify-center\"><\/div>\n<\/div>\n<\/div>","protected":false},"excerpt":{"rendered":"<p>Dites adieu aux taches tenaces sur votre corps avec FADED | BRIGHTENING &amp; CLEARING MIST de la marque TOPICALS. Cette brume corporelle d\u00e9licate est sp\u00e9cialement con\u00e7ue pour estomper l&#8217;apparence des cicatrices, des marques et des taches sombres, tout en laissant votre peau lisse et unifi\u00e9e. Profitez de l&#8217;odeur apaisante du th\u00e9 vert pendant que vous<span class=\"read-more-faq\"><a href=\"https:\/\/sakaba.mghosteur.com\/en\/product\/brightening-clearing-brume-illuminant-et-purifiant-le-teint\/\">Read More<\/a><\/span><\/p>","protected":false},"featured_media":0,"comment_status":"closed","ping_status":"closed","template":"","meta":[],"product_brand":[],"product_cat":[293,447,291,1061],"product_tag":[],"class_list":{"0":"post-27568","1":"product","2":"type-product","3":"status-publish","5":"product_cat-anti-taches","6":"product_cat-aac-bain-et-corps","7":"product_cat-eclaircissant","8":"product_cat-lait-huile_corporelle","10":"first","11":"instock","12":"shipping-taxable","13":"product-type-simple"},"jetpack-related-posts":[{"id":29363,"url":"https:\/\/sakaba.mghosteur.com\/en\/product\/faded-brightening-clearing-gel\/","url_meta":{"origin":27568,"position":0},"title":"FADED BRIGHTENING CLEARING GEL","author":"admin","date":"April 3, 2023","format":false,"excerpt":"Le S\u00e9rum Faded de la marque TOPICALS est un traitement s\u00fbr et efficace contre les taches brunes et la d\u00e9coloration de la peau. Il est con\u00e7u pour r\u00e9duire les marques post-imperfections, les cicatrices et les taches, quelle que soit la couleur de peau. Ce s\u00e9rum doux peut \u00eatre utilis\u00e9 quotidiennement\u2026","rel":"","context":"Similar post","block_context":{"text":"Similar post","link":""},"img":{"alt_text":"","src":"","width":0,"height":0},"classes":[]},{"id":32883,"url":"https:\/\/sakaba.mghosteur.com\/en\/product\/faded-brightening-clearing-gel-50-ml\/","url_meta":{"origin":27568,"position":1},"title":"FADED BRIGHTENING CLEARING GEL 50 ML","author":"admin","date":"May 16, 2024","format":false,"excerpt":"","rel":"","context":"Similar post","block_context":{"text":"Similar post","link":""},"img":{"alt_text":"","src":"","width":0,"height":0},"classes":[]},{"id":32951,"url":"https:\/\/sakaba.mghosteur.com\/en\/product\/topicals-faded-brightening-clearing-serum-15-ml\/","url_meta":{"origin":27568,"position":2},"title":"TOPICALS FADED BRIGHTENING &amp; CLEARING SERUM 15 ML","author":"admin","date":"May 16, 2024","format":false,"excerpt":"","rel":"","context":"Similar post","block_context":{"text":"Similar post","link":""},"img":{"alt_text":"","src":"","width":0,"height":0},"classes":[]},{"id":29372,"url":"https:\/\/sakaba.mghosteur.com\/en\/product\/topicals-faded-brightening-clearing-eye-masks\/","url_meta":{"origin":27568,"position":3},"title":"TOPICALS FADED BRIGHTENING &amp; CLEARING EYE MASKS","author":"admin","date":"April 3, 2023","format":false,"excerpt":"D\u00e9couvrez Slick Salve de la marque TOPICALS - une pommade baume \u00e0 huile tout usage qui hydrate votre peau et maintient la s\u00e9cheresse \u00e0 l'\u00e9cart. Utilisez-la sur vos l\u00e8vres, vos cuticules ou toute zone dess\u00e9ch\u00e9e pour un soulagement instantan\u00e9. Appliquez une fine couche uniforme et r\u00e9appliquez au besoin pour une\u2026","rel":"","context":"Similar post","block_context":{"text":"Similar post","link":""},"img":{"alt_text":"","src":"","width":0,"height":0},"classes":[]},{"id":27035,"url":"https:\/\/sakaba.mghosteur.com\/en\/product\/hyper-clear-brightening-clearing-vitamin-c-serum\/","url_meta":{"origin":27568,"position":4},"title":"HYPER CLEAR BRIGHTENING CLEARING VITAMIN C SERUM","author":"admin","date":"November 28, 2022","format":false,"excerpt":"","rel":"","context":"Similar post","block_context":{"text":"Similar post","link":""},"img":{"alt_text":"","src":"","width":0,"height":0},"classes":[]},{"id":28864,"url":"https:\/\/sakaba.mghosteur.com\/en\/product\/hyper-even-for-brightening-dark-spot-and-discolora\/","url_meta":{"origin":27568,"position":5},"title":"HYPER EVEN FOR BRIGHTENING DARK SPOT AND DISCOLORANTION","author":"admin","date":"March 6, 2023","format":false,"excerpt":"Dites adieu aux taches brunes tenaces et bonjour \u00e0 une peau uniforme et \u00e9clatante avec le s\u00e9rum Hyper Brightening \u00e0 la Vitamine C pour les Taches Sombres de HYPER EVEN. Cette formule intensive est con\u00e7ue pour combattre efficacement l'hyperpigmentation et les signes du vieillissement. Notre ingr\u00e9dient phare, la vitamine C\u2026","rel":"","context":"Similar post","block_context":{"text":"Similar post","link":""},"img":{"alt_text":"","src":"","width":0,"height":0},"classes":[]}],"_links":{"self":[{"href":"https:\/\/sakaba.mghosteur.com\/en\/wp-json\/wp\/v2\/product\/27568","targetHints":{"allow":["GET"]}}],"collection":[{"href":"https:\/\/sakaba.mghosteur.com\/en\/wp-json\/wp\/v2\/product"}],"about":[{"href":"https:\/\/sakaba.mghosteur.com\/en\/wp-json\/wp\/v2\/types\/product"}],"replies":[{"embeddable":true,"href":"https:\/\/sakaba.mghosteur.com\/en\/wp-json\/wp\/v2\/comments?post=27568"}],"version-history":[{"count":0,"href":"https:\/\/sakaba.mghosteur.com\/en\/wp-json\/wp\/v2\/product\/27568\/revisions"}],"wp:attachment":[{"href":"https:\/\/sakaba.mghosteur.com\/en\/wp-json\/wp\/v2\/media?parent=27568"}],"wp:term":[{"taxonomy":"product_brand","embeddable":true,"href":"https:\/\/sakaba.mghosteur.com\/en\/wp-json\/wp\/v2\/product_brand?post=27568"},{"taxonomy":"product_cat","embeddable":true,"href":"https:\/\/sakaba.mghosteur.com\/en\/wp-json\/wp\/v2\/product_cat?post=27568"},{"taxonomy":"product_tag","embeddable":true,"href":"https:\/\/sakaba.mghosteur.com\/en\/wp-json\/wp\/v2\/product_tag?post=27568"}],"curies":[{"name":"wp","href":"https:\/\/api.w.org\/{rel}","templated":true}]}}