{"id":27571,"date":"2022-11-29T16:02:47","date_gmt":"2022-11-29T16:02:47","guid":{"rendered":"http:\/\/www.sakababeauty.com\/?post_type=product&#038;p=27571"},"modified":"2024-08-07T20:53:52","modified_gmt":"2024-08-07T20:53:52","slug":"slick-salve","status":"publish","type":"product","link":"https:\/\/sakaba.mghosteur.com\/en\/product\/slick-salve\/","title":{"rendered":"SLICK SALVE"},"content":{"rendered":"<p>D\u00e9couvrez Slick Salve de la marque TOPICALS &#8211; une pommade baume \u00e0 huile tout usage qui hydrate votre peau et maintient la s\u00e9cheresse \u00e0 l&#8217;\u00e9cart. Utilisez-la sur vos l\u00e8vres, vos cuticules ou toute zone dess\u00e9ch\u00e9e pour un soulagement instantan\u00e9. Appliquez une fine couche uniforme et r\u00e9appliquez au besoin pour une hydratation continue.<\/p>","protected":false},"excerpt":{"rendered":"<p>D\u00e9couvrez Slick Salve de la marque TOPICALS &#8211; une pommade baume \u00e0 huile tout usage qui hydrate votre peau et maintient la s\u00e9cheresse \u00e0 l&#8217;\u00e9cart. Utilisez-la sur vos l\u00e8vres, vos cuticules ou toute zone dess\u00e9ch\u00e9e pour un soulagement instantan\u00e9. Appliquez une fine couche uniforme et r\u00e9appliquez au besoin pour une hydratation continue.<\/p>","protected":false},"featured_media":0,"comment_status":"closed","ping_status":"closed","template":"","meta":[],"product_brand":[],"product_cat":[1054,451],"product_tag":[],"class_list":{"0":"post-27571","1":"product","2":"type-product","3":"status-publish","5":"product_cat-soins-des-levres","6":"product_cat-aab-soin-du-visage","8":"first","9":"instock","10":"shipping-taxable","11":"product-type-simple"},"jetpack-related-posts":[{"id":29372,"url":"https:\/\/sakaba.mghosteur.com\/en\/product\/topicals-faded-brightening-clearing-eye-masks\/","url_meta":{"origin":27571,"position":0},"title":"TOPICALS FADED BRIGHTENING &amp; CLEARING EYE MASKS","author":"admin","date":"April 3, 2023","format":false,"excerpt":"D\u00e9couvrez Slick Salve de la marque TOPICALS - une pommade baume \u00e0 huile tout usage qui hydrate votre peau et maintient la s\u00e9cheresse \u00e0 l'\u00e9cart. Utilisez-la sur vos l\u00e8vres, vos cuticules ou toute zone dess\u00e9ch\u00e9e pour un soulagement instantan\u00e9. Appliquez une fine couche uniforme et r\u00e9appliquez au besoin pour une\u2026","rel":"","context":"Similar post","block_context":{"text":"Similar post","link":""},"img":{"alt_text":"","src":"","width":0,"height":0},"classes":[]},{"id":27814,"url":"https:\/\/sakaba.mghosteur.com\/en\/product\/oat-and-hemp-multi-fix-salve\/","url_meta":{"origin":27571,"position":1},"title":"OAT AND HEMP MULTI FIX SALVE","author":"admin","date":"November 29, 2022","format":false,"excerpt":"","rel":"","context":"Similar post","block_context":{"text":"Similar post","link":""},"img":{"alt_text":"","src":"","width":0,"height":0},"classes":[]},{"id":32007,"url":"https:\/\/sakaba.mghosteur.com\/en\/product\/cerave-facial-moisturizing-lotion-am-60ml-3\/","url_meta":{"origin":27571,"position":2},"title":"CERAVE FACIAL MOISTURIZING LOTION AM 60ML","author":"admin","date":"May 13, 2024","format":false,"excerpt":"L'hydratant pour le visage CeraVe AM avec \u00e9cran solaire SPF 30 \u00e0 large spectre est un soin matinal multit\u00e2che qui fournit une hydratation continue tout au long de la journ\u00e9e tout en aidant \u00e0 absorber et \u00e0 refl\u00e9ter les rayons UVA et UVB nocifs du soleil et \u00e0 restaurer la\u2026","rel":"","context":"Similar post","block_context":{"text":"Similar post","link":""},"img":{"alt_text":"","src":"","width":0,"height":0},"classes":[]},{"id":31965,"url":"https:\/\/sakaba.mghosteur.com\/en\/product\/cerave-facial-moisturizing-lotion-am-89ml-spf-30\/","url_meta":{"origin":27571,"position":3},"title":"CERAVE FACIAL MOISTURIZING LOTION AM 89ML SPF 30","author":"admin","date":"May 13, 2024","format":false,"excerpt":"L'hydratant pour le visage CeraVe AM avec \u00e9cran solaire SPF 30 \u00e0 large spectre est un soin matinal multit\u00e2che qui fournit une hydratation continue tout au long de la journ\u00e9e tout en aidant \u00e0 absorber et \u00e0 refl\u00e9ter les rayons UVA et UVB nocifs du soleil et \u00e0 restaurer la\u2026","rel":"","context":"Similar post","block_context":{"text":"Similar post","link":""},"img":{"alt_text":"","src":"","width":0,"height":0},"classes":[]},{"id":28119,"url":"https:\/\/sakaba.mghosteur.com\/en\/product\/cerave-baby-wash-shampoo\/","url_meta":{"origin":27571,"position":4},"title":"CERAVE BABY WASH &#038; shampoo","author":"admin","date":"November 30, 2022","format":false,"excerpt":"La lotion hydratante pour b\u00e9b\u00e9 de la marque CeraVe est sp\u00e9cialement con\u00e7ue pour la peau d\u00e9licate de votre tout-petit. Cette lotion est id\u00e9ale pour hydrater et nourrir la peau de b\u00e9b\u00e9 tout en maintenant une barri\u00e8re protectrice naturelle. Formul\u00e9e avec trois c\u00e9ramides essentiels, de l'acide hyaluronique et de la vitamine\u2026","rel":"","context":"Similar post","block_context":{"text":"Similar post","link":""},"img":{"alt_text":"","src":"","width":0,"height":0},"classes":[]},{"id":24187,"url":"https:\/\/sakaba.mghosteur.com\/en\/product\/cerave-facial-moisturizing-lotion-am-60ml\/","url_meta":{"origin":27571,"position":5},"title":"CERAVE FACIAL MOISTURIZING LOTION PM 60ML","author":"admin","date":"November 9, 2022","format":false,"excerpt":"La lotion hydratante pour le visage CeraVe PM est le choix parfait pour ceux qui cherchent une cr\u00e8me de nuit l\u00e9g\u00e8re et non grasse. Cette lotion a \u00e9t\u00e9 sp\u00e9cialement con\u00e7ue pour aider \u00e0 hydrater, calmer et apaiser votre peau tout en restaurant sa barri\u00e8re d'hydratation naturelle, gr\u00e2ce \u00e0 sa formule\u2026","rel":"","context":"Similar post","block_context":{"text":"Similar post","link":""},"img":{"alt_text":"","src":"","width":0,"height":0},"classes":[]}],"_links":{"self":[{"href":"https:\/\/sakaba.mghosteur.com\/en\/wp-json\/wp\/v2\/product\/27571","targetHints":{"allow":["GET"]}}],"collection":[{"href":"https:\/\/sakaba.mghosteur.com\/en\/wp-json\/wp\/v2\/product"}],"about":[{"href":"https:\/\/sakaba.mghosteur.com\/en\/wp-json\/wp\/v2\/types\/product"}],"replies":[{"embeddable":true,"href":"https:\/\/sakaba.mghosteur.com\/en\/wp-json\/wp\/v2\/comments?post=27571"}],"version-history":[{"count":0,"href":"https:\/\/sakaba.mghosteur.com\/en\/wp-json\/wp\/v2\/product\/27571\/revisions"}],"wp:attachment":[{"href":"https:\/\/sakaba.mghosteur.com\/en\/wp-json\/wp\/v2\/media?parent=27571"}],"wp:term":[{"taxonomy":"product_brand","embeddable":true,"href":"https:\/\/sakaba.mghosteur.com\/en\/wp-json\/wp\/v2\/product_brand?post=27571"},{"taxonomy":"product_cat","embeddable":true,"href":"https:\/\/sakaba.mghosteur.com\/en\/wp-json\/wp\/v2\/product_cat?post=27571"},{"taxonomy":"product_tag","embeddable":true,"href":"https:\/\/sakaba.mghosteur.com\/en\/wp-json\/wp\/v2\/product_tag?post=27571"}],"curies":[{"name":"wp","href":"https:\/\/api.w.org\/{rel}","templated":true}]}}