{"id":27580,"date":"2022-11-29T16:08:49","date_gmt":"2022-11-29T16:08:49","guid":{"rendered":"http:\/\/www.sakababeauty.com\/?post_type=product&#038;p=27580"},"modified":"2022-11-29T16:08:49","modified_gmt":"2022-11-29T16:08:49","slug":"urban-acne-serum-spot-treatment","status":"publish","type":"product","link":"https:\/\/sakaba.mghosteur.com\/en\/product\/urban-acne-serum-spot-treatment\/","title":{"rendered":"URBAN ACNE SERUM + SPOT TREATMENT"},"content":{"rendered":"","protected":false},"excerpt":{"rendered":"","protected":false},"featured_media":0,"comment_status":"closed","ping_status":"closed","template":"","meta":[],"product_brand":[],"product_cat":[377],"product_tag":[],"class_list":{"0":"post-27580","1":"product","2":"type-product","3":"status-publish","5":"product_cat-bath-body-works","7":"first","8":"instock","9":"shipping-taxable","10":"product-type-simple"},"jetpack-related-posts":[{"id":27032,"url":"https:\/\/sakaba.mghosteur.com\/en\/product\/urban-retinol-rapid-repair-dark-spot-treatment\/","url_meta":{"origin":27580,"position":0},"title":"URBAN RETINOL RAPID REPAIR &amp; DARK SPOT TREATMENT","author":"admin","date":"November 28, 2022","format":false,"excerpt":"L'arme secr\u00e8te de cette formule est bien s\u00fbr le r\u00e9tinol, qui agit pour exfolier et am\u00e9liorer l'apparence du teint, de la texture, des \u00e9ruptions cutan\u00e9es et des marques post-\u00e9ruptions cutan\u00e9es et vous mettre sur la voie d'une peau lisse et \u00e9clatante. Il contient \u00e9galement de l'acide kojique pour cibler l'hyperpigmentation\u2026","rel":"","context":"Similar post","block_context":{"text":"Similar post","link":""},"img":{"alt_text":"","src":"","width":0,"height":0},"classes":[]},{"id":24566,"url":"https:\/\/sakaba.mghosteur.com\/en\/product\/clean-clear-advantage-acne-spot-treatment\/","url_meta":{"origin":27580,"position":1},"title":"CLEAN &amp; CLEAR ADVANTAGE ACNE SPOT TREATMENT","author":"admin","date":"November 10, 2022","format":false,"excerpt":"Le traitement localis\u00e9 contre l'acn\u00e9 CLEAN and CLEAR ADVANTAGE agit rapidement pour r\u00e9duire les signes visibles de l'acn\u00e9. La taille des boutons, leur gonflement et leurs rougeurs sont r\u00e9duits. Ce traitement cutan\u00e9 est id\u00e9al pour les peaux normales, grasses et mixtes. Il a \u00e9t\u00e9 cliniquement prouv\u00e9 qu'il permet d'obtenir une\u2026","rel":"","context":"Similar post","block_context":{"text":"Similar post","link":""},"img":{"alt_text":"","src":"","width":0,"height":0},"classes":[]},{"id":27564,"url":"https:\/\/sakaba.mghosteur.com\/en\/product\/acne-treatment-gel\/","url_meta":{"origin":27580,"position":2},"title":"ACNE TREATMENT GEL","author":"admin","date":"November 29, 2022","format":false,"excerpt":"","rel":"","context":"Similar post","block_context":{"text":"Similar post","link":""},"img":{"alt_text":"","src":"","width":0,"height":0},"classes":[]},{"id":27921,"url":"https:\/\/sakaba.mghosteur.com\/en\/product\/milk-marvel-dark-spot-serum\/","url_meta":{"origin":27580,"position":3},"title":"MILK MARVEL DARK SPOT SERUM","author":"admin","date":"November 29, 2022","format":false,"excerpt":"Un s\u00e9rum sans parfum, sp\u00e9cialement formul\u00e9 pour les peaux noires, qui r\u00e9duit rapidement les taches brunes visibles, l'hyperpigmentation et les marques post-acn\u00e9 tout en conf\u00e9rant un \u00e9clat d'apparence saine.","rel":"","context":"Similar post","block_context":{"text":"Similar post","link":""},"img":{"alt_text":"","src":"","width":0,"height":0},"classes":[]},{"id":26550,"url":"https:\/\/sakaba.mghosteur.com\/en\/product\/acne-org-treatment-benzoyl-peroxide-2-5\/","url_meta":{"origin":27580,"position":4},"title":"ACNE . ORG TREATMENT BENZOYL PEROXIDE 2.5%","author":"admin","date":"November 25, 2022","format":false,"excerpt":"","rel":"","context":"Similar post","block_context":{"text":"Similar post","link":""},"img":{"alt_text":"","src":"","width":0,"height":0},"classes":[]},{"id":27019,"url":"https:\/\/sakaba.mghosteur.com\/en\/product\/combination-skin-cleansing-bar-3-in-1-treatment\/","url_meta":{"origin":27580,"position":5},"title":"COMBINATION SKIN CLEANSING BAR 3 IN 1 TREATMENT","author":"admin","date":"November 28, 2022","format":false,"excerpt":"D\u00e9couvrez la barre nettoyante pour peaux mixtes de la marque Urban Skin, r\u00e9compens\u00e9e par le prestigieux prix Allure Best of Beauty Award. Con\u00e7ue sp\u00e9cialement pour les peaux mixtes, s\u00e8ches et vieillissantes, cette barre nettoyante offre une exp\u00e9rience de nettoyage ultime en lissant, hydratant et illuminant votre peau pour r\u00e9v\u00e9ler votre\u2026","rel":"","context":"Similar post","block_context":{"text":"Similar post","link":""},"img":{"alt_text":"","src":"","width":0,"height":0},"classes":[]}],"_links":{"self":[{"href":"https:\/\/sakaba.mghosteur.com\/en\/wp-json\/wp\/v2\/product\/27580","targetHints":{"allow":["GET"]}}],"collection":[{"href":"https:\/\/sakaba.mghosteur.com\/en\/wp-json\/wp\/v2\/product"}],"about":[{"href":"https:\/\/sakaba.mghosteur.com\/en\/wp-json\/wp\/v2\/types\/product"}],"replies":[{"embeddable":true,"href":"https:\/\/sakaba.mghosteur.com\/en\/wp-json\/wp\/v2\/comments?post=27580"}],"version-history":[{"count":0,"href":"https:\/\/sakaba.mghosteur.com\/en\/wp-json\/wp\/v2\/product\/27580\/revisions"}],"wp:attachment":[{"href":"https:\/\/sakaba.mghosteur.com\/en\/wp-json\/wp\/v2\/media?parent=27580"}],"wp:term":[{"taxonomy":"product_brand","embeddable":true,"href":"https:\/\/sakaba.mghosteur.com\/en\/wp-json\/wp\/v2\/product_brand?post=27580"},{"taxonomy":"product_cat","embeddable":true,"href":"https:\/\/sakaba.mghosteur.com\/en\/wp-json\/wp\/v2\/product_cat?post=27580"},{"taxonomy":"product_tag","embeddable":true,"href":"https:\/\/sakaba.mghosteur.com\/en\/wp-json\/wp\/v2\/product_tag?post=27580"}],"curies":[{"name":"wp","href":"https:\/\/api.w.org\/{rel}","templated":true}]}}