{"id":27583,"date":"2022-11-29T16:11:39","date_gmt":"2022-11-29T16:11:39","guid":{"rendered":"http:\/\/www.sakababeauty.com\/?post_type=product&#038;p=27583"},"modified":"2024-08-07T19:46:27","modified_gmt":"2024-08-07T19:46:27","slug":"beauty-of-joseonrelief-sun-rice-probiotcs-spf-50","status":"publish","type":"product","link":"https:\/\/sakaba.mghosteur.com\/en\/product\/beauty-of-joseonrelief-sun-rice-probiotcs-spf-50\/","title":{"rendered":"BEAUTY OF JOSEON Relief Sun : Rice + Probiotics (SPF50+ PA++++)"},"content":{"rendered":"<p>D\u00e9couvrez le produit solaire organique Relief Sun de la marque Beauty of Joseon, enrichi avec 30 % d&#8217;extrait de riz et d&#8217;extraits de c\u00e9r\u00e9ales ferment\u00e9es pour une hydratation et une nutrition de la peau optimales. Sa texture l\u00e9g\u00e8re et cr\u00e9meuse ressemble \u00e0 une cr\u00e8me hydratante l\u00e9g\u00e8re qui ne colle pas et ne devient pas p\u00e2teuse, m\u00eame lorsque vous appliquez une grande quantit\u00e9. Il ne laisse pas d&#8217;effet blanc apr\u00e8s absorption et donne un \u00e9clat naturel \u00e0 la peau.<\/p>\n<p>Les extraits ferment\u00e9s de riz et de c\u00e9r\u00e9ales riches en vitamines B, C, E, acides amin\u00e9s et min\u00e9raux apaisent confortablement la peau s\u00e8che et lui offrent un confort optimal. De plus, les tests SPF et PA effectu\u00e9s dans des laboratoires en Cor\u00e9e et en Espagne garantissent une protection solaire efficace contre les rayons UV nocifs.<\/p>\n<p>Beauty of Joseon Relief Sun est le choix parfait pour prot\u00e9ger et hydrater votre peau pendant les journ\u00e9es ensoleill\u00e9es.<\/p>","protected":false},"excerpt":{"rendered":"<p>D\u00e9couvrez le produit solaire organique Relief Sun de la marque Beauty of Joseon, enrichi avec 30 % d&#8217;extrait de riz et d&#8217;extraits de c\u00e9r\u00e9ales ferment\u00e9es pour une hydratation et une nutrition de la peau optimales. Sa texture l\u00e9g\u00e8re et cr\u00e9meuse ressemble \u00e0 une cr\u00e8me hydratante l\u00e9g\u00e8re qui ne colle pas et ne devient pas p\u00e2teuse,<span class=\"read-more-faq\"><a href=\"https:\/\/sakaba.mghosteur.com\/en\/product\/beauty-of-joseonrelief-sun-rice-probiotcs-spf-50\/\">Read More<\/a><\/span><\/p>","protected":false},"featured_media":0,"comment_status":"closed","ping_status":"closed","template":"","meta":[],"product_brand":[],"product_cat":[1055,1018,451],"product_tag":[],"class_list":{"0":"post-27583","1":"product","2":"type-product","3":"status-publish","5":"product_cat-protection-solaire-visage","6":"product_cat-aai-produis-coreens","7":"product_cat-aab-soin-du-visage","9":"first","10":"instock","11":"shipping-taxable","12":"product-type-simple"},"jetpack-related-posts":[{"id":30228,"url":"https:\/\/sakaba.mghosteur.com\/en\/product\/beauty-of-joseonrelief-sun-rice-probiotics-spfpa-duo\/","url_meta":{"origin":27583,"position":0},"title":"BEAUTY OF JOSEONRELIEF SUN RICE + PROBIOTICS  SPF+PA++++ DUO","author":"admin","date":"May 4, 2023","format":false,"excerpt":"D\u00e9couvrez Relief Sun, un \u00e9cran solaire organique et cr\u00e9meux qui nourrit et hydrate votre peau. Cet \u00e9cran solaire contient 30% d'extrait de riz et d'extraits de c\u00e9r\u00e9ales ferment\u00e9es riches en vitamines B, C, E, acides amin\u00e9s et min\u00e9raux. Sa texture cr\u00e8me l\u00e9g\u00e8re est confortable sur la peau et ne colle\u2026","rel":"","context":"Similar post","block_context":{"text":"Similar post","link":""},"img":{"alt_text":"","src":"","width":0,"height":0},"classes":[]},{"id":31384,"url":"https:\/\/sakaba.mghosteur.com\/en\/product\/beauty-of-joseon-matte-sun-stick-mugwort-camelia\/","url_meta":{"origin":27583,"position":1},"title":"BEAUTY OF JOSEON MATTE SUN STICK MUGWORT + CAMELIA","author":"admin","date":"May 10, 2024","format":false,"excerpt":"Matte Sun Stick : Mugwort+Camelia (SPF 50+ PA+++) Contrairement \u00e0 la plupart des sticks solaires con\u00e7us principalement pour les activit\u00e9s en ext\u00e9rieur, notre Matte Sun Stick est sp\u00e9cialement formul\u00e9 pour r\u00e9pondre aux besoins des environnements urbains quotidiens. Il est crucial de r\u00e9appliquer r\u00e9guli\u00e8rement une protection solaire toutes les 2 \u00e0\u2026","rel":"","context":"Similar post","block_context":{"text":"Similar post","link":""},"img":{"alt_text":"","src":"","width":0,"height":0},"classes":[]},{"id":30300,"url":"https:\/\/sakaba.mghosteur.com\/en\/product\/beauty-of-joseon-radiance-cleansing-balm\/","url_meta":{"origin":27583,"position":2},"title":"BEAUTY OF JOSEON RADIANCE CLEANSING BALM","author":"admin","date":"May 8, 2023","format":false,"excerpt":"Description du produit : Baume Nettoyant \u00c9clat de la marque BEAUTY OF JOSEON Le Baume Nettoyant \u00c9clat est un produit nettoyant \u00e0 base d'huile de type baume qui fond doucement sur la peau pour \u00e9liminer en douceur le maquillage, l'exc\u00e8s de s\u00e9bum et les impuret\u00e9s. Sa texture baume solide est\u2026","rel":"","context":"Similar post","block_context":{"text":"Similar post","link":""},"img":{"alt_text":"","src":"","width":0,"height":0},"classes":[]},{"id":31506,"url":"https:\/\/sakaba.mghosteur.com\/en\/product\/madagascar-centella-hyalu-cica-water-fit-sun\/","url_meta":{"origin":27583,"position":3},"title":"MADAGASCAR CENTELLA HYALU CICA WATER FIT SUN","author":"admin","date":"May 10, 2024","format":false,"excerpt":"HYALU-CICA WATER-FIT SUN SERUM SPF50+ PA++++ DESCRIPTION : Le s\u00e9rum solaire HYALU-CICA WATER-FIT SPF50+ PA++++ est une solution non nanochimique qui assure une protection efficace contre les rayons UV tout en offrant une hydratation optimale \u00e0 la peau. Sa formule unique laisse un fini hydrat\u00e9 et ros\u00e9, procurant \u00e0 votre\u2026","rel":"","context":"Similar post","block_context":{"text":"Similar post","link":""},"img":{"alt_text":"","src":"","width":0,"height":0},"classes":[]},{"id":25336,"url":"https:\/\/sakaba.mghosteur.com\/en\/product\/beauty-of-joseon-relief-sun-rice-probiotcs-spf-50\/","url_meta":{"origin":27583,"position":4},"title":"BEAUTY OF JOSEON RELIEF SUN RICE + PROBIOTCS SPF 50","author":"admin","date":"November 14, 2022","format":false,"excerpt":"","rel":"","context":"Similar post","block_context":{"text":"Similar post","link":""},"img":{"alt_text":"","src":"","width":0,"height":0},"classes":[]},{"id":29445,"url":"https:\/\/sakaba.mghosteur.com\/en\/product\/cosrx-aloe-soothing-sun-cream\/","url_meta":{"origin":27583,"position":5},"title":"COSRX ALOE SOOTHING SUN CREAM","author":"admin","date":"April 4, 2023","format":false,"excerpt":"Le produit est une cr\u00e8me solaire apaisante Alo\u00e8s SPF50+\/ PA+++ de la marque COSRX. Cette cr\u00e8me solaire ne laisse pas de trace blanche et contient de l'extrait de feuille d'Aloe Arborescens pour apaiser la peau. Elle convient pour une utilisation quotidienne et est l\u00e9g\u00e8re comme un hydratant.","rel":"","context":"Similar post","block_context":{"text":"Similar post","link":""},"img":{"alt_text":"","src":"","width":0,"height":0},"classes":[]}],"_links":{"self":[{"href":"https:\/\/sakaba.mghosteur.com\/en\/wp-json\/wp\/v2\/product\/27583","targetHints":{"allow":["GET"]}}],"collection":[{"href":"https:\/\/sakaba.mghosteur.com\/en\/wp-json\/wp\/v2\/product"}],"about":[{"href":"https:\/\/sakaba.mghosteur.com\/en\/wp-json\/wp\/v2\/types\/product"}],"replies":[{"embeddable":true,"href":"https:\/\/sakaba.mghosteur.com\/en\/wp-json\/wp\/v2\/comments?post=27583"}],"version-history":[{"count":0,"href":"https:\/\/sakaba.mghosteur.com\/en\/wp-json\/wp\/v2\/product\/27583\/revisions"}],"wp:attachment":[{"href":"https:\/\/sakaba.mghosteur.com\/en\/wp-json\/wp\/v2\/media?parent=27583"}],"wp:term":[{"taxonomy":"product_brand","embeddable":true,"href":"https:\/\/sakaba.mghosteur.com\/en\/wp-json\/wp\/v2\/product_brand?post=27583"},{"taxonomy":"product_cat","embeddable":true,"href":"https:\/\/sakaba.mghosteur.com\/en\/wp-json\/wp\/v2\/product_cat?post=27583"},{"taxonomy":"product_tag","embeddable":true,"href":"https:\/\/sakaba.mghosteur.com\/en\/wp-json\/wp\/v2\/product_tag?post=27583"}],"curies":[{"name":"wp","href":"https:\/\/api.w.org\/{rel}","templated":true}]}}