{"id":27591,"date":"2022-11-29T16:16:46","date_gmt":"2022-11-29T16:16:46","guid":{"rendered":"http:\/\/www.sakababeauty.com\/?post_type=product&#038;p=27591"},"modified":"2024-08-22T00:13:57","modified_gmt":"2024-08-22T00:13:57","slug":"tiam-hyaluronic-water-plumping-serum","status":"publish","type":"product","link":"https:\/\/sakaba.mghosteur.com\/en\/product\/tiam-hyaluronic-water-plumping-serum\/","title":{"rendered":"TIAM HYALURONIC WATER PLUMPING SERUM"},"content":{"rendered":"","protected":false},"excerpt":{"rendered":"","protected":false},"featured_media":0,"comment_status":"closed","ping_status":"closed","template":"","meta":[],"product_brand":[],"product_cat":[1018,451,334],"product_tag":[],"class_list":{"0":"post-27591","1":"product","2":"type-product","3":"status-publish","5":"product_cat-aai-produis-coreens","6":"product_cat-aab-soin-du-visage","7":"product_cat-traitement-serum","9":"first","10":"instock","11":"shipping-taxable","12":"product-type-simple"},"jetpack-related-posts":[{"id":27888,"url":"https:\/\/sakaba.mghosteur.com\/en\/product\/farmacy-filling-good-hyaluronic-acid-plumping-serum\/","url_meta":{"origin":27591,"position":0},"title":"FARMACY FILLING GOOD HYALURONIC ACID PLUMPING SERUM","author":"admin","date":"November 29, 2022","format":false,"excerpt":"","rel":"","context":"Similar post","block_context":{"text":"Similar post","link":""},"img":{"alt_text":"","src":"","width":0,"height":0},"classes":[]},{"id":33697,"url":"https:\/\/sakaba.mghosteur.com\/en\/product\/farmacy-filling-good-hyaluronic-acid-plumping-serum-2\/","url_meta":{"origin":27591,"position":1},"title":"FARMACY FILLING GOOD HYALURONIC ACID PLUMPING SERUM","author":"admin","date":"May 22, 2024","format":false,"excerpt":"","rel":"","context":"Similar post","block_context":{"text":"Similar post","link":""},"img":{"alt_text":"","src":"","width":0,"height":0},"classes":[]},{"id":29966,"url":"https:\/\/sakaba.mghosteur.com\/en\/product\/hada-labo-tokyo-skin-plumping-gel-cream-with-super-hyaluronic-acid-collagen\/","url_meta":{"origin":27591,"position":2},"title":"Hada Labo Tokyo Skin Plumping Gel Cream with Super Hyaluronic Acid &#038; Collagen","author":"admin","date":"April 29, 2023","format":false,"excerpt":"D\u00e9couvrez le traitement de nuit anti-\u00e2ge Hada Labo Tokyo pour une peau hydrat\u00e9e, r\u00e9par\u00e9e et raffermie pendant votre sommeil. Ce gel-cr\u00e8me repulpant pour la peau est formul\u00e9 avec des ingr\u00e9dients cl\u00e9s tels que l'acide super hyaluronique (TM), le complexe de peptides de soja, le collag\u00e8ne et le ch\u00e8vrefeuille japonais. Cette\u2026","rel":"","context":"Similar post","block_context":{"text":"Similar post","link":""},"img":{"alt_text":"","src":"","width":0,"height":0},"classes":[]},{"id":24015,"url":"https:\/\/sakaba.mghosteur.com\/en\/product\/neutrogena-hydro-boost-hyaluronic-acid-serum\/","url_meta":{"origin":27591,"position":3},"title":"NEUTROGENA HYDRO BOOST HYALURONIC ACID SERUM","author":"admin","date":"November 9, 2022","format":false,"excerpt":"Le s\u00e9rum visage quotidien \u00e0 l'acide hyaluronique Neutrogena Hydro Boost est un produit de soin de la peau ultra-l\u00e9ger qui offre une hydratation longue dur\u00e9e pour une peau extra-lisse et souple. Adapt\u00e9 aux peaux sensibles, il d\u00e9salt\u00e8re la peau en profondeur gr\u00e2ce \u00e0 sa formule unique contenant deux tailles d'acide\u2026","rel":"","context":"Similar post","block_context":{"text":"Similar post","link":""},"img":{"alt_text":"","src":"","width":0,"height":0},"classes":[]},{"id":27588,"url":"https:\/\/sakaba.mghosteur.com\/en\/product\/tiam-pore-minimizing-21-serum\/","url_meta":{"origin":27591,"position":4},"title":"TIAM PORE MINIMIZING 21 SERUM","author":"admin","date":"November 29, 2022","format":false,"excerpt":"","rel":"","context":"Similar post","block_context":{"text":"Similar post","link":""},"img":{"alt_text":"","src":"","width":0,"height":0},"classes":[]},{"id":56189,"url":"https:\/\/sakaba.mghosteur.com\/en\/product\/deep-cera-bakuchiol-plumping-serum\/","url_meta":{"origin":27591,"position":5},"title":"Deep Cera Bakuchiol Plumping Serum","author":"Sope DIA","date":"January 2, 2026","format":false,"excerpt":"ALTERNATIVE NATURELLE AU R\u00c9TINOL\u00a0: D\u00e9couvrez le pouvoir du bakuchiol, une alternative naturelle au r\u00e9tinol. Formul\u00e9 avec 5\u00a0000\u00a0ppm de bakuchiol, ce s\u00e9rum stimule la production de collag\u00e8ne pour une peau plus lisse et plus ferme. SANS IRRITATION\u00a0: Apaisez et prenez soin de votre peau avec le s\u00e9rum au bakuchiol, qui offre\u2026","rel":"","context":"Similar post","block_context":{"text":"Similar post","link":""},"img":{"alt_text":"","src":"","width":0,"height":0},"classes":[]}],"_links":{"self":[{"href":"https:\/\/sakaba.mghosteur.com\/en\/wp-json\/wp\/v2\/product\/27591","targetHints":{"allow":["GET"]}}],"collection":[{"href":"https:\/\/sakaba.mghosteur.com\/en\/wp-json\/wp\/v2\/product"}],"about":[{"href":"https:\/\/sakaba.mghosteur.com\/en\/wp-json\/wp\/v2\/types\/product"}],"replies":[{"embeddable":true,"href":"https:\/\/sakaba.mghosteur.com\/en\/wp-json\/wp\/v2\/comments?post=27591"}],"version-history":[{"count":0,"href":"https:\/\/sakaba.mghosteur.com\/en\/wp-json\/wp\/v2\/product\/27591\/revisions"}],"wp:attachment":[{"href":"https:\/\/sakaba.mghosteur.com\/en\/wp-json\/wp\/v2\/media?parent=27591"}],"wp:term":[{"taxonomy":"product_brand","embeddable":true,"href":"https:\/\/sakaba.mghosteur.com\/en\/wp-json\/wp\/v2\/product_brand?post=27591"},{"taxonomy":"product_cat","embeddable":true,"href":"https:\/\/sakaba.mghosteur.com\/en\/wp-json\/wp\/v2\/product_cat?post=27591"},{"taxonomy":"product_tag","embeddable":true,"href":"https:\/\/sakaba.mghosteur.com\/en\/wp-json\/wp\/v2\/product_tag?post=27591"}],"curies":[{"name":"wp","href":"https:\/\/api.w.org\/{rel}","templated":true}]}}