{"id":27594,"date":"2022-11-29T16:18:05","date_gmt":"2022-11-29T16:18:05","guid":{"rendered":"http:\/\/www.sakababeauty.com\/?post_type=product&#038;p=27594"},"modified":"2024-08-22T00:15:02","modified_gmt":"2024-08-22T00:15:02","slug":"tiam-pore-minimizing-21-cream","status":"publish","type":"product","link":"https:\/\/sakaba.mghosteur.com\/en\/product\/tiam-pore-minimizing-21-cream\/","title":{"rendered":"TIAM PORE MINIMIZING 21 CREAM"},"content":{"rendered":"","protected":false},"excerpt":{"rendered":"","protected":false},"featured_media":0,"comment_status":"closed","ping_status":"closed","template":"","meta":[],"product_brand":[],"product_cat":[1018,451,334],"product_tag":[],"class_list":{"0":"post-27594","1":"product","2":"type-product","3":"status-publish","5":"product_cat-aai-produis-coreens","6":"product_cat-aab-soin-du-visage","7":"product_cat-traitement-serum","9":"first","10":"instock","11":"shipping-taxable","12":"product-type-simple"},"jetpack-related-posts":[{"id":27588,"url":"https:\/\/sakaba.mghosteur.com\/en\/product\/tiam-pore-minimizing-21-serum\/","url_meta":{"origin":27594,"position":0},"title":"TIAM PORE MINIMIZING 21 SERUM","author":"admin","date":"November 29, 2022","format":false,"excerpt":"","rel":"","context":"Similar post","block_context":{"text":"Similar post","link":""},"img":{"alt_text":"","src":"","width":0,"height":0},"classes":[]},{"id":32501,"url":"https:\/\/sakaba.mghosteur.com\/en\/product\/tiam-daily-sun-care-cream\/","url_meta":{"origin":27594,"position":1},"title":"TIAM DAILY SUN CARE CREAM","author":"admin","date":"May 14, 2024","format":false,"excerpt":"CR\u00c8ME SOLAIRE QUOTIDIENNE Description La Cr\u00e8me Solaire Quotidienne offre une protection efficace contre les rayons UV, que ce soit \u00e0 l'int\u00e9rieur ou \u00e0 l'ext\u00e9rieur. Sa formule chimique pr\u00e9vient les dommages cutan\u00e9s caus\u00e9s par le soleil au quotidien. Dot\u00e9e d'une texture l\u00e9g\u00e8re, elle procure un confort imm\u00e9diat \u00e0 la peau et\u2026","rel":"","context":"Similar post","block_context":{"text":"Similar post","link":""},"img":{"alt_text":"","src":"","width":0,"height":0},"classes":[]},{"id":24725,"url":"https:\/\/sakaba.mghosteur.com\/en\/product\/differin-pore-minimizing-toner\/","url_meta":{"origin":27594,"position":2},"title":"DIFFERIN PORE MINIMIZING TONER","author":"admin","date":"November 10, 2022","format":false,"excerpt":"Ce tonique sans alcool maintient l'hydratation de la peau et la pr\u00e9pare parfaitement \u00e0 l'application du gel Differin\u00ae. R\u00e9duit l'exc\u00e8s de s\u00e9bum en surface sans irritation \u00c9limine les impuret\u00e9s qui obstruent les pores tout en minimisant leur apparence Apaise et revitalise la peau sans la priver de son hydratation naturelle\u2026","rel":"","context":"Similar post","block_context":{"text":"Similar post","link":""},"img":{"alt_text":"","src":"","width":0,"height":0},"classes":[]},{"id":28003,"url":"https:\/\/sakaba.mghosteur.com\/en\/product\/squalane-bha-pore-%c2%a8minimizing-toner\/","url_meta":{"origin":27594,"position":3},"title":"SQUALANE +BHA PORE \u00a8MINIMIZING TONER","author":"admin","date":"November 29, 2022","format":false,"excerpt":"","rel":"","context":"Similar post","block_context":{"text":"Similar post","link":""},"img":{"alt_text":"","src":"","width":0,"height":0},"classes":[]},{"id":32498,"url":"https:\/\/sakaba.mghosteur.com\/en\/product\/tiam-berry-very-soft-peeling-gel\/","url_meta":{"origin":27594,"position":4},"title":"TIAM BERRY VERY SOFT PEELING GEL","author":"admin","date":"May 14, 2024","format":false,"excerpt":"Le Peeling TIAM Berry Gel Peeling Tr\u00e8s Doux offre une texture gel remarquablement d\u00e9licate qui n'entra\u00eene aucune irritation, adapt\u00e9e m\u00eame aux peaux les plus sensibles. Ce gel peeling doux exfolie en douceur la couche corn\u00e9e, favorisant ainsi une meilleure microcirculation tout en stimulant les processus de cicatrisation et de renouvellement\u2026","rel":"","context":"Similar post","block_context":{"text":"Similar post","link":""},"img":{"alt_text":"","src":"","width":0,"height":0},"classes":[]},{"id":27591,"url":"https:\/\/sakaba.mghosteur.com\/en\/product\/tiam-hyaluronic-water-plumping-serum\/","url_meta":{"origin":27594,"position":5},"title":"TIAM HYALURONIC WATER PLUMPING SERUM","author":"admin","date":"November 29, 2022","format":false,"excerpt":"","rel":"","context":"Similar post","block_context":{"text":"Similar post","link":""},"img":{"alt_text":"","src":"","width":0,"height":0},"classes":[]}],"_links":{"self":[{"href":"https:\/\/sakaba.mghosteur.com\/en\/wp-json\/wp\/v2\/product\/27594","targetHints":{"allow":["GET"]}}],"collection":[{"href":"https:\/\/sakaba.mghosteur.com\/en\/wp-json\/wp\/v2\/product"}],"about":[{"href":"https:\/\/sakaba.mghosteur.com\/en\/wp-json\/wp\/v2\/types\/product"}],"replies":[{"embeddable":true,"href":"https:\/\/sakaba.mghosteur.com\/en\/wp-json\/wp\/v2\/comments?post=27594"}],"version-history":[{"count":0,"href":"https:\/\/sakaba.mghosteur.com\/en\/wp-json\/wp\/v2\/product\/27594\/revisions"}],"wp:attachment":[{"href":"https:\/\/sakaba.mghosteur.com\/en\/wp-json\/wp\/v2\/media?parent=27594"}],"wp:term":[{"taxonomy":"product_brand","embeddable":true,"href":"https:\/\/sakaba.mghosteur.com\/en\/wp-json\/wp\/v2\/product_brand?post=27594"},{"taxonomy":"product_cat","embeddable":true,"href":"https:\/\/sakaba.mghosteur.com\/en\/wp-json\/wp\/v2\/product_cat?post=27594"},{"taxonomy":"product_tag","embeddable":true,"href":"https:\/\/sakaba.mghosteur.com\/en\/wp-json\/wp\/v2\/product_tag?post=27594"}],"curies":[{"name":"wp","href":"https:\/\/api.w.org\/{rel}","templated":true}]}}