{"id":27599,"date":"2022-11-29T16:19:17","date_gmt":"2022-11-29T16:19:17","guid":{"rendered":"http:\/\/www.sakababeauty.com\/?post_type=product&#038;p=27599"},"modified":"2023-04-28T10:44:22","modified_gmt":"2023-04-28T10:44:22","slug":"gentle-hydrating-cleanser","status":"publish","type":"product","link":"https:\/\/sakaba.mghosteur.com\/en\/product\/gentle-hydrating-cleanser\/","title":{"rendered":"GENTLE HYDRATING CLEANSER"},"content":{"rendered":"<p>Le Nettoyant Doux Hydratant de la marque HadaLabo est un nettoyant moussant riche et cr\u00e9meux qui nettoie en douceur et emprisonne l&#8217;hydratation essentielle pour une peau rafra\u00eechie et soyeuse. Sa formule s\u00fbre et douce d\u00e9riv\u00e9e d&#8217;acides amin\u00e9s naturels \u00e9limine efficacement la salet\u00e9, le s\u00e9bum et les impuret\u00e9s de la peau tout en pr\u00e9servant ses niveaux d&#8217;hydratation naturels gr\u00e2ce \u00e0 la pr\u00e9sence d&#8217;acide hyaluronique PLUS et de Hyaloveil \u00ae -P, offrant une hydratation deux fois sup\u00e9rieure \u00e0 l&#8217;acide hyaluronique ordinaire. Ce nettoyant doux et sans parfum convient \u00e0 tous les types de peau et est exempt de parab\u00e8nes, sulfates, colorants, savon et huile min\u00e9rale. Pour des r\u00e9sultats optimaux, il est recommand\u00e9 de l&#8217;utiliser matin et soir en l&#8217;appliquant sur le visage humide avec des mouvements circulaires avant de rincer et de s\u00e9cher la peau. Le Nettoyant Doux Hydratant est disponible en format de 5 onces.<\/p>","protected":false},"excerpt":{"rendered":"<p>Le Nettoyant Doux Hydratant de la marque HadaLabo est un nettoyant moussant riche et cr\u00e9meux qui nettoie en douceur et emprisonne l&#8217;hydratation essentielle pour une peau rafra\u00eechie et soyeuse. Sa formule s\u00fbre et douce d\u00e9riv\u00e9e d&#8217;acides amin\u00e9s naturels \u00e9limine efficacement la salet\u00e9, le s\u00e9bum et les impuret\u00e9s de la peau tout en pr\u00e9servant ses niveaux<span class=\"read-more-faq\"><a href=\"https:\/\/sakaba.mghosteur.com\/en\/product\/gentle-hydrating-cleanser\/\">Read More<\/a><\/span><\/p>","protected":false},"featured_media":0,"comment_status":"closed","ping_status":"closed","template":"","meta":[],"product_brand":[],"product_cat":[377],"product_tag":[],"class_list":{"0":"post-27599","1":"product","2":"type-product","3":"status-publish","5":"product_cat-bath-body-works","7":"first","8":"instock","9":"shipping-taxable","10":"product-type-simple"},"jetpack-related-posts":[{"id":24171,"url":"https:\/\/sakaba.mghosteur.com\/en\/product\/cerave-hydrating-cream-to-foam-cleanser\/","url_meta":{"origin":27599,"position":0},"title":"CERAVE HYDRATING CREAM TO FOAM CLEANSER 355ML","author":"admin","date":"November 9, 2022","format":false,"excerpt":"Le nettoyant cr\u00e8me-mousse hydratant de CeraVe est sp\u00e9cialement con\u00e7u pour les peaux normales \u00e0 s\u00e8ches. Ce nettoyant pour le visage est formul\u00e9 pour \u00e9liminer en douceur la salet\u00e9, le s\u00e9bum, le maquillage et la pollution sans enlever l'hydratation naturelle de la peau. Cette formule innovante commence comme une cr\u00e8me, puis\u2026","rel":"","context":"Similar post","block_context":{"text":"Similar post","link":""},"img":{"alt_text":"","src":"","width":0,"height":0},"classes":[]},{"id":24173,"url":"https:\/\/sakaba.mghosteur.com\/en\/product\/cerave-hydrating-facial-cleanser-355-ml\/","url_meta":{"origin":27599,"position":1},"title":"CERAVE HYDRATING FACIAL CLEANSER 355 ML","author":"admin","date":"November 9, 2022","format":false,"excerpt":"Le nettoyant hydratant pour le visage CeraVe est le choix parfait pour une peau propre, hydrat\u00e9e et saine. Con\u00e7u avec des ingr\u00e9dients soigneusement s\u00e9lectionn\u00e9s, tels que les c\u00e9ramides et l'acide hyaluronique, ce nettoyant doux pour le visage est sp\u00e9cialement formul\u00e9 pour les peaux normales \u00e0 s\u00e8ches. Contrairement aux nettoyants classiques\u2026","rel":"","context":"Similar post","block_context":{"text":"Similar post","link":""},"img":{"alt_text":"","src":"","width":0,"height":0},"classes":[]},{"id":23930,"url":"https:\/\/sakaba.mghosteur.com\/en\/product\/cerave-hydrating-body-wash\/","url_meta":{"origin":27599,"position":2},"title":"CERAVE HYDRATING BODY WASH","author":"admin","date":"November 9, 2022","format":false,"excerpt":"Le gel douche hydratant CeraVe est parfait pour ceux qui recherchent un nettoyant pour le corps doux et hydratant. Cette formule nettoyante moussante est con\u00e7ue pour les peaux normales \u00e0 s\u00e8ches et aide \u00e0 \u00e9liminer la salet\u00e9 et les impuret\u00e9s sans dess\u00e9cher la peau. Au lieu de cela, il contient\u2026","rel":"","context":"Similar post","block_context":{"text":"Similar post","link":""},"img":{"alt_text":"","src":"","width":0,"height":0},"classes":[]},{"id":24177,"url":"https:\/\/sakaba.mghosteur.com\/en\/product\/cerave-sa-body-wash-for-rough-and-bumpy-skin\/","url_meta":{"origin":27599,"position":3},"title":"CERAVE SA BODY WASH FOR ROUGH AND BUMPY SKIN","author":"admin","date":"November 9, 2022","format":false,"excerpt":"Le nettoyant pour le corps CeraVe SA est sp\u00e9cialement con\u00e7u pour les peaux rugueuses et bossel\u00e9es. Il utilise une combinaison d'acide salicylique, de c\u00e9ramides, d'acide hyaluronique et de niacinamide pour nettoyer et exfolier en douceur tout en offrant une hydratation optimale. L'acide salicylique est un exfoliant doux qui aide \u00e0\u2026","rel":"","context":"Similar post","block_context":{"text":"Similar post","link":""},"img":{"alt_text":"","src":"","width":0,"height":0},"classes":[]},{"id":29049,"url":"https:\/\/sakaba.mghosteur.com\/en\/product\/cerave-hydrating-foaming-oil-cleanser-236ml\/","url_meta":{"origin":27599,"position":4},"title":"CERAVE HYDRATING FOAMING OIL CLEANSER 236ML","author":"admin","date":"March 10, 2023","format":false,"excerpt":"La CeraVe Hydrating Foaming Oil Cleanser est un nettoyant quotidien doux et nourrissant pour les peaux normales \u00e0 tr\u00e8s s\u00e8ches. Sa formule contenant 3 c\u00e9ramides essentiels, de la glyc\u00e9rine et de l'acide hyaluronique \u00e9limine en douceur la salet\u00e9, le s\u00e9bum et les impuret\u00e9s de la peau tout en procurant une\u2026","rel":"","context":"Similar post","block_context":{"text":"Similar post","link":""},"img":{"alt_text":"","src":"","width":0,"height":0},"classes":[]},{"id":30254,"url":"https:\/\/sakaba.mghosteur.com\/en\/product\/hydro-boost-exfolianting-cleanser\/","url_meta":{"origin":27599,"position":5},"title":"HYDRO BOOST EXFOLIATING CLEANSER","author":"admin","date":"May 5, 2023","format":false,"excerpt":"Le gel-cr\u00e8me exfoliant nettoyant quotidien Hydro Boost avec acide hyaluronique de Neutrogena est le choix parfait pour une peau instantan\u00e9ment douce et rafra\u00eechie. Sa formule l\u00e9g\u00e8re \u00e9limine efficacement la salet\u00e9, l'huile et les cellules mortes de la peau, tout en stimulant l'hydratation gr\u00e2ce \u00e0 l'acide hyaluronique, un ingr\u00e9dient cliniquement prouv\u00e9\u2026","rel":"","context":"Similar post","block_context":{"text":"Similar post","link":""},"img":{"alt_text":"","src":"","width":0,"height":0},"classes":[]}],"_links":{"self":[{"href":"https:\/\/sakaba.mghosteur.com\/en\/wp-json\/wp\/v2\/product\/27599","targetHints":{"allow":["GET"]}}],"collection":[{"href":"https:\/\/sakaba.mghosteur.com\/en\/wp-json\/wp\/v2\/product"}],"about":[{"href":"https:\/\/sakaba.mghosteur.com\/en\/wp-json\/wp\/v2\/types\/product"}],"replies":[{"embeddable":true,"href":"https:\/\/sakaba.mghosteur.com\/en\/wp-json\/wp\/v2\/comments?post=27599"}],"version-history":[{"count":0,"href":"https:\/\/sakaba.mghosteur.com\/en\/wp-json\/wp\/v2\/product\/27599\/revisions"}],"wp:attachment":[{"href":"https:\/\/sakaba.mghosteur.com\/en\/wp-json\/wp\/v2\/media?parent=27599"}],"wp:term":[{"taxonomy":"product_brand","embeddable":true,"href":"https:\/\/sakaba.mghosteur.com\/en\/wp-json\/wp\/v2\/product_brand?post=27599"},{"taxonomy":"product_cat","embeddable":true,"href":"https:\/\/sakaba.mghosteur.com\/en\/wp-json\/wp\/v2\/product_cat?post=27599"},{"taxonomy":"product_tag","embeddable":true,"href":"https:\/\/sakaba.mghosteur.com\/en\/wp-json\/wp\/v2\/product_tag?post=27599"}],"curies":[{"name":"wp","href":"https:\/\/api.w.org\/{rel}","templated":true}]}}