{"id":27607,"date":"2022-11-29T16:22:08","date_gmt":"2022-11-29T16:22:08","guid":{"rendered":"http:\/\/www.sakababeauty.com\/?post_type=product&#038;p=27607"},"modified":"2022-11-29T16:22:08","modified_gmt":"2022-11-29T16:22:08","slug":"isdin-flavo-c-ultraglican-serum-antioxidant-10-amp","status":"publish","type":"product","link":"https:\/\/sakaba.mghosteur.com\/en\/product\/isdin-flavo-c-ultraglican-serum-antioxidant-10-amp\/","title":{"rendered":"ISDIN FLAVO C ULTRAGLICAN SERUM ANTIOXIDANT 10 AMP"},"content":{"rendered":"","protected":false},"excerpt":{"rendered":"","protected":false},"featured_media":0,"comment_status":"closed","ping_status":"closed","template":"","meta":[],"product_brand":[],"product_cat":[377],"product_tag":[],"class_list":{"0":"post-27607","1":"product","2":"type-product","3":"status-publish","5":"product_cat-bath-body-works","7":"first","8":"instock","9":"shipping-taxable","10":"product-type-simple"},"jetpack-related-posts":[{"id":27647,"url":"https:\/\/sakaba.mghosteur.com\/en\/product\/refresh-skin-therapy-vitamine-c-serum-antioxidant\/","url_meta":{"origin":27607,"position":0},"title":"Refresh Skin Therapy Vitamine C Serum Antioxidant","author":"admin","date":"November 29, 2022","format":false,"excerpt":"","rel":"","context":"Similar post","block_context":{"text":"Similar post","link":""},"img":{"alt_text":"","src":"","width":0,"height":0},"classes":[]},{"id":27796,"url":"https:\/\/sakaba.mghosteur.com\/en\/product\/anti-redness-serum-antioxidant-booster\/","url_meta":{"origin":27607,"position":1},"title":"ANTI REDNESS SERUM ANTIOXIDANT BOOSTER","author":"admin","date":"November 29, 2022","format":false,"excerpt":"","rel":"","context":"Similar post","block_context":{"text":"Similar post","link":""},"img":{"alt_text":"","src":"","width":0,"height":0},"classes":[]},{"id":26372,"url":"https:\/\/sakaba.mghosteur.com\/en\/product\/paula-choice-super-antioxidant-concentrate-serum\/","url_meta":{"origin":27607,"position":2},"title":"PAULA CHOICE SUPER ANTIOXIDANT CONCENTRATE SERUM","author":"admin","date":"November 25, 2022","format":false,"excerpt":"Le Skin Balancing Super Antioxidant Concentrate Serum de PAULA'S CHOICE est un s\u00e9rum protecteur et anti-inflammatoire qui convient particuli\u00e8rement aux peaux grasses. Il contient du r\u00e9tinol dos\u00e9 tr\u00e8s faiblement \u00e0 0,03%, ce qui le rend adapt\u00e9 aux d\u00e9butants. Avec sa texture fluide et silicon\u00e9e, il assure un teint d'apparence fine,\u2026","rel":"","context":"Similar post","block_context":{"text":"Similar post","link":""},"img":{"alt_text":"","src":"","width":0,"height":0},"classes":[]},{"id":26889,"url":"https:\/\/sakaba.mghosteur.com\/en\/product\/paulas-choice-antioxidant-pore-purifier\/","url_meta":{"origin":27607,"position":3},"title":"PAULA&#8217;S CHOICE ANTIOXIDANT PORE PURIFIER","author":"admin","date":"November 28, 2022","format":false,"excerpt":"Le Defense Antioxidant Pore Purifier de Paula's Choice est un traitement illuminant pour tous types de peaux. Ce produit est con\u00e7u pour aider \u00e0 r\u00e9duire les signes de l'\u00e2ge, am\u00e9liorer l'apparence des pores dilat\u00e9s et redonner de l'\u00e9clat \u00e0 la peau terne. Il est \u00e9galement formul\u00e9 pour prot\u00e9ger la peau\u2026","rel":"","context":"Similar post","block_context":{"text":"Similar post","link":""},"img":{"alt_text":"","src":"","width":0,"height":0},"classes":[]},{"id":27966,"url":"https:\/\/sakaba.mghosteur.com\/en\/product\/isdin-photo-sunisdin-sofgel-capsules\/","url_meta":{"origin":27607,"position":4},"title":"ISDIN PHOTO SUNISDIN SOFGEL CAPSULES","author":"admin","date":"November 29, 2022","format":false,"excerpt":"","rel":"","context":"Similar post","block_context":{"text":"Similar post","link":""},"img":{"alt_text":"","src":"","width":0,"height":0},"classes":[]},{"id":31433,"url":"https:\/\/sakaba.mghosteur.com\/en\/product\/numbuzin-5-vitamin-concentrated-serum-30ml\/","url_meta":{"origin":27607,"position":5},"title":"NUMBUZIN 5+ VITAMIN CONCENTRATED SERUM 30ML","author":"admin","date":"May 10, 2024","format":false,"excerpt":"D\u00e9couvrez le S\u00e9rum Concentr\u00e9 Vitamine No.5, une fusion de puissants antioxydants tels que le glutathion et la niacinamide. Ce s\u00e9rum de 30 ml est con\u00e7u pour unifier et hydrater votre peau tout en lui apportant une protection sup\u00e9rieure. Sa formule innovante associe des ingr\u00e9dients \u00e9claircissants comme l'alpha-arbutine et la vitamine\u2026","rel":"","context":"Similar post","block_context":{"text":"Similar post","link":""},"img":{"alt_text":"","src":"","width":0,"height":0},"classes":[]}],"_links":{"self":[{"href":"https:\/\/sakaba.mghosteur.com\/en\/wp-json\/wp\/v2\/product\/27607","targetHints":{"allow":["GET"]}}],"collection":[{"href":"https:\/\/sakaba.mghosteur.com\/en\/wp-json\/wp\/v2\/product"}],"about":[{"href":"https:\/\/sakaba.mghosteur.com\/en\/wp-json\/wp\/v2\/types\/product"}],"replies":[{"embeddable":true,"href":"https:\/\/sakaba.mghosteur.com\/en\/wp-json\/wp\/v2\/comments?post=27607"}],"version-history":[{"count":0,"href":"https:\/\/sakaba.mghosteur.com\/en\/wp-json\/wp\/v2\/product\/27607\/revisions"}],"wp:attachment":[{"href":"https:\/\/sakaba.mghosteur.com\/en\/wp-json\/wp\/v2\/media?parent=27607"}],"wp:term":[{"taxonomy":"product_brand","embeddable":true,"href":"https:\/\/sakaba.mghosteur.com\/en\/wp-json\/wp\/v2\/product_brand?post=27607"},{"taxonomy":"product_cat","embeddable":true,"href":"https:\/\/sakaba.mghosteur.com\/en\/wp-json\/wp\/v2\/product_cat?post=27607"},{"taxonomy":"product_tag","embeddable":true,"href":"https:\/\/sakaba.mghosteur.com\/en\/wp-json\/wp\/v2\/product_tag?post=27607"}],"curies":[{"name":"wp","href":"https:\/\/api.w.org\/{rel}","templated":true}]}}