{"id":27614,"date":"2022-11-29T16:31:28","date_gmt":"2022-11-29T16:31:28","guid":{"rendered":"http:\/\/www.sakababeauty.com\/?post_type=product&#038;p=27614"},"modified":"2022-11-29T16:35:44","modified_gmt":"2022-11-29T16:35:44","slug":"gillette-sensitive-sensible-shave-gel","status":"publish","type":"product","link":"https:\/\/sakaba.mghosteur.com\/en\/product\/gillette-sensitive-sensible-shave-gel\/","title":{"rendered":"Gillette sensitive sensible shave gel"},"content":{"rendered":"","protected":false},"excerpt":{"rendered":"","protected":false},"featured_media":0,"comment_status":"closed","ping_status":"closed","template":"","meta":[],"product_brand":[],"product_cat":[391,288],"product_tag":[],"class_list":{"0":"post-27614","1":"product","2":"type-product","3":"status-publish","5":"product_cat-aae-bien-etre","6":"product_cat-aaf-homme","8":"first","9":"instock","10":"shipping-taxable","11":"product-type-simple"},"jetpack-related-posts":[{"id":33274,"url":"https:\/\/sakaba.mghosteur.com\/en\/product\/eos-shea-better-sensitive-shave-cream-cream-colloidal\/","url_meta":{"origin":27614,"position":0},"title":"EOS SHEA BETTER SENSITIVE SHAVE CREAM CREAM COLLOIDAL","author":"admin","date":"May 20, 2024","format":false,"excerpt":"Sans parfum. Sans produits nocifs. Sans irritation. La cr\u00e8me de rasage apaisante et r\u00e9confortante pour peaux sensibles est sans parfum et contient de l'huile de karit\u00e9 hydratante instantan\u00e9e et du beurre de karit\u00e9 protecteur longue dur\u00e9e pour une hydratation incroyable de 24 heures et un confort cutan\u00e9 durable, m\u00eame pour\u2026","rel":"","context":"Similar post","block_context":{"text":"Similar post","link":""},"img":{"alt_text":"","src":"","width":0,"height":0},"classes":[]},{"id":24589,"url":"https:\/\/sakaba.mghosteur.com\/en\/product\/aveeno-calmrestore-for-sensitive-skin\/","url_meta":{"origin":27614,"position":1},"title":"AVEENO NOURISHING OAT CLEANSER","author":"admin","date":"November 10, 2022","format":false,"excerpt":"Le nettoyant visage nourrissant \u00e0 l'avoine Aveeno Calm + Restore nettoie et hydrate la peau. Id\u00e9al pour les peaux irrit\u00e9es et sensibles, ce gel nettoyant d'une marque de soins de la peau recommand\u00e9e par les dermatologues nettoie et purifie la peau tout en aidant \u00e0 pr\u00e9server sa barri\u00e8re d'hydratation. Ce\u2026","rel":"","context":"Similar post","block_context":{"text":"Similar post","link":""},"img":{"alt_text":"","src":"","width":0,"height":0},"classes":[]},{"id":27549,"url":"https:\/\/sakaba.mghosteur.com\/en\/product\/gillette-clear-gel-stick\/","url_meta":{"origin":27614,"position":2},"title":"Gillette clear gel stick","author":"admin","date":"November 29, 2022","format":false,"excerpt":"","rel":"","context":"Similar post","block_context":{"text":"Similar post","link":""},"img":{"alt_text":"","src":"","width":0,"height":0},"classes":[]},{"id":28339,"url":"https:\/\/sakaba.mghosteur.com\/en\/product\/harry-s-foaming-shave-gel\/","url_meta":{"origin":27614,"position":3},"title":"HARRY S FOAMING SHAVE GEL","author":"admin","date":"November 30, 2022","format":false,"excerpt":"","rel":"","context":"Similar post","block_context":{"text":"Similar post","link":""},"img":{"alt_text":"","src":"","width":0,"height":0},"classes":[]},{"id":27202,"url":"https:\/\/sakaba.mghosteur.com\/en\/product\/olay-sensitive-facial-cleanser-with-hungarian-water-essence\/","url_meta":{"origin":27614,"position":4},"title":"Olay Sensitive Facial Cleanser with Hungarian Water Essence","author":"admin","date":"November 29, 2022","format":false,"excerpt":"Ce nettoyant apaisant pour le visage \u00e9limine les toxines et hydrate la peau. Inspir\u00e9 de l'essence d'eau hongroise, ce nettoyant pour le visage pour peau sensible est infus\u00e9 d'essences d'alo\u00e8s et de concombre qui agissent avec la formule douce pour la peau d'Olay pour aider \u00e0 combattre la peau s\u00e8che\u2026","rel":"","context":"Similar post","block_context":{"text":"Similar post","link":""},"img":{"alt_text":"","src":"","width":0,"height":0},"classes":[]},{"id":24598,"url":"https:\/\/sakaba.mghosteur.com\/en\/product\/aveeno-calmrestore-for-sensitive-skin-2\/","url_meta":{"origin":27614,"position":5},"title":"AVEENO CALM+RESTORE FOR SENSITIVE SKIN","author":"admin","date":"November 10, 2022","format":false,"excerpt":"Aveeno Calm + Restore con\u00e7u pour les peaux sensibles avec de l'avoine pr\u00e9biotique, va au-del\u00e0 de l'apaisement pour renforcer la barri\u00e8re d'hydratation de la peau. La cr\u00e8me hydratante quotidienne pour le visage fournit une hydratation pendant 24 heures qui laisse la peau confortable toute la journ\u00e9e La formule l\u00e9g\u00e8re \u00e0\u2026","rel":"","context":"Similar post","block_context":{"text":"Similar post","link":""},"img":{"alt_text":"","src":"","width":0,"height":0},"classes":[]}],"_links":{"self":[{"href":"https:\/\/sakaba.mghosteur.com\/en\/wp-json\/wp\/v2\/product\/27614","targetHints":{"allow":["GET"]}}],"collection":[{"href":"https:\/\/sakaba.mghosteur.com\/en\/wp-json\/wp\/v2\/product"}],"about":[{"href":"https:\/\/sakaba.mghosteur.com\/en\/wp-json\/wp\/v2\/types\/product"}],"replies":[{"embeddable":true,"href":"https:\/\/sakaba.mghosteur.com\/en\/wp-json\/wp\/v2\/comments?post=27614"}],"version-history":[{"count":0,"href":"https:\/\/sakaba.mghosteur.com\/en\/wp-json\/wp\/v2\/product\/27614\/revisions"}],"wp:attachment":[{"href":"https:\/\/sakaba.mghosteur.com\/en\/wp-json\/wp\/v2\/media?parent=27614"}],"wp:term":[{"taxonomy":"product_brand","embeddable":true,"href":"https:\/\/sakaba.mghosteur.com\/en\/wp-json\/wp\/v2\/product_brand?post=27614"},{"taxonomy":"product_cat","embeddable":true,"href":"https:\/\/sakaba.mghosteur.com\/en\/wp-json\/wp\/v2\/product_cat?post=27614"},{"taxonomy":"product_tag","embeddable":true,"href":"https:\/\/sakaba.mghosteur.com\/en\/wp-json\/wp\/v2\/product_tag?post=27614"}],"curies":[{"name":"wp","href":"https:\/\/api.w.org\/{rel}","templated":true}]}}