{"id":27620,"date":"2022-11-29T16:28:50","date_gmt":"2022-11-29T16:28:50","guid":{"rendered":"http:\/\/www.sakababeauty.com\/?post_type=product&#038;p=27620"},"modified":"2024-08-07T19:47:58","modified_gmt":"2024-08-07T19:47:58","slug":"ginseng-essence-water","status":"publish","type":"product","link":"https:\/\/sakaba.mghosteur.com\/en\/product\/ginseng-essence-water\/","title":{"rendered":"GINSENG ESSENCE WATER"},"content":{"rendered":"<p>D\u00e9couvrez l&#8217;eau d&#8217;essence de ginseng de la marque Beauty of Joseon, un produit \u00e0 base de plantes naturelles qui a \u00e9t\u00e9 utilis\u00e9 pendant des si\u00e8cles pour am\u00e9liorer la sant\u00e9 et la beaut\u00e9 de la peau cor\u00e9enne. Cette essence contient 80% d&#8217;eau de ginseng pour offrir une hydratation et une nutrition profondes \u00e0 votre peau, la laissant hydrat\u00e9e pendant une longue p\u00e9riode.<\/p>\n<p>En plus de cela, cette essence aide \u00e0 uniformiser le teint de la peau, \u00e0 am\u00e9liorer la texture et \u00e0 fournir une barri\u00e8re d&#8217;hydratation forte pour prot\u00e9ger la peau contre les stimuli externes. Avec l&#8217;ajout de niacinamide \u00e0 hauteur de 2%, cette essence aide \u00e0 \u00e9quilibrer le niveau d&#8217;humidit\u00e9 de la peau et \u00e0 contr\u00f4ler la s\u00e9cr\u00e9tion de s\u00e9bum pour une peau saine.<\/p>\n<p>Avec sa richesse en saponine et sa concentration en eau de racine de ginseng, cette essence apporte une nutrition intense et une hydratation profonde pour une peau \u00e9clatante et en bonne sant\u00e9. Commandez d\u00e8s maintenant l&#8217;eau d&#8217;essence de ginseng de Beauty of Joseon et offrez \u00e0 votre peau la beaut\u00e9 naturelle qu&#8217;elle m\u00e9rite.<\/p>","protected":false},"excerpt":{"rendered":"<p>D\u00e9couvrez l&#8217;eau d&#8217;essence de ginseng de la marque Beauty of Joseon, un produit \u00e0 base de plantes naturelles qui a \u00e9t\u00e9 utilis\u00e9 pendant des si\u00e8cles pour am\u00e9liorer la sant\u00e9 et la beaut\u00e9 de la peau cor\u00e9enne. Cette essence contient 80% d&#8217;eau de ginseng pour offrir une hydratation et une nutrition profondes \u00e0 votre peau, la<span class=\"read-more-faq\"><a href=\"https:\/\/sakaba.mghosteur.com\/en\/product\/ginseng-essence-water\/\">Read More<\/a><\/span><\/p>","protected":false},"featured_media":0,"comment_status":"closed","ping_status":"closed","template":"","meta":[],"product_brand":[],"product_cat":[1095,294,293,324,1018,451],"product_tag":[],"class_list":{"0":"post-27620","1":"product","2":"type-product","3":"status-publish","5":"product_cat-anti-age","6":"product_cat-acne","7":"product_cat-anti-taches","8":"product_cat-demaquillant-nettoyant","9":"product_cat-aai-produis-coreens","10":"product_cat-aab-soin-du-visage","12":"first","13":"instock","14":"shipping-taxable","15":"product-type-simple"},"jetpack-related-posts":[{"id":26901,"url":"https:\/\/sakaba.mghosteur.com\/en\/product\/advanced-snail-96-mucin-power-essence\/","url_meta":{"origin":27620,"position":0},"title":"COSRX ADVANCED SNAIL 96 MUCIN POWER ESSENCE","author":"admin","date":"November 28, 2022","format":false,"excerpt":"L'Advanced Snail 96 Mucin Power Essence de la marque COSRX est une essence l\u00e9g\u00e8re qui p\u00e9n\u00e8tre rapidement dans la peau pour donner \u00e0 votre peau un \u00e9clat naturel de l'int\u00e9rieur. Cette essence est cr\u00e9\u00e9e \u00e0 partir de mucine d'escargot filtr\u00e9e nutritive et \u00e0 faible stimulation pour garder votre peau hydrat\u00e9e\u2026","rel":"","context":"Similar post","block_context":{"text":"Similar post","link":""},"img":{"alt_text":"","src":"","width":0,"height":0},"classes":[]},{"id":27202,"url":"https:\/\/sakaba.mghosteur.com\/en\/product\/olay-sensitive-facial-cleanser-with-hungarian-water-essence\/","url_meta":{"origin":27620,"position":1},"title":"Olay Sensitive Facial Cleanser with Hungarian Water Essence","author":"admin","date":"November 29, 2022","format":false,"excerpt":"Ce nettoyant apaisant pour le visage \u00e9limine les toxines et hydrate la peau. Inspir\u00e9 de l'essence d'eau hongroise, ce nettoyant pour le visage pour peau sensible est infus\u00e9 d'essences d'alo\u00e8s et de concombre qui agissent avec la formule douce pour la peau d'Olay pour aider \u00e0 combattre la peau s\u00e8che\u2026","rel":"","context":"Similar post","block_context":{"text":"Similar post","link":""},"img":{"alt_text":"","src":"","width":0,"height":0},"classes":[]},{"id":31596,"url":"https:\/\/sakaba.mghosteur.com\/en\/product\/laneige-water-bank-hydro-essence-serum-hydratant\/","url_meta":{"origin":27620,"position":2},"title":"LANEIGE WATER BANK HYDRO ESSENCE SERUM HYDRATANT","author":"admin","date":"May 10, 2024","format":false,"excerpt":"D\u00e9couvrez le s\u00e9rum hydratant \"Hydro Essence\" de la marque LANEIGE, un indispensable pour r\u00e9hydrater et lisser votre peau en profondeur. Sp\u00e9cialement con\u00e7u pour les peaux normales \u00e0 mixtes, ce s\u00e9rum contient de l'Eau Min\u00e9rale Verte impr\u00e9gn\u00e9e d'extraits de l\u00e9gumes, fournissant \u00e0 votre peau six min\u00e9raux essentiels pour une sensation de\u2026","rel":"","context":"Similar post","block_context":{"text":"Similar post","link":""},"img":{"alt_text":"","src":"","width":0,"height":0},"classes":[]},{"id":30222,"url":"https:\/\/sakaba.mghosteur.com\/en\/product\/beauty-of-joseon-revive-serum-ginseng-snail-muci\/","url_meta":{"origin":27620,"position":3},"title":"BEAUTY OF JOSEON REVIVE SERUM GINSENG + SNAIL MUCI","author":"admin","date":"May 4, 2023","format":false,"excerpt":"D\u00e9couvrez le S\u00e9rum Revive de la marque Beauty of Joseon, sp\u00e9cialement con\u00e7u pour revitaliser les peaux en manque d'\u00e9nergie. Ce s\u00e9rum contient du ginseng, un ingr\u00e9dient v\u00e9g\u00e9tal utilis\u00e9 depuis des si\u00e8cles en phytoth\u00e9rapie orientale pour ses propri\u00e9t\u00e9s b\u00e9n\u00e9fiques. Avec une concentration de 63% en eau de racine de ginseng, ce\u2026","rel":"","context":"Similar post","block_context":{"text":"Similar post","link":""},"img":{"alt_text":"","src":"","width":0,"height":0},"classes":[]},{"id":30303,"url":"https:\/\/sakaba.mghosteur.com\/en\/product\/beauty-of-joseon-revive-eye-serum-ginseng-retinal\/","url_meta":{"origin":27620,"position":4},"title":"BEAUTY OF JOSEON REVIVE EYE SERUM GINSENG + RETINAL","author":"admin","date":"May 8, 2023","format":false,"excerpt":"D\u00e9couvrez le S\u00e9rum Contour des Yeux Ravivant au Ginseng et au R\u00e9tinal de la marque Beauty of Joseon, con\u00e7u pour am\u00e9liorer les rides de la peau sensible autour des yeux. La combinaison d'extrait de ginseng et de r\u00e9tinal aide \u00e0 augmenter l'\u00e9lasticit\u00e9 de la couche dermique de la peau, en\u2026","rel":"","context":"Similar post","block_context":{"text":"Similar post","link":""},"img":{"alt_text":"","src":"","width":0,"height":0},"classes":[]},{"id":27320,"url":"https:\/\/sakaba.mghosteur.com\/en\/product\/good-molecules-hyaluronic-acid-booting-essence\/","url_meta":{"origin":27620,"position":5},"title":"GOOD MOLECULES HYALURONIC ACID BOOTING ESSENCE","author":"admin","date":"November 29, 2022","format":false,"excerpt":"L'Essence Stimulante \u00e0 l'Acide Hyaluronique de Good Molecules est une formule puissante qui aide \u00e0 hydrater, raffermir et lisser votre peau en profondeur. Avec trois types d'acide hyaluronique, cette essence p\u00e9n\u00e8tre \u00e0 diff\u00e9rents niveaux pour nourrir et repulper votre peau. V\u00e9g\u00e9talienne et sans cruaut\u00e9, cette essence est \u00e9galement sans parfum\u2026","rel":"","context":"Similar post","block_context":{"text":"Similar post","link":""},"img":{"alt_text":"","src":"","width":0,"height":0},"classes":[]}],"_links":{"self":[{"href":"https:\/\/sakaba.mghosteur.com\/en\/wp-json\/wp\/v2\/product\/27620","targetHints":{"allow":["GET"]}}],"collection":[{"href":"https:\/\/sakaba.mghosteur.com\/en\/wp-json\/wp\/v2\/product"}],"about":[{"href":"https:\/\/sakaba.mghosteur.com\/en\/wp-json\/wp\/v2\/types\/product"}],"replies":[{"embeddable":true,"href":"https:\/\/sakaba.mghosteur.com\/en\/wp-json\/wp\/v2\/comments?post=27620"}],"version-history":[{"count":0,"href":"https:\/\/sakaba.mghosteur.com\/en\/wp-json\/wp\/v2\/product\/27620\/revisions"}],"wp:attachment":[{"href":"https:\/\/sakaba.mghosteur.com\/en\/wp-json\/wp\/v2\/media?parent=27620"}],"wp:term":[{"taxonomy":"product_brand","embeddable":true,"href":"https:\/\/sakaba.mghosteur.com\/en\/wp-json\/wp\/v2\/product_brand?post=27620"},{"taxonomy":"product_cat","embeddable":true,"href":"https:\/\/sakaba.mghosteur.com\/en\/wp-json\/wp\/v2\/product_cat?post=27620"},{"taxonomy":"product_tag","embeddable":true,"href":"https:\/\/sakaba.mghosteur.com\/en\/wp-json\/wp\/v2\/product_tag?post=27620"}],"curies":[{"name":"wp","href":"https:\/\/api.w.org\/{rel}","templated":true}]}}