{"id":27622,"date":"2022-11-29T16:30:20","date_gmt":"2022-11-29T16:30:20","guid":{"rendered":"http:\/\/www.sakababeauty.com\/?post_type=product&#038;p=27622"},"modified":"2023-04-28T10:34:58","modified_gmt":"2023-04-28T10:34:58","slug":"age-correcting-eye-cream","status":"publish","type":"product","link":"https:\/\/sakaba.mghosteur.com\/en\/product\/age-correcting-eye-cream\/","title":{"rendered":"AGE CORRECTING EYE CREAM"},"content":{"rendered":"<p>La marque HadaLabo vous pr\u00e9sente sa cr\u00e8me contour des yeux anti-\u00e2ge, une formule l\u00e9g\u00e8re et multifonctionnelle con\u00e7ue pour traiter les principaux signes de l&#8217;\u00e2ge et de la fatigue pour transformer visiblement toute la zone des yeux. Cette cr\u00e8me de 0,5 oz est id\u00e9ale pour restaurer l&#8217;humidit\u00e9, lisser les rides et ridules, r\u00e9duire les cernes et les poches, lifter et raffermir la zone des paupi\u00e8res, et illuminer et \u00e9clairer instantan\u00e9ment le contour des yeux. Test\u00e9e par un ophtalmologiste, elle est sans danger pour les porteurs de lentilles de contact et convient \u00e0 tous les types de peau.<\/p>\n<p>Notre cr\u00e8me contour des yeux anti-\u00e2ge a \u00e9t\u00e9 cliniquement prouv\u00e9e pour fournir des r\u00e9sultats visibles en seulement 3 \u00e0 4 semaines. Elle contient des ingr\u00e9dients cl\u00e9s tels que le Super Hyaluronic Acid TM, l&#8217;extrait d&#8217;\u00e9corce d&#8217;arbre \u00e0 soie rose, l&#8217;extrait de Camapu, le collag\u00e8ne, la caf\u00e9ine et les pigments diffuseurs de lumi\u00e8re. Ces ingr\u00e9dients offrent une hydratation multicouche longue dur\u00e9e pour restaurer et renforcer les niveaux d&#8217;hydratation naturels de la peau, renforcent et am\u00e9liorent la texture, la structure et l&#8217;apparence de la peau, et aident \u00e0 prot\u00e9ger la peau des m\u00e9faits du soleil. La caf\u00e9ine fournit un effet tenseur imm\u00e9diat de la peau autour des yeux, tandis que les pigments diffuseurs de lumi\u00e8re \u00e9claircissent le teint et illuminent naturellement le contour des yeux.<\/p>\n<p>Pour des r\u00e9sultats optimaux, appliquez la cr\u00e8me jour et nuit en tamponnant doucement une petite quantit\u00e9 autour de la zone des yeux jusqu&#8217;\u00e0 ce qu&#8217;elle soit compl\u00e8tement absorb\u00e9e. La cr\u00e8me contour des yeux anti-\u00e2ge HadaLabo est exempte de parfum, parab\u00e8nes, colorants et huile min\u00e9rale pour un soin de la peau s\u00fbr et efficace. Les r\u00e9sultats peuvent varier en fonction de chaque individu, mais notre \u00e9tude clinique de 4 semaines a montr\u00e9 que 78% ont constat\u00e9 une r\u00e9duction des pattes d&#8217;oie, des ridules et des rides, tandis que 91% ont constat\u00e9 une r\u00e9duction des cernes.<\/p>","protected":false},"excerpt":{"rendered":"<p>La marque HadaLabo vous pr\u00e9sente sa cr\u00e8me contour des yeux anti-\u00e2ge, une formule l\u00e9g\u00e8re et multifonctionnelle con\u00e7ue pour traiter les principaux signes de l&#8217;\u00e2ge et de la fatigue pour transformer visiblement toute la zone des yeux. Cette cr\u00e8me de 0,5 oz est id\u00e9ale pour restaurer l&#8217;humidit\u00e9, lisser les rides et ridules, r\u00e9duire les cernes et<span class=\"read-more-faq\"><a href=\"https:\/\/sakaba.mghosteur.com\/en\/product\/age-correcting-eye-cream\/\">Read More<\/a><\/span><\/p>","protected":false},"featured_media":0,"comment_status":"closed","ping_status":"closed","template":"","meta":[],"product_brand":[],"product_cat":[297],"product_tag":[],"class_list":{"0":"post-27622","1":"product","2":"type-product","3":"status-publish","5":"product_cat-yeux","7":"first","8":"instock","9":"shipping-taxable","10":"product-type-simple"},"jetpack-related-posts":[],"_links":{"self":[{"href":"https:\/\/sakaba.mghosteur.com\/en\/wp-json\/wp\/v2\/product\/27622","targetHints":{"allow":["GET"]}}],"collection":[{"href":"https:\/\/sakaba.mghosteur.com\/en\/wp-json\/wp\/v2\/product"}],"about":[{"href":"https:\/\/sakaba.mghosteur.com\/en\/wp-json\/wp\/v2\/types\/product"}],"replies":[{"embeddable":true,"href":"https:\/\/sakaba.mghosteur.com\/en\/wp-json\/wp\/v2\/comments?post=27622"}],"version-history":[{"count":0,"href":"https:\/\/sakaba.mghosteur.com\/en\/wp-json\/wp\/v2\/product\/27622\/revisions"}],"wp:attachment":[{"href":"https:\/\/sakaba.mghosteur.com\/en\/wp-json\/wp\/v2\/media?parent=27622"}],"wp:term":[{"taxonomy":"product_brand","embeddable":true,"href":"https:\/\/sakaba.mghosteur.com\/en\/wp-json\/wp\/v2\/product_brand?post=27622"},{"taxonomy":"product_cat","embeddable":true,"href":"https:\/\/sakaba.mghosteur.com\/en\/wp-json\/wp\/v2\/product_cat?post=27622"},{"taxonomy":"product_tag","embeddable":true,"href":"https:\/\/sakaba.mghosteur.com\/en\/wp-json\/wp\/v2\/product_tag?post=27622"}],"curies":[{"name":"wp","href":"https:\/\/api.w.org\/{rel}","templated":true}]}}