{"id":27625,"date":"2022-11-29T16:31:28","date_gmt":"2022-11-29T16:31:28","guid":{"rendered":"http:\/\/www.sakababeauty.com\/?post_type=product&#038;p=27625"},"modified":"2022-11-29T16:31:28","modified_gmt":"2022-11-29T16:31:28","slug":"primera-miracle-seed-essence","status":"publish","type":"product","link":"https:\/\/sakaba.mghosteur.com\/en\/product\/primera-miracle-seed-essence\/","title":{"rendered":"PRIMERA MIRACLE SEED ESSENCE"},"content":{"rendered":"","protected":false},"excerpt":{"rendered":"","protected":false},"featured_media":0,"comment_status":"closed","ping_status":"closed","template":"","meta":[],"product_brand":[],"product_cat":[377],"product_tag":[],"class_list":{"0":"post-27625","1":"product","2":"type-product","3":"status-publish","5":"product_cat-bath-body-works","7":"first","8":"instock","9":"shipping-taxable","10":"product-type-simple"},"jetpack-related-posts":[{"id":26923,"url":"https:\/\/sakaba.mghosteur.com\/en\/product\/kiehls-cannabis-sativa-seed-oil-herbal-concentrat\/","url_meta":{"origin":27625,"position":0},"title":"KIEHL&#8217;S CANNABIS SATIVA SEED OIL HERBAL CONCENTRAT","author":"admin","date":"November 28, 2022","format":false,"excerpt":"","rel":"","context":"Similar post","block_context":{"text":"Similar post","link":""},"img":{"alt_text":"","src":"","width":0,"height":0},"classes":[]},{"id":33042,"url":"https:\/\/sakaba.mghosteur.com\/en\/product\/dove-exfoliant-body-polish-pomegranate-seeds-shea-butter\/","url_meta":{"origin":27625,"position":1},"title":"DOVE EXFOLIANT BODY POLISH POMEGRANATE SEEDS &amp; SHEA BUTTER","author":"admin","date":"May 17, 2024","format":false,"excerpt":"Le gommage exfoliant pour le corps Dove Grenade et beurre de karit\u00e9 est un gommage doux qui contient du beurre de karit\u00e9 hydratant et est con\u00e7u pour nourrir et restaurer les nutriments naturels de la peau. Il a une texture cr\u00e9meuse qui s'\u00e9tale facilement et n'est pas trop agressive pour\u2026","rel":"","context":"Similar post","block_context":{"text":"Similar post","link":""},"img":{"alt_text":"","src":"","width":0,"height":0},"classes":[]},{"id":26472,"url":"https:\/\/sakaba.mghosteur.com\/en\/product\/miracles-cleansing-bar\/","url_meta":{"origin":27625,"position":2},"title":"MIRACLES CLEANSING BAR","author":"admin","date":"November 25, 2022","format":false,"excerpt":"","rel":"","context":"Similar post","block_context":{"text":"Similar post","link":""},"img":{"alt_text":"","src":"","width":0,"height":0},"classes":[]},{"id":25642,"url":"https:\/\/sakaba.mghosteur.com\/en\/product\/aussie-miracle-moist-conditioner\/","url_meta":{"origin":27625,"position":3},"title":"AUSSIE MIRACLE MOIST CONDITIONER","author":"admin","date":"November 14, 2022","format":false,"excerpt":"","rel":"","context":"Similar post","block_context":{"text":"Similar post","link":""},"img":{"alt_text":"","src":"","width":0,"height":0},"classes":[]},{"id":26452,"url":"https:\/\/sakaba.mghosteur.com\/en\/product\/super-miracle-spot-all-kill-cream15\/","url_meta":{"origin":27625,"position":4},"title":"SUPER MIRACLE SPOT ALL KILL CREAM15","author":"admin","date":"November 25, 2022","format":false,"excerpt":"","rel":"","context":"Similar post","block_context":{"text":"Similar post","link":""},"img":{"alt_text":"","src":"","width":0,"height":0},"classes":[]},{"id":29269,"url":"https:\/\/sakaba.mghosteur.com\/en\/product\/pure-cold-pressed-rosehip-seed-oil\/","url_meta":{"origin":27625,"position":5},"title":"PURE COLD-PRESSED ROSEHIP SEED OIL","author":"admin","date":"March 22, 2023","format":false,"excerpt":"D\u00e9couvrez l'Huile de Graines de Rose Musqu\u00e9e Pure Press\u00e9e \u00e0 Froid de Good Molecules - un produit de soin de la peau naturel et durable pour le visage. Cette huile l\u00e9g\u00e8re et hydratante est riche en antioxydants, en vitamine A naturelle et aide \u00e0 restaurer l'\u00e9lasticit\u00e9 de la peau. Cultiv\u00e9e\u2026","rel":"","context":"Similar post","block_context":{"text":"Similar post","link":""},"img":{"alt_text":"","src":"","width":0,"height":0},"classes":[]}],"_links":{"self":[{"href":"https:\/\/sakaba.mghosteur.com\/en\/wp-json\/wp\/v2\/product\/27625","targetHints":{"allow":["GET"]}}],"collection":[{"href":"https:\/\/sakaba.mghosteur.com\/en\/wp-json\/wp\/v2\/product"}],"about":[{"href":"https:\/\/sakaba.mghosteur.com\/en\/wp-json\/wp\/v2\/types\/product"}],"replies":[{"embeddable":true,"href":"https:\/\/sakaba.mghosteur.com\/en\/wp-json\/wp\/v2\/comments?post=27625"}],"version-history":[{"count":0,"href":"https:\/\/sakaba.mghosteur.com\/en\/wp-json\/wp\/v2\/product\/27625\/revisions"}],"wp:attachment":[{"href":"https:\/\/sakaba.mghosteur.com\/en\/wp-json\/wp\/v2\/media?parent=27625"}],"wp:term":[{"taxonomy":"product_brand","embeddable":true,"href":"https:\/\/sakaba.mghosteur.com\/en\/wp-json\/wp\/v2\/product_brand?post=27625"},{"taxonomy":"product_cat","embeddable":true,"href":"https:\/\/sakaba.mghosteur.com\/en\/wp-json\/wp\/v2\/product_cat?post=27625"},{"taxonomy":"product_tag","embeddable":true,"href":"https:\/\/sakaba.mghosteur.com\/en\/wp-json\/wp\/v2\/product_tag?post=27625"}],"curies":[{"name":"wp","href":"https:\/\/api.w.org\/{rel}","templated":true}]}}