{"id":27643,"date":"2022-11-29T16:40:00","date_gmt":"2022-11-29T16:40:00","guid":{"rendered":"http:\/\/www.sakababeauty.com\/?post_type=product&#038;p=27643"},"modified":"2022-11-29T16:40:01","modified_gmt":"2022-11-29T16:40:01","slug":"m3-naturals-professional-facial-infused-with-collagen-stem-cell-and-vitamin-c","status":"publish","type":"product","link":"https:\/\/sakaba.mghosteur.com\/en\/product\/m3-naturals-professional-facial-infused-with-collagen-stem-cell-and-vitamin-c\/","title":{"rendered":"M3 Naturals Professional Facial Infused with Collagen, Stem Cell, and Vitamin C"},"content":{"rendered":"","protected":false},"excerpt":{"rendered":"","protected":false},"featured_media":0,"comment_status":"closed","ping_status":"closed","template":"","meta":[],"product_brand":[],"product_cat":[334],"product_tag":[],"class_list":{"0":"post-27643","1":"product","2":"type-product","3":"status-publish","5":"product_cat-traitement-serum","7":"first","8":"instock","9":"shipping-taxable","10":"product-type-simple"},"jetpack-related-posts":[{"id":24244,"url":"https:\/\/sakaba.mghosteur.com\/en\/product\/m3-naturals-activated-charcoal-scrub-infused-with-collagen-and-stem-cell\/","url_meta":{"origin":27643,"position":0},"title":"M3 Naturals Activated Charcoal Scrub Infused with Collagen and Stem Cell","author":"admin","date":"November 9, 2022","format":false,"excerpt":"","rel":"","context":"Similar post","block_context":{"text":"Similar post","link":""},"img":{"alt_text":"","src":"","width":0,"height":0},"classes":[]},{"id":25608,"url":"https:\/\/sakaba.mghosteur.com\/en\/product\/m3-naturals-anti-cellulite-massage-oil\/","url_meta":{"origin":27643,"position":1},"title":"M3 Naturals Anti Cellulite Massage Oil","author":"admin","date":"November 14, 2022","format":false,"excerpt":"","rel":"","context":"Similar post","block_context":{"text":"Similar post","link":""},"img":{"alt_text":"","src":"","width":0,"height":0},"classes":[]},{"id":30002,"url":"https:\/\/sakaba.mghosteur.com\/en\/product\/super-collagen-vitamin-c-biotin-360-tablets\/","url_meta":{"origin":27643,"position":2},"title":"SUPER COLLAGEN +VITAMIN C &amp; BIOTIN 360 TABLETS","author":"admin","date":"May 1, 2023","format":false,"excerpt":"D\u00e9couvrez le Super Collag\u00e8ne de NeoCell, un compl\u00e9ment alimentaire contenant 360 comprim\u00e9s de collag\u00e8ne, vitamine C et biotine. Ce produit vous aide \u00e0 minimiser les rides et ridules en am\u00e9liorant l'\u00e9lasticit\u00e9 de votre peau et en retenant l'humidit\u00e9 dans celle-ci. De plus, il renforce et nourrit vos ligaments, tendons, articulations\u2026","rel":"","context":"Similar post","block_context":{"text":"Similar post","link":""},"img":{"alt_text":"","src":"","width":0,"height":0},"classes":[]},{"id":26487,"url":"https:\/\/sakaba.mghosteur.com\/en\/product\/gluta-c-glutathione-and-vitamin-c-with-kojic-plus-2\/","url_meta":{"origin":27643,"position":3},"title":"ACNE CONTROL FACIAL WASH 4SKIN WHITENING","author":"admin","date":"November 25, 2022","format":false,"excerpt":"","rel":"","context":"Similar post","block_context":{"text":"Similar post","link":""},"img":{"alt_text":"","src":"","width":0,"height":0},"classes":[]},{"id":29984,"url":"https:\/\/sakaba.mghosteur.com\/en\/product\/neocell-hyaluronic-acid-with-vitamin-c-liquid-473m\/","url_meta":{"origin":27643,"position":4},"title":"NEOCELL HYALURONIC ACID WITH VITAMIN C LIQUID 473M","author":"admin","date":"May 1, 2023","format":false,"excerpt":"D\u00e9couvrez la poudre Super Collagen Plus NeoCell, un suppl\u00e9ment de collag\u00e8ne contenant 12 g de collag\u00e8ne par portion, avec des types de collag\u00e8ne 1 et 3. Ce produit comprend 15 portions par contenant et est certifi\u00e9 Keto + Sans Gluten pour s'adapter \u00e0 votre style de vie sain. La poudre\u2026","rel":"","context":"Similar post","block_context":{"text":"Similar post","link":""},"img":{"alt_text":"","src":"","width":0,"height":0},"classes":[]},{"id":33817,"url":"https:\/\/sakaba.mghosteur.com\/en\/product\/pro-line-ii-comb-thru-texturizer-infused-with-olive-argan-oils\/","url_meta":{"origin":27643,"position":5},"title":"Pro-Line II Comb-Thru Texturizer Infused With Olive &#038; Argan Oils","author":"admin","date":"May 23, 2024","format":false,"excerpt":"","rel":"","context":"Similar post","block_context":{"text":"Similar post","link":""},"img":{"alt_text":"","src":"","width":0,"height":0},"classes":[]}],"_links":{"self":[{"href":"https:\/\/sakaba.mghosteur.com\/en\/wp-json\/wp\/v2\/product\/27643","targetHints":{"allow":["GET"]}}],"collection":[{"href":"https:\/\/sakaba.mghosteur.com\/en\/wp-json\/wp\/v2\/product"}],"about":[{"href":"https:\/\/sakaba.mghosteur.com\/en\/wp-json\/wp\/v2\/types\/product"}],"replies":[{"embeddable":true,"href":"https:\/\/sakaba.mghosteur.com\/en\/wp-json\/wp\/v2\/comments?post=27643"}],"version-history":[{"count":0,"href":"https:\/\/sakaba.mghosteur.com\/en\/wp-json\/wp\/v2\/product\/27643\/revisions"}],"wp:attachment":[{"href":"https:\/\/sakaba.mghosteur.com\/en\/wp-json\/wp\/v2\/media?parent=27643"}],"wp:term":[{"taxonomy":"product_brand","embeddable":true,"href":"https:\/\/sakaba.mghosteur.com\/en\/wp-json\/wp\/v2\/product_brand?post=27643"},{"taxonomy":"product_cat","embeddable":true,"href":"https:\/\/sakaba.mghosteur.com\/en\/wp-json\/wp\/v2\/product_cat?post=27643"},{"taxonomy":"product_tag","embeddable":true,"href":"https:\/\/sakaba.mghosteur.com\/en\/wp-json\/wp\/v2\/product_tag?post=27643"}],"curies":[{"name":"wp","href":"https:\/\/api.w.org\/{rel}","templated":true}]}}