{"id":27650,"date":"2022-11-29T16:47:37","date_gmt":"2022-11-29T16:47:37","guid":{"rendered":"http:\/\/www.sakababeauty.com\/?post_type=product&#038;p=27650"},"modified":"2022-11-29T16:47:37","modified_gmt":"2022-11-29T16:47:37","slug":"clinique-fresh-pressed-daily-booster","status":"publish","type":"product","link":"https:\/\/sakaba.mghosteur.com\/en\/product\/clinique-fresh-pressed-daily-booster\/","title":{"rendered":"Clinique fresh pressed daily booster"},"content":{"rendered":"","protected":false},"excerpt":{"rendered":"","protected":false},"featured_media":0,"comment_status":"closed","ping_status":"closed","template":"","meta":[],"product_brand":[],"product_cat":[334],"product_tag":[],"class_list":{"0":"post-27650","1":"product","2":"type-product","3":"status-publish","5":"product_cat-traitement-serum","7":"first","8":"instock","9":"shipping-taxable","10":"product-type-simple"},"jetpack-related-posts":[{"id":27660,"url":"https:\/\/sakaba.mghosteur.com\/en\/product\/clinique-fresh-pressed-overnight-booster\/","url_meta":{"origin":27650,"position":0},"title":"Clinique fresh pressed overnight booster","author":"admin","date":"November 29, 2022","format":false,"excerpt":"Les boosters Clinique Fresh Pressed Clinical Daily + Overnight sont un syst\u00e8me de booster anti-\u00e2ge qui utilise 10 % de vitamine C et de r\u00e9tinol pour offrir des r\u00e9sultats de qualit\u00e9 sup\u00e9rieure contre les rides visibles. Ils sont sans parfum, sans parab\u00e8ne, sans phtalate et non com\u00e9dog\u00e8nes. Ils sont con\u00e7us\u2026","rel":"","context":"Similar post","block_context":{"text":"Similar post","link":""},"img":{"alt_text":"","src":"","width":0,"height":0},"classes":[]},{"id":30330,"url":"https:\/\/sakaba.mghosteur.com\/en\/product\/neutrogena-hydro-boost-night-pressed-serum\/","url_meta":{"origin":27650,"position":1},"title":"NEUTROGENA HYDRO BOOST NIGHT PRESSED SERUM","author":"admin","date":"May 8, 2023","format":false,"excerpt":"D\u00e9couvrez le s\u00e9rum press\u00e9 pour le visage Hydro Boost Night \u00e0 l'acide hyaluronique pur de la marque Neutrogena, un concentr\u00e9 multi-r\u00e9parateur unique con\u00e7u pour revitaliser et restaurer la barri\u00e8re d'hydratation de votre peau pendant la nuit. Ce s\u00e9rum pour le visage fond instantan\u00e9ment dans votre peau pour une hydratation en\u2026","rel":"","context":"Similar post","block_context":{"text":"Similar post","link":""},"img":{"alt_text":"","src":"","width":0,"height":0},"classes":[]},{"id":34225,"url":"https:\/\/sakaba.mghosteur.com\/en\/product\/fresh-sugar-advanced-recovery-lip-mask-10g\/","url_meta":{"origin":27650,"position":2},"title":"FRESH SUGAR ADVANCED RECOVERY LIP MASK 10G","author":"admin","date":"May 27, 2024","format":false,"excerpt":"Le masque pour les l\u00e8vres Fresh Sugar Advanced Therapy Recovery est un masque pour les l\u00e8vres sans rin\u00e7age qui, selon des \u00e9tudes cliniques, r\u00e9pare l'apparence des l\u00e8vres tr\u00e8s s\u00e8ches pendant la nuit tout en conservant l'hydratation pour une apparence lisse et pulpeuse. Il est infus\u00e9 de cire de baies, de\u2026","rel":"","context":"Similar post","block_context":{"text":"Similar post","link":""},"img":{"alt_text":"","src":"","width":0,"height":0},"classes":[]},{"id":33516,"url":"https:\/\/sakaba.mghosteur.com\/en\/product\/aveeno-daily-moisturizing-body-lotion-for-dry-skin-18oz\/","url_meta":{"origin":27650,"position":3},"title":"Aveeno Daily Moisturizing Body Lotion For Dry Skin, 18oz.","author":"admin","date":"May 22, 2024","format":false,"excerpt":"Nourrissez intens\u00e9ment la peau s\u00e8che avec une formule \u00e0 base d'avoine pr\u00e9biotique. La lotion quotidienne douce nourrit et aide \u00e0 reconstituer la barri\u00e8re d'hydratation naturelle de la peau et offre une hydratation cliniquement prouv\u00e9e qui dure 24 heures. Hydratation 24 heures cliniquement prouv\u00e9e La lotion quotidienne nourrit la peau s\u00e8che\u2026","rel":"","context":"Similar post","block_context":{"text":"Similar post","link":""},"img":{"alt_text":"","src":"","width":0,"height":0},"classes":[]},{"id":24031,"url":"https:\/\/sakaba.mghosteur.com\/en\/product\/aveeno-daily-moisturizing-lotion-nourishes-dry-skin-12-oz\/","url_meta":{"origin":27650,"position":4},"title":"Aveeno Daily Moisturizing Lotion Nourishes Dry Skin 12 oz","author":"admin","date":"November 9, 2022","format":false,"excerpt":"Nourrissez intens\u00e9ment la peau s\u00e8che avec une formule \u00e0 base d'avoine pr\u00e9biotique. La lotion quotidienne douce nourrit et aide \u00e0 reconstituer la barri\u00e8re d'hydratation naturelle de la peau et offre une hydratation cliniquement prouv\u00e9e qui dure 24 heures. Hydratation 24 heures cliniquement prouv\u00e9e La lotion quotidienne nourrit la peau s\u00e8che\u2026","rel":"","context":"Similar post","block_context":{"text":"Similar post","link":""},"img":{"alt_text":"","src":"","width":0,"height":0},"classes":[]},{"id":34228,"url":"https:\/\/sakaba.mghosteur.com\/en\/product\/fresh-sugar-advanced-therapy-lip-treatment\/","url_meta":{"origin":27650,"position":5},"title":"FRESH SUGAR ADVANCED THERAPY LIP TREATMENT","author":"admin","date":"May 27, 2024","format":false,"excerpt":"Un soin intensif pour les l\u00e8vres qui hydrate les l\u00e8vres tr\u00e8s s\u00e8ches pendant 24 heures et dont l'efficacit\u00e9 pour r\u00e9parer l'apparence des l\u00e8vres ab\u00eem\u00e9es est cliniquement prouv\u00e9e. Notre soin pour les l\u00e8vres test\u00e9 par des dermatologues r\u00e9g\u00e9n\u00e8re et r\u00e9pare instantan\u00e9ment les l\u00e8vres s\u00e8ches et qui p\u00e8lent gr\u00e2ce \u00e0 un extrait\u2026","rel":"","context":"Similar post","block_context":{"text":"Similar post","link":""},"img":{"alt_text":"","src":"","width":0,"height":0},"classes":[]}],"_links":{"self":[{"href":"https:\/\/sakaba.mghosteur.com\/en\/wp-json\/wp\/v2\/product\/27650","targetHints":{"allow":["GET"]}}],"collection":[{"href":"https:\/\/sakaba.mghosteur.com\/en\/wp-json\/wp\/v2\/product"}],"about":[{"href":"https:\/\/sakaba.mghosteur.com\/en\/wp-json\/wp\/v2\/types\/product"}],"replies":[{"embeddable":true,"href":"https:\/\/sakaba.mghosteur.com\/en\/wp-json\/wp\/v2\/comments?post=27650"}],"version-history":[{"count":0,"href":"https:\/\/sakaba.mghosteur.com\/en\/wp-json\/wp\/v2\/product\/27650\/revisions"}],"wp:attachment":[{"href":"https:\/\/sakaba.mghosteur.com\/en\/wp-json\/wp\/v2\/media?parent=27650"}],"wp:term":[{"taxonomy":"product_brand","embeddable":true,"href":"https:\/\/sakaba.mghosteur.com\/en\/wp-json\/wp\/v2\/product_brand?post=27650"},{"taxonomy":"product_cat","embeddable":true,"href":"https:\/\/sakaba.mghosteur.com\/en\/wp-json\/wp\/v2\/product_cat?post=27650"},{"taxonomy":"product_tag","embeddable":true,"href":"https:\/\/sakaba.mghosteur.com\/en\/wp-json\/wp\/v2\/product_tag?post=27650"}],"curies":[{"name":"wp","href":"https:\/\/api.w.org\/{rel}","templated":true}]}}