{"id":27653,"date":"2022-11-29T16:49:39","date_gmt":"2022-11-29T16:49:39","guid":{"rendered":"http:\/\/www.sakababeauty.com\/?post_type=product&#038;p=27653"},"modified":"2022-11-29T16:49:39","modified_gmt":"2022-11-29T16:49:39","slug":"pineapple-vitamin-c-smoothing-facial-serum","status":"publish","type":"product","link":"https:\/\/sakaba.mghosteur.com\/en\/product\/pineapple-vitamin-c-smoothing-facial-serum\/","title":{"rendered":"PINEAPPLE +VITAMIN C SMOOTHING FACIAL SERUM"},"content":{"rendered":"","protected":false},"excerpt":{"rendered":"","protected":false},"featured_media":0,"comment_status":"closed","ping_status":"closed","template":"","meta":[],"product_brand":[],"product_cat":[377],"product_tag":[],"class_list":{"0":"post-27653","1":"product","2":"type-product","3":"status-publish","5":"product_cat-bath-body-works","7":"first","8":"instock","9":"shipping-taxable","10":"product-type-simple"},"jetpack-related-posts":[{"id":33403,"url":"https:\/\/sakaba.mghosteur.com\/en\/product\/scotch-porter-smoothing-beard-serum\/","url_meta":{"origin":27653,"position":0},"title":"SCOTCH PORTER SMOOTHING BEARD SERUM","author":"admin","date":"May 21, 2024","format":false,"excerpt":"","rel":"","context":"Similar post","block_context":{"text":"Similar post","link":""},"img":{"alt_text":"","src":"","width":0,"height":0},"classes":[]},{"id":27643,"url":"https:\/\/sakaba.mghosteur.com\/en\/product\/m3-naturals-professional-facial-infused-with-collagen-stem-cell-and-vitamin-c\/","url_meta":{"origin":27653,"position":1},"title":"M3 Naturals Professional Facial Infused with Collagen, Stem Cell, and Vitamin C","author":"admin","date":"November 29, 2022","format":false,"excerpt":"","rel":"","context":"Similar post","block_context":{"text":"Similar post","link":""},"img":{"alt_text":"","src":"","width":0,"height":0},"classes":[]},{"id":27327,"url":"https:\/\/sakaba.mghosteur.com\/en\/product\/good-molecules-pineapple-exfoliating-powder\/","url_meta":{"origin":27653,"position":2},"title":"GOOD MOLECULES PINEAPPLE EXFOLIATING POWDER","author":"admin","date":"November 29, 2022","format":false,"excerpt":"La poudre exfoliante ananas de la marque Good Molecules est une solution douce et efficace pour exfolier votre peau. Formul\u00e9e avec des enzymes de fruits, de la vitamine C et de la poudre de riz, elle \u00e9claircit, adoucit et exfolie en douceur votre peau pour r\u00e9v\u00e9ler une peau plus lumineuse\u2026","rel":"","context":"Similar post","block_context":{"text":"Similar post","link":""},"img":{"alt_text":"","src":"","width":0,"height":0},"classes":[]},{"id":24146,"url":"https:\/\/sakaba.mghosteur.com\/en\/product\/jergens-smoothing-avocado\/","url_meta":{"origin":27653,"position":3},"title":"JERGENS SMOOTHING AVOCADO","author":"admin","date":"November 9, 2022","format":false,"excerpt":"D\u00e9couvrez l'hydratant lissant \u00e0 l'avocat de Jergens, un produit de soin de la peau qui vous permet de prendre soin de votre peau au quotidien. Avec une formule infus\u00e9e d'huile d'avocat nourrissante et d'extrait d'avoine, cet hydratant est con\u00e7u pour fournir une hydratation compl\u00e8te de votre corps pendant 24 heures.\u2026","rel":"","context":"Similar post","block_context":{"text":"Similar post","link":""},"img":{"alt_text":"","src":"","width":0,"height":0},"classes":[]},{"id":26535,"url":"https:\/\/sakaba.mghosteur.com\/en\/product\/facial-serum-night-repair-whitening-concentrate\/","url_meta":{"origin":27653,"position":4},"title":"FACIAL SERUM NIGHT REPAIR WHITENING CONCENTRATE","author":"admin","date":"November 25, 2022","format":false,"excerpt":"","rel":"","context":"Similar post","block_context":{"text":"Similar post","link":""},"img":{"alt_text":"","src":"","width":0,"height":0},"classes":[]},{"id":32121,"url":"https:\/\/sakaba.mghosteur.com\/en\/product\/shea-sugar-scrub-pineapple\/","url_meta":{"origin":27653,"position":5},"title":"SHEA SUGAR SCRUB PINEAPPLE","author":"admin","date":"May 13, 2024","format":false,"excerpt":"","rel":"","context":"Similar post","block_context":{"text":"Similar post","link":""},"img":{"alt_text":"","src":"","width":0,"height":0},"classes":[]}],"_links":{"self":[{"href":"https:\/\/sakaba.mghosteur.com\/en\/wp-json\/wp\/v2\/product\/27653","targetHints":{"allow":["GET"]}}],"collection":[{"href":"https:\/\/sakaba.mghosteur.com\/en\/wp-json\/wp\/v2\/product"}],"about":[{"href":"https:\/\/sakaba.mghosteur.com\/en\/wp-json\/wp\/v2\/types\/product"}],"replies":[{"embeddable":true,"href":"https:\/\/sakaba.mghosteur.com\/en\/wp-json\/wp\/v2\/comments?post=27653"}],"version-history":[{"count":0,"href":"https:\/\/sakaba.mghosteur.com\/en\/wp-json\/wp\/v2\/product\/27653\/revisions"}],"wp:attachment":[{"href":"https:\/\/sakaba.mghosteur.com\/en\/wp-json\/wp\/v2\/media?parent=27653"}],"wp:term":[{"taxonomy":"product_brand","embeddable":true,"href":"https:\/\/sakaba.mghosteur.com\/en\/wp-json\/wp\/v2\/product_brand?post=27653"},{"taxonomy":"product_cat","embeddable":true,"href":"https:\/\/sakaba.mghosteur.com\/en\/wp-json\/wp\/v2\/product_cat?post=27653"},{"taxonomy":"product_tag","embeddable":true,"href":"https:\/\/sakaba.mghosteur.com\/en\/wp-json\/wp\/v2\/product_tag?post=27653"}],"curies":[{"name":"wp","href":"https:\/\/api.w.org\/{rel}","templated":true}]}}