{"id":27657,"date":"2022-11-29T16:51:08","date_gmt":"2022-11-29T16:51:08","guid":{"rendered":"http:\/\/www.sakababeauty.com\/?post_type=product&#038;p=27657"},"modified":"2024-08-07T03:39:01","modified_gmt":"2024-08-07T03:39:01","slug":"carrot-vitamin-c-vitamin-c-serum","status":"publish","type":"product","link":"https:\/\/sakaba.mghosteur.com\/en\/product\/carrot-vitamin-c-vitamin-c-serum\/","title":{"rendered":"40 CARROT VITAMIN SERUM + VITAMIN C"},"content":{"rendered":"<p>Soins de la peau riches en r\u00e9tinol 40 Carrots contiennent un complexe exclusif Betanol Age-Radiance. Ce complexe unique est une combinaison de b\u00eata-carot\u00e8ne \u00e9claircissant et de r\u00e9tinol (vitamine A) antirides recommand\u00e9 par les dermatologues.<\/p>\n<p>Ce puissant combo aide \u00e0 r\u00e9duire l&#8217;apparence des ridules et des rides tout en lissant le teint irr\u00e9gulier. Le complexe Betanol Age-Radiance de 40 Carrots est la solution douce et efficace pour une peau d&#8217;apparence plus jeune.<\/p>","protected":false},"excerpt":{"rendered":"<p>Soins de la peau riches en r\u00e9tinol 40 Carrots contiennent un complexe exclusif Betanol Age-Radiance. Ce complexe unique est une combinaison de b\u00eata-carot\u00e8ne \u00e9claircissant et de r\u00e9tinol (vitamine A) antirides recommand\u00e9 par les dermatologues. Ce puissant combo aide \u00e0 r\u00e9duire l&#8217;apparence des ridules et des rides tout en lissant le teint irr\u00e9gulier. Le complexe Betanol<span class=\"read-more-faq\"><a href=\"https:\/\/sakaba.mghosteur.com\/en\/product\/carrot-vitamin-c-vitamin-c-serum\/\">Read More<\/a><\/span><\/p>","protected":false},"featured_media":0,"comment_status":"closed","ping_status":"closed","template":"","meta":[],"product_brand":[],"product_cat":[293,291,451,334],"product_tag":[],"class_list":{"0":"post-27657","1":"product","2":"type-product","3":"status-publish","5":"product_cat-anti-taches","6":"product_cat-eclaircissant","7":"product_cat-aab-soin-du-visage","8":"product_cat-traitement-serum","10":"first","11":"instock","12":"shipping-taxable","13":"product-type-simple"},"jetpack-related-posts":[{"id":26880,"url":"https:\/\/sakaba.mghosteur.com\/en\/product\/1-retinol-treatment-with-peptides-vitamin-c\/","url_meta":{"origin":27657,"position":0},"title":"1% RETINOL TREATMENT WITH PEPTIDES +VITAMIN C","author":"admin","date":"November 28, 2022","format":false,"excerpt":"Le traitement au R\u00e9tinol 1% de la marque Paula's Choice est une solution de r\u00e9tinol puissante qui hydrate et offre des avantages anti-\u00e2ge remarquables. Sa formulation unique avec un syst\u00e8me de lib\u00e9ration contr\u00f4l\u00e9e permet une absorption uniforme et constante, pour des r\u00e9sultats optimaux. La lotion l\u00e9g\u00e8re de ce traitement aide\u2026","rel":"","context":"Similar post","block_context":{"text":"Similar post","link":""},"img":{"alt_text":"","src":"","width":0,"height":0},"classes":[]},{"id":28064,"url":"https:\/\/sakaba.mghosteur.com\/en\/product\/naturium-vitamin-c-complex-serum\/","url_meta":{"origin":27657,"position":1},"title":"NATURIUM VITAMIN C COMPLEX SERUM","author":"admin","date":"November 29, 2022","format":false,"excerpt":"Le puissant s\u00e9rum \u00e0 la vitamine C est formul\u00e9 avec un complexe de vitamine C \u00e0 base d'or et d'acide L-ascorbique hautement stabilis\u00e9, du phosphate d'ascorbyle de sodium et un m\u00e9lange de fruits bioactifs qui aide \u00e0 d\u00e9fendre la peau contre les facteurs de stress environnementaux, favorisant ainsi une peau\u2026","rel":"","context":"Similar post","block_context":{"text":"Similar post","link":""},"img":{"alt_text":"","src":"","width":0,"height":0},"classes":[]},{"id":35978,"url":"https:\/\/sakaba.mghosteur.com\/en\/product\/medix-5-5-retinol-ferulic-acid-age-rewind-444ml\/","url_meta":{"origin":27657,"position":2},"title":"MEDIX 5.5 RETINOL FERULIC ACID AGE REWIND 444ML","author":"admin","date":"August 10, 2024","format":false,"excerpt":"MEDIX 5.5 \u2013 RETINOL CREAM contient d\u2019autres ingr\u00e9dients actifs tels que l\u2019acide f\u00e9rulique, le th\u00e9 vert, la vitamine E, le beurre de karit\u00e9 et l\u2019aloe vera qui agissent en synergie pour am\u00e9liorer la sant\u00e9 globale et l\u2019apparence de votre peau afin de donner \u00e0 votre peau un \u00e9clat jeune et\u2026","rel":"","context":"Similar post","block_context":{"text":"Similar post","link":""},"img":{"alt_text":"","src":"","width":0,"height":0},"classes":[]},{"id":30456,"url":"https:\/\/sakaba.mghosteur.com\/en\/product\/golg-bond-retinol-overnight-body-face\/","url_meta":{"origin":27657,"position":3},"title":"GOLG BOND RETINOL OVERNIGHT BODY &#038; FACE","author":"admin","date":"May 11, 2023","format":false,"excerpt":"D\u00e9couvrez la lotion de nuit pour le corps et le visage au r\u00e9tinol Gold Bond Age Renew, qui r\u00e9v\u00e8le une peau plus lisse et d'apparence plus jeune pendant la nuit. Cette lotion riche et nourrissante est dot\u00e9e d'un puissant complexe de r\u00e9tinol et de peptides qui exfolie pour soutenir le\u2026","rel":"","context":"Similar post","block_context":{"text":"Similar post","link":""},"img":{"alt_text":"","src":"","width":0,"height":0},"classes":[]},{"id":28075,"url":"https:\/\/sakaba.mghosteur.com\/en\/product\/naturium-vitamin-c-super-serum-plus\/","url_meta":{"origin":27657,"position":4},"title":"NATURIUM VITAMIN C SUPER SERUM PLUS","author":"admin","date":"November 29, 2022","format":false,"excerpt":"Le s\u00e9rum suraliment\u00e9 et multi-b\u00e9n\u00e9fices est formul\u00e9 avec de la vitamine C, du r\u00e9tinol, de l'acide hyaluronique, de la niacinamide et de l'acide salicylique pour aider \u00e0 am\u00e9liorer l'apparence des ridules et des rides, lisser et \u00e9claircir l'apparence de la peau, tout en aidant \u00e0 prot\u00e9ger la peau des facteurs\u2026","rel":"","context":"Similar post","block_context":{"text":"Similar post","link":""},"img":{"alt_text":"","src":"","width":0,"height":0},"classes":[]},{"id":31830,"url":"https:\/\/sakaba.mghosteur.com\/en\/product\/olay-retinol-gel-de-douche-591ml\/","url_meta":{"origin":27657,"position":5},"title":"OLAY RETINOL GEL DE DOUCHE 591ML","author":"admin","date":"May 10, 2024","format":false,"excerpt":"Le nettoyant pour le corps de nuit Olay Cleansing & Renewing Retinol est un nettoyant pour le corps qui contient du r\u00e9tinol et un complexe de vitamines con\u00e7u pour hydrater la peau pendant la nuit. Il est suffisamment doux pour une utilisation quotidienne et contient des ingr\u00e9dients hydratants.","rel":"","context":"Similar post","block_context":{"text":"Similar post","link":""},"img":{"alt_text":"","src":"","width":0,"height":0},"classes":[]}],"_links":{"self":[{"href":"https:\/\/sakaba.mghosteur.com\/en\/wp-json\/wp\/v2\/product\/27657","targetHints":{"allow":["GET"]}}],"collection":[{"href":"https:\/\/sakaba.mghosteur.com\/en\/wp-json\/wp\/v2\/product"}],"about":[{"href":"https:\/\/sakaba.mghosteur.com\/en\/wp-json\/wp\/v2\/types\/product"}],"replies":[{"embeddable":true,"href":"https:\/\/sakaba.mghosteur.com\/en\/wp-json\/wp\/v2\/comments?post=27657"}],"version-history":[{"count":0,"href":"https:\/\/sakaba.mghosteur.com\/en\/wp-json\/wp\/v2\/product\/27657\/revisions"}],"wp:attachment":[{"href":"https:\/\/sakaba.mghosteur.com\/en\/wp-json\/wp\/v2\/media?parent=27657"}],"wp:term":[{"taxonomy":"product_brand","embeddable":true,"href":"https:\/\/sakaba.mghosteur.com\/en\/wp-json\/wp\/v2\/product_brand?post=27657"},{"taxonomy":"product_cat","embeddable":true,"href":"https:\/\/sakaba.mghosteur.com\/en\/wp-json\/wp\/v2\/product_cat?post=27657"},{"taxonomy":"product_tag","embeddable":true,"href":"https:\/\/sakaba.mghosteur.com\/en\/wp-json\/wp\/v2\/product_tag?post=27657"}],"curies":[{"name":"wp","href":"https:\/\/api.w.org\/{rel}","templated":true}]}}