{"id":27664,"date":"2022-11-29T16:54:20","date_gmt":"2022-11-29T16:54:20","guid":{"rendered":"http:\/\/www.sakababeauty.com\/?post_type=product&#038;p=27664"},"modified":"2024-09-01T15:09:59","modified_gmt":"2024-09-01T15:09:59","slug":"refresh-skin-therapy-fruit-acid-15-gel-peel","status":"publish","type":"product","link":"https:\/\/sakaba.mghosteur.com\/en\/product\/refresh-skin-therapy-fruit-acid-15-gel-peel\/","title":{"rendered":"Refresh Skin Therapy Fruit Acid 15% gel Peel"},"content":{"rendered":"<p>Le gel peeling aux acides de fruits 15 % de Refresh Skin Therapy est un produit cosm\u00e9tique qui utilise des acides de fruits pour exfolier et renouveler la peau. Il peut aider \u00e0 r\u00e9duire les ridules et les rides, \u00e0 \u00e9claircir les taches pigmentaires et \u00e0 acc\u00e9l\u00e9rer le renouvellement de la peau. Il aide \u00e9galement \u00e0 r\u00e9duire l&#8217;apparence des imperfections et du teint irr\u00e9gulier. Le peeling est biologique et sans cruaut\u00e9 et convient \u00e0 tous les types de peau<\/p>","protected":false},"excerpt":{"rendered":"<p>Le gel peeling aux acides de fruits 15 % de Refresh Skin Therapy est un produit cosm\u00e9tique qui utilise des acides de fruits pour exfolier et renouveler la peau. Il peut aider \u00e0 r\u00e9duire les ridules et les rides, \u00e0 \u00e9claircir les taches pigmentaires et \u00e0 acc\u00e9l\u00e9rer le renouvellement de la peau. Il aide \u00e9galement<span class=\"read-more-faq\"><a href=\"https:\/\/sakaba.mghosteur.com\/en\/product\/refresh-skin-therapy-fruit-acid-15-gel-peel\/\">Read More<\/a><\/span><\/p>","protected":false},"featured_media":0,"comment_status":"closed","ping_status":"closed","template":"","meta":[],"product_brand":[],"product_cat":[451,334],"product_tag":[],"class_list":{"0":"post-27664","1":"product","2":"type-product","3":"status-publish","5":"product_cat-aab-soin-du-visage","6":"product_cat-traitement-serum","8":"first","9":"instock","10":"shipping-taxable","11":"product-type-simple"},"jetpack-related-posts":[{"id":30150,"url":"https:\/\/sakaba.mghosteur.com\/en\/product\/dr-teal-s-skin-therapy-collagen-radiant-skin\/","url_meta":{"origin":27664,"position":0},"title":"Dr Teal s SKIN THERAPY COLLAGEN + RADIANT SKIN","author":"admin","date":"May 3, 2023","format":false,"excerpt":"e bain au collag\u00e8ne + lait pour la peau radieux de Dr Teal's Skin Therapy avec acide hyaluronique et vitamine C est compos\u00e9 d'un m\u00e9lange nourrissant de lait de coco et de lait d'amande pour d\u00e9tendre l'esprit, apaiser le corps et nourrir votre peau.\u00a0Notre formule Radiant Skin combine du collag\u00e8ne\u2026","rel":"","context":"Similar post","block_context":{"text":"Similar post","link":""},"img":{"alt_text":"","src":"","width":0,"height":0},"classes":[]},{"id":24177,"url":"https:\/\/sakaba.mghosteur.com\/en\/product\/cerave-sa-body-wash-for-rough-and-bumpy-skin\/","url_meta":{"origin":27664,"position":1},"title":"CERAVE SA BODY WASH FOR ROUGH AND BUMPY SKIN","author":"admin","date":"November 9, 2022","format":false,"excerpt":"Le nettoyant pour le corps CeraVe SA est sp\u00e9cialement con\u00e7u pour les peaux rugueuses et bossel\u00e9es. Il utilise une combinaison d'acide salicylique, de c\u00e9ramides, d'acide hyaluronique et de niacinamide pour nettoyer et exfolier en douceur tout en offrant une hydratation optimale. L'acide salicylique est un exfoliant doux qui aide \u00e0\u2026","rel":"","context":"Similar post","block_context":{"text":"Similar post","link":""},"img":{"alt_text":"","src":"","width":0,"height":0},"classes":[]},{"id":27429,"url":"https:\/\/sakaba.mghosteur.com\/en\/product\/the-inkey-list-apple-cider-vinegar-acid-peel\/","url_meta":{"origin":27664,"position":2},"title":"THE INKEY LIST APPLE CIDER VINEGAR ACID PEEL","author":"admin","date":"November 29, 2022","format":false,"excerpt":"Le peeling acide au vinaigre de cidre de pomme Inkey List est un exfoliant liquide qui peut \u00eatre utilis\u00e9 sur tous les types de peau, y compris les peaux grasses, mixtes et toutes. Il contient 2 % de vinaigre de cidre de pomme, 10 % d'acide glycolique et 5 %\u2026","rel":"","context":"Similar post","block_context":{"text":"Similar post","link":""},"img":{"alt_text":"","src":"","width":0,"height":0},"classes":[]},{"id":28856,"url":"https:\/\/sakaba.mghosteur.com\/en\/product\/glytone-kp-kit-body-therapy\/","url_meta":{"origin":27664,"position":3},"title":"GLYTONE KP KIT BODY THERAPY","author":"admin","date":"March 6, 2023","format":false,"excerpt":"Obtenez une peau plus douce, plus \u00e9clatante et plus uniforme avec le kit Glytone Retexturize KP ! Ce traitement en deux \u00e9tapes pour la k\u00e9ratose pilaire est con\u00e7u pour renouveler la peau rugueuse et s\u00e8che tout en minimisant les bosses rouges disgracieuses. Les niveaux intenses d'acide glycolique \"libre\" dans la\u2026","rel":"","context":"Similar post","block_context":{"text":"Similar post","link":""},"img":{"alt_text":"","src":"","width":0,"height":0},"classes":[]},{"id":27647,"url":"https:\/\/sakaba.mghosteur.com\/en\/product\/refresh-skin-therapy-vitamine-c-serum-antioxidant\/","url_meta":{"origin":27664,"position":4},"title":"Refresh Skin Therapy Vitamine C Serum Antioxidant","author":"admin","date":"November 29, 2022","format":false,"excerpt":"","rel":"","context":"Similar post","block_context":{"text":"Similar post","link":""},"img":{"alt_text":"","src":"","width":0,"height":0},"classes":[]},{"id":31346,"url":"https:\/\/sakaba.mghosteur.com\/en\/product\/paula-choice-skin-perfecting-6-mandelic-acid-2-lactic-acid-88ml\/","url_meta":{"origin":27664,"position":5},"title":"PAULA CHOICE SKIN PERFECTING 6% MANDELIC ACID + 2%  LACTIC ACID 88ml","author":"admin","date":"May 10, 2024","format":false,"excerpt":"D\u00e9couvrez un produit innovant pour votre routine de soins de la peau : le m\u00e9lange d'acide mand\u00e9lique \u00e0 6 % et d'exfoliant liquide \u00e0 l'acide lactique \u00e0 2 %. Ce puissant m\u00e9lange d'exfoliants AHA offre une solution douce mais efficace pour raviver votre peau. Il aide \u00e0 \u00e9liminer les cellules\u2026","rel":"","context":"Similar post","block_context":{"text":"Similar post","link":""},"img":{"alt_text":"","src":"","width":0,"height":0},"classes":[]}],"_links":{"self":[{"href":"https:\/\/sakaba.mghosteur.com\/en\/wp-json\/wp\/v2\/product\/27664","targetHints":{"allow":["GET"]}}],"collection":[{"href":"https:\/\/sakaba.mghosteur.com\/en\/wp-json\/wp\/v2\/product"}],"about":[{"href":"https:\/\/sakaba.mghosteur.com\/en\/wp-json\/wp\/v2\/types\/product"}],"replies":[{"embeddable":true,"href":"https:\/\/sakaba.mghosteur.com\/en\/wp-json\/wp\/v2\/comments?post=27664"}],"version-history":[{"count":0,"href":"https:\/\/sakaba.mghosteur.com\/en\/wp-json\/wp\/v2\/product\/27664\/revisions"}],"wp:attachment":[{"href":"https:\/\/sakaba.mghosteur.com\/en\/wp-json\/wp\/v2\/media?parent=27664"}],"wp:term":[{"taxonomy":"product_brand","embeddable":true,"href":"https:\/\/sakaba.mghosteur.com\/en\/wp-json\/wp\/v2\/product_brand?post=27664"},{"taxonomy":"product_cat","embeddable":true,"href":"https:\/\/sakaba.mghosteur.com\/en\/wp-json\/wp\/v2\/product_cat?post=27664"},{"taxonomy":"product_tag","embeddable":true,"href":"https:\/\/sakaba.mghosteur.com\/en\/wp-json\/wp\/v2\/product_tag?post=27664"}],"curies":[{"name":"wp","href":"https:\/\/api.w.org\/{rel}","templated":true}]}}