{"id":27667,"date":"2022-11-29T16:55:58","date_gmt":"2022-11-29T16:55:58","guid":{"rendered":"http:\/\/www.sakababeauty.com\/?post_type=product&#038;p=27667"},"modified":"2022-11-29T16:55:58","modified_gmt":"2022-11-29T16:55:58","slug":"superberry-hydrate-glow-dream-mask","status":"publish","type":"product","link":"https:\/\/sakaba.mghosteur.com\/en\/product\/superberry-hydrate-glow-dream-mask\/","title":{"rendered":"SUPERBERRY HYDRATE +GLOW DREAM MASK"},"content":{"rendered":"","protected":false},"excerpt":{"rendered":"","protected":false},"featured_media":0,"comment_status":"closed","ping_status":"closed","template":"","meta":[],"product_brand":[],"product_cat":[377],"product_tag":[],"class_list":{"0":"post-27667","1":"product","2":"type-product","3":"status-publish","5":"product_cat-bath-body-works","7":"first","8":"instock","9":"shipping-taxable","10":"product-type-simple"},"jetpack-related-posts":[{"id":32063,"url":"https:\/\/sakaba.mghosteur.com\/en\/product\/naturium-phyto-glow-lip-mask-15g\/","url_meta":{"origin":27667,"position":0},"title":"NATURIUM PHYTO GLOW LIP MASK 15g","author":"admin","date":"May 13, 2024","format":false,"excerpt":"Ce masque pour les l\u00e8vres intens\u00e9ment hydratant offre une hydratation essentielle pour restaurer et reconstituer les l\u00e8vres. Formul\u00e9 avec du beurre de karit\u00e9, de l'huile d'avocat et de l'huile de jojoba, ce soin nourrissant apaise pour des l\u00e8vres d'apparence plus saine. AVANTAGES Revitalise et nourrit les l\u00e8vres en profondeur. Laisse\u2026","rel":"","context":"Similar post","block_context":{"text":"Similar post","link":""},"img":{"alt_text":"","src":"","width":0,"height":0},"classes":[]},{"id":56153,"url":"https:\/\/sakaba.mghosteur.com\/en\/product\/beauty-of-joseon-ground-rice-and-honey-glow-mask\/","url_meta":{"origin":27667,"position":1},"title":"Beauty of Joseon Ground Rice and Honey Glow Mask","author":"Sope DIA","date":"January 2, 2026","format":false,"excerpt":"Ground Rice and Honey Glow Mask de Beauty of Joseon, un masque nettoyant et exfoliant formul\u00e9 \u00e0 base de lie de makgeolli recycl\u00e9e et d\u2019ingr\u00e9dients naturels comme la poudre de cosse de riz et le miel.Ce soin multit\u00e2che offre une action compl\u00e8te en combinant des effets \u00e9claircissants, antioxydants, hydratants et\u2026","rel":"","context":"Similar post","block_context":{"text":"Similar post","link":""},"img":{"alt_text":"","src":"","width":0,"height":0},"classes":[]},{"id":26999,"url":"https:\/\/sakaba.mghosteur.com\/en\/product\/hyper-even-fade-and-glow-aha-mask\/","url_meta":{"origin":27667,"position":2},"title":"HYPER EVEN FADE AND GLOW AHA MASK","author":"admin","date":"November 28, 2022","format":false,"excerpt":"Le masque AHA Fade and Glow de la marque Hyper Even est le soin ultime pour redonner de l'\u00e9clat \u00e0 votre peau. Il est compos\u00e9 d'un duo AHA puissant, l'acide glycolique (5%) et l'acide mand\u00e9lique (5%), qui \u00e9liminent les impuret\u00e9s et illuminent instantan\u00e9ment le teint terne. La niacinamide et la\u2026","rel":"","context":"Similar post","block_context":{"text":"Similar post","link":""},"img":{"alt_text":"","src":"","width":0,"height":0},"classes":[]},{"id":27330,"url":"https:\/\/sakaba.mghosteur.com\/en\/product\/himalayan-charcoal-purifiying-glow-mask\/","url_meta":{"origin":27667,"position":3},"title":"HIMALAYAN CHARCOAL PURIFIYING GLOW MASK","author":"admin","date":"November 29, 2022","format":false,"excerpt":"","rel":"","context":"Similar post","block_context":{"text":"Similar post","link":""},"img":{"alt_text":"","src":"","width":0,"height":0},"classes":[]},{"id":31459,"url":"https:\/\/sakaba.mghosteur.com\/en\/product\/laneige-bouncy-firm-sleepling-mask-masque-de-nuit-60ml\/","url_meta":{"origin":27667,"position":4},"title":"LANEIGE BOUNCY &amp; FIRM SLEEPLING MASK MASQUE DE NUIT 60ML","author":"admin","date":"May 10, 2024","format":false,"excerpt":"D\u00e9couvrez le masque de nuit Bouncy & Firm de Laneige, un alli\u00e9 pour r\u00e9v\u00e9ler l'\u00e9clat naturel de votre peau. Ce masque nocturne est sp\u00e9cialement formul\u00e9 pour revitaliser et raffermir votre peau pendant que vous dormez. Enrichi d'un complexe \u00e0 base de pivoine et de collag\u00e8ne\u2122 ainsi que de peptides, il\u2026","rel":"","context":"Similar post","block_context":{"text":"Similar post","link":""},"img":{"alt_text":"","src":"","width":0,"height":0},"classes":[]},{"id":29755,"url":"https:\/\/sakaba.mghosteur.com\/en\/product\/skin-success-sheet-mask-1-single\/","url_meta":{"origin":27667,"position":5},"title":"SKIN SUCCESS SHEET  MASK 1 SINGLE","author":"admin","date":"April 19, 2023","format":false,"excerpt":"Le Palmer's Skin Success Glow Radiance Sheet Mask est un masque facial infus\u00e9 d'ingr\u00e9dients naturels pour vous offrir une peau lumineuse et \u00e9clatante. Ce masque contient des ingr\u00e9dients perfecteurs de teint qui aident \u00e0 \u00e9quilibrer le teint de votre peau et \u00e0 am\u00e9liorer son apparence. Il est con\u00e7u pour donner\u2026","rel":"","context":"Similar post","block_context":{"text":"Similar post","link":""},"img":{"alt_text":"","src":"","width":0,"height":0},"classes":[]}],"_links":{"self":[{"href":"https:\/\/sakaba.mghosteur.com\/en\/wp-json\/wp\/v2\/product\/27667","targetHints":{"allow":["GET"]}}],"collection":[{"href":"https:\/\/sakaba.mghosteur.com\/en\/wp-json\/wp\/v2\/product"}],"about":[{"href":"https:\/\/sakaba.mghosteur.com\/en\/wp-json\/wp\/v2\/types\/product"}],"replies":[{"embeddable":true,"href":"https:\/\/sakaba.mghosteur.com\/en\/wp-json\/wp\/v2\/comments?post=27667"}],"version-history":[{"count":0,"href":"https:\/\/sakaba.mghosteur.com\/en\/wp-json\/wp\/v2\/product\/27667\/revisions"}],"wp:attachment":[{"href":"https:\/\/sakaba.mghosteur.com\/en\/wp-json\/wp\/v2\/media?parent=27667"}],"wp:term":[{"taxonomy":"product_brand","embeddable":true,"href":"https:\/\/sakaba.mghosteur.com\/en\/wp-json\/wp\/v2\/product_brand?post=27667"},{"taxonomy":"product_cat","embeddable":true,"href":"https:\/\/sakaba.mghosteur.com\/en\/wp-json\/wp\/v2\/product_cat?post=27667"},{"taxonomy":"product_tag","embeddable":true,"href":"https:\/\/sakaba.mghosteur.com\/en\/wp-json\/wp\/v2\/product_tag?post=27667"}],"curies":[{"name":"wp","href":"https:\/\/api.w.org\/{rel}","templated":true}]}}