{"id":27673,"date":"2022-11-29T16:59:20","date_gmt":"2022-11-29T16:59:20","guid":{"rendered":"http:\/\/www.sakababeauty.com\/?post_type=product&#038;p=27673"},"modified":"2022-11-29T16:59:20","modified_gmt":"2022-11-29T16:59:20","slug":"krave-matcha-hemp-hydrating-cleanser","status":"publish","type":"product","link":"https:\/\/sakaba.mghosteur.com\/en\/product\/krave-matcha-hemp-hydrating-cleanser\/","title":{"rendered":"KRAVE MATCHA HEMP HYDRATING CLEANSER"},"content":{"rendered":"","protected":false},"excerpt":{"rendered":"","protected":false},"featured_media":0,"comment_status":"closed","ping_status":"closed","template":"","meta":[],"product_brand":[],"product_cat":[377],"product_tag":[],"class_list":{"0":"post-27673","1":"product","2":"type-product","3":"status-publish","5":"product_cat-bath-body-works","7":"first","8":"instock","9":"shipping-taxable","10":"product-type-simple"},"jetpack-related-posts":[{"id":32002,"url":"https:\/\/sakaba.mghosteur.com\/en\/product\/cerave-hydrating-foaming-oil-cleanser-236ml-2\/","url_meta":{"origin":27673,"position":0},"title":"CERAVE HYDRATING FOAMING OIL CLEANSER 236ML","author":"admin","date":"May 13, 2024","format":false,"excerpt":"","rel":"","context":"Similar post","block_context":{"text":"Similar post","link":""},"img":{"alt_text":"","src":"","width":0,"height":0},"classes":[]},{"id":29049,"url":"https:\/\/sakaba.mghosteur.com\/en\/product\/cerave-hydrating-foaming-oil-cleanser-236ml\/","url_meta":{"origin":27673,"position":1},"title":"CERAVE HYDRATING FOAMING OIL CLEANSER 236ML","author":"admin","date":"March 10, 2023","format":false,"excerpt":"La CeraVe Hydrating Foaming Oil Cleanser est un nettoyant quotidien doux et nourrissant pour les peaux normales \u00e0 tr\u00e8s s\u00e8ches. Sa formule contenant 3 c\u00e9ramides essentiels, de la glyc\u00e9rine et de l'acide hyaluronique \u00e9limine en douceur la salet\u00e9, le s\u00e9bum et les impuret\u00e9s de la peau tout en procurant une\u2026","rel":"","context":"Similar post","block_context":{"text":"Similar post","link":""},"img":{"alt_text":"","src":"","width":0,"height":0},"classes":[]},{"id":29354,"url":"https:\/\/sakaba.mghosteur.com\/en\/product\/paula-choice-hydrating-gel-to-cream-cleanser\/","url_meta":{"origin":27673,"position":2},"title":"PAULA CHOICE HYDRATING GEL TO CREAM CLEANSER","author":"admin","date":"April 3, 2023","format":false,"excerpt":"D\u00e9couvrez ce nettoyant gel-cr\u00e8me hydratant de la marque Paula's Choice. Il nettoie en douceur votre peau en \u00e9liminant la salet\u00e9, le s\u00e9bum et le maquillage, tout en rin\u00e7ant les polluants nocifs qui peuvent causer des signes pr\u00e9matur\u00e9s de vieillissement. Sa formule \u00e0 base de superaliments rend votre peau fra\u00eeche et\u2026","rel":"","context":"Similar post","block_context":{"text":"Similar post","link":""},"img":{"alt_text":"","src":"","width":0,"height":0},"classes":[]},{"id":24181,"url":"https:\/\/sakaba.mghosteur.com\/en\/product\/cerave-hydrating-cleanser-bar\/","url_meta":{"origin":27673,"position":3},"title":"CERAVE HYDRATING CLEANSER BAR","author":"admin","date":"November 9, 2022","format":false,"excerpt":"La barre nettoyante hydratante CeraVe est un produit de soin de la peau de haute qualit\u00e9 qui a \u00e9t\u00e9 sp\u00e9cialement con\u00e7u pour les personnes ayant une peau normale \u00e0 s\u00e8che. Elle nettoie en douceur la peau tout en fournissant une hydratation en profondeur pour aider \u00e0 restaurer la barri\u00e8re cutan\u00e9e\u2026","rel":"","context":"Similar post","block_context":{"text":"Similar post","link":""},"img":{"alt_text":"","src":"","width":0,"height":0},"classes":[]},{"id":31996,"url":"https:\/\/sakaba.mghosteur.com\/en\/product\/cerave-hydrating-foaming-oil-cleanser-473ml\/","url_meta":{"origin":27673,"position":4},"title":"CERAVE HYDRATING FOAMING OIL CLEANSER 473ML","author":"admin","date":"May 13, 2024","format":false,"excerpt":"Le nettoyant moussant hydratant CeraVe 473 ml est une formule ultra-nourrissante qui nettoie la peau en douceur tout en lui procurant une hydratation longue dur\u00e9e. Adapt\u00e9 aux peaux normales \u00e0 tr\u00e8s s\u00e8ches, ce produit a \u00e9t\u00e9 d\u00e9velopp\u00e9 par des dermatologues et poss\u00e8de une composition sp\u00e9ciale. Comme il ne contient pas\u2026","rel":"","context":"Similar post","block_context":{"text":"Similar post","link":""},"img":{"alt_text":"","src":"","width":0,"height":0},"classes":[]},{"id":29405,"url":"https:\/\/sakaba.mghosteur.com\/en\/product\/paula-choice-optimal-results-hydrating-cleanser\/","url_meta":{"origin":27673,"position":5},"title":"PAULA CHOICE OPTIMAL RESULTS HYDRATING CLEANSER","author":"admin","date":"April 3, 2023","format":false,"excerpt":"Le S\u00e9rum Complexe Om\u00e9ga+ est un produit de soin pour la peau qui agit comme un super aliment pour la peau. Gr\u00e2ce aux acides gras om\u00e9ga qu'il contient, ce s\u00e9rum renforce la surface de votre peau en lui apportant les nutriments essentiels pour une peau saine, hydrat\u00e9e et visiblement plus\u2026","rel":"","context":"Similar post","block_context":{"text":"Similar post","link":""},"img":{"alt_text":"","src":"","width":0,"height":0},"classes":[]}],"_links":{"self":[{"href":"https:\/\/sakaba.mghosteur.com\/en\/wp-json\/wp\/v2\/product\/27673","targetHints":{"allow":["GET"]}}],"collection":[{"href":"https:\/\/sakaba.mghosteur.com\/en\/wp-json\/wp\/v2\/product"}],"about":[{"href":"https:\/\/sakaba.mghosteur.com\/en\/wp-json\/wp\/v2\/types\/product"}],"replies":[{"embeddable":true,"href":"https:\/\/sakaba.mghosteur.com\/en\/wp-json\/wp\/v2\/comments?post=27673"}],"version-history":[{"count":0,"href":"https:\/\/sakaba.mghosteur.com\/en\/wp-json\/wp\/v2\/product\/27673\/revisions"}],"wp:attachment":[{"href":"https:\/\/sakaba.mghosteur.com\/en\/wp-json\/wp\/v2\/media?parent=27673"}],"wp:term":[{"taxonomy":"product_brand","embeddable":true,"href":"https:\/\/sakaba.mghosteur.com\/en\/wp-json\/wp\/v2\/product_brand?post=27673"},{"taxonomy":"product_cat","embeddable":true,"href":"https:\/\/sakaba.mghosteur.com\/en\/wp-json\/wp\/v2\/product_cat?post=27673"},{"taxonomy":"product_tag","embeddable":true,"href":"https:\/\/sakaba.mghosteur.com\/en\/wp-json\/wp\/v2\/product_tag?post=27673"}],"curies":[{"name":"wp","href":"https:\/\/api.w.org\/{rel}","templated":true}]}}