{"id":27676,"date":"2022-11-29T17:03:03","date_gmt":"2022-11-29T17:03:03","guid":{"rendered":"http:\/\/www.sakababeauty.com\/?post_type=product&#038;p=27676"},"modified":"2022-11-29T17:03:04","modified_gmt":"2022-11-29T17:03:04","slug":"kravebeauty-gentle-aha-exfoliator","status":"publish","type":"product","link":"https:\/\/sakaba.mghosteur.com\/en\/product\/kravebeauty-gentle-aha-exfoliator\/","title":{"rendered":"KRAVEBEAUTY GENTLE AHA EXFOLIATOR"},"content":{"rendered":"","protected":false},"excerpt":{"rendered":"","protected":false},"featured_media":0,"comment_status":"closed","ping_status":"closed","template":"","meta":[],"product_brand":[],"product_cat":[377],"product_tag":[],"class_list":{"0":"post-27676","1":"product","2":"type-product","3":"status-publish","5":"product_cat-bath-body-works","7":"first","8":"instock","9":"shipping-taxable","10":"product-type-simple"},"jetpack-related-posts":[{"id":30191,"url":"https:\/\/sakaba.mghosteur.com\/en\/product\/necessaire-the-body-exfoliator-fragrance-free\/","url_meta":{"origin":27676,"position":0},"title":"NECESSAIRE THE BODY EXFOLIATOR FRAGRANCE FREE","author":"admin","date":"May 4, 2023","format":false,"excerpt":"D\u00e9couvrez le Body Exfoliator de N\u00e9cessaire\u2122, un traitement hebdomadaire d'exfoliation physique et chimique pour votre corps. Infus\u00e9 avec 6,5% d'exfoliation physique, incluant de la pierre ponce volcanique et du charbon de bambou, ainsi que 1,25% d'exfoliation chimique incluant des acides AHA, BHA et PHA, cet exfoliant efficace est con\u00e7u pour\u2026","rel":"","context":"Similar post","block_context":{"text":"Similar post","link":""},"img":{"alt_text":"","src":"","width":0,"height":0},"classes":[]},{"id":30207,"url":"https:\/\/sakaba.mghosteur.com\/en\/product\/the-body-exfoliator-eucalyptus\/","url_meta":{"origin":27676,"position":1},"title":"THE BODY EXFOLIATOR EUCALYPTUS","author":"admin","date":"May 4, 2023","format":false,"excerpt":"D\u00e9couvrez l'Exfoliant Corps Eucalyptus de la marque NECESSAIRE, un traitement hebdomadaire pour prendre soin de votre corps. Infus\u00e9 avec 6,5 % d'exfoliation physique (pierre ponce volcanique et charbon de bois de bambou), 1,25 % d'exfoliation chimique (AHA, BHA et PHA) et du niacinamide dans une base de tensioactif v\u00e9g\u00e9tal doux,\u2026","rel":"","context":"Similar post","block_context":{"text":"Similar post","link":""},"img":{"alt_text":"","src":"","width":0,"height":0},"classes":[]},{"id":27118,"url":"https:\/\/sakaba.mghosteur.com\/en\/product\/kravebeauty-great-body-relief-smooth-body-lotion\/","url_meta":{"origin":27676,"position":2},"title":"KRAVEBEAUTY GREAT BODY RELIEF SMOOTH BODY LOTION","author":"admin","date":"November 28, 2022","format":false,"excerpt":"","rel":"","context":"Similar post","block_context":{"text":"Similar post","link":""},"img":{"alt_text":"","src":"","width":0,"height":0},"classes":[]},{"id":30337,"url":"https:\/\/sakaba.mghosteur.com\/en\/product\/neutrogena-oil-balancing-daily-exfoliator\/","url_meta":{"origin":27676,"position":3},"title":"NEUTROGENA OIL BALANCING DAILY EXFOLIATOR","author":"admin","date":"May 8, 2023","format":false,"excerpt":"D\u00e9couvrez l'exfoliant quotidien NEUTROGENA Oil Balancing pour une peau saine et \u00e9quilibr\u00e9e. Formul\u00e9 avec des ingr\u00e9dients naturels tels que le citron vert et l'aloe vera, cet exfoliant est sp\u00e9cialement con\u00e7u pour les peaux grasses. Les dermatologues ont travaill\u00e9 sur cette formule pour resserrer les pores et matifier la peau tout\u2026","rel":"","context":"Similar post","block_context":{"text":"Similar post","link":""},"img":{"alt_text":"","src":"","width":0,"height":0},"classes":[]},{"id":24721,"url":"https:\/\/sakaba.mghosteur.com\/en\/product\/cetaphil-gentle-foaming-cleanser\/","url_meta":{"origin":27676,"position":4},"title":"CETAPHIL GENTLE FOAMING CLEANSER","author":"admin","date":"November 10, 2022","format":false,"excerpt":"","rel":"","context":"Similar post","block_context":{"text":"Similar post","link":""},"img":{"alt_text":"","src":"","width":0,"height":0},"classes":[]},{"id":27123,"url":"https:\/\/sakaba.mghosteur.com\/en\/product\/mele-gentle-hydrating-cleansing-gel\/","url_meta":{"origin":27676,"position":5},"title":"MELE GENTLE HYDRATING CLEANSING GEL","author":"admin","date":"November 28, 2022","format":false,"excerpt":"","rel":"","context":"Similar post","block_context":{"text":"Similar post","link":""},"img":{"alt_text":"","src":"","width":0,"height":0},"classes":[]}],"_links":{"self":[{"href":"https:\/\/sakaba.mghosteur.com\/en\/wp-json\/wp\/v2\/product\/27676","targetHints":{"allow":["GET"]}}],"collection":[{"href":"https:\/\/sakaba.mghosteur.com\/en\/wp-json\/wp\/v2\/product"}],"about":[{"href":"https:\/\/sakaba.mghosteur.com\/en\/wp-json\/wp\/v2\/types\/product"}],"replies":[{"embeddable":true,"href":"https:\/\/sakaba.mghosteur.com\/en\/wp-json\/wp\/v2\/comments?post=27676"}],"version-history":[{"count":0,"href":"https:\/\/sakaba.mghosteur.com\/en\/wp-json\/wp\/v2\/product\/27676\/revisions"}],"wp:attachment":[{"href":"https:\/\/sakaba.mghosteur.com\/en\/wp-json\/wp\/v2\/media?parent=27676"}],"wp:term":[{"taxonomy":"product_brand","embeddable":true,"href":"https:\/\/sakaba.mghosteur.com\/en\/wp-json\/wp\/v2\/product_brand?post=27676"},{"taxonomy":"product_cat","embeddable":true,"href":"https:\/\/sakaba.mghosteur.com\/en\/wp-json\/wp\/v2\/product_cat?post=27676"},{"taxonomy":"product_tag","embeddable":true,"href":"https:\/\/sakaba.mghosteur.com\/en\/wp-json\/wp\/v2\/product_tag?post=27676"}],"curies":[{"name":"wp","href":"https:\/\/api.w.org\/{rel}","templated":true}]}}