{"id":27686,"date":"2022-11-29T17:10:15","date_gmt":"2022-11-29T17:10:15","guid":{"rendered":"http:\/\/www.sakababeauty.com\/?post_type=product&#038;p=27686"},"modified":"2024-08-08T14:57:04","modified_gmt":"2024-08-08T14:57:04","slug":"ole-henriksen-glow-oh-dark-spot-toner","status":"publish","type":"product","link":"https:\/\/sakaba.mghosteur.com\/en\/product\/ole-henriksen-glow-oh-dark-spot-toner\/","title":{"rendered":"OLE HENRIKSEN GLOW OH DARK SPOT TONER"},"content":{"rendered":"<p>Le tonique anti-taches Glow 2 OH d&#8217;Ole Henriksen aide \u00e0 clarifier et \u00e0 affiner l&#8217;apparence de la peau pour des r\u00e9sultats \u00e9quilibr\u00e9s. Infus\u00e9e d&#8217;un m\u00e9lange d&#8217;acides alpha-hydroxy, la formule agit pour minimiser visiblement les taches brunes en sept jours*. Les acides glycolique et lactique combinent leurs pouvoirs exfoliants pour \u00e9liminer les cellules mortes et ternes de la peau afin de favoriser un fini plus lumineux.<\/p>","protected":false},"excerpt":{"rendered":"<p>Le tonique anti-taches Glow 2 OH d&#8217;Ole Henriksen aide \u00e0 clarifier et \u00e0 affiner l&#8217;apparence de la peau pour des r\u00e9sultats \u00e9quilibr\u00e9s. Infus\u00e9e d&#8217;un m\u00e9lange d&#8217;acides alpha-hydroxy, la formule agit pour minimiser visiblement les taches brunes en sept jours*. Les acides glycolique et lactique combinent leurs pouvoirs exfoliants pour \u00e9liminer les cellules mortes et ternes<span class=\"read-more-faq\"><a href=\"https:\/\/sakaba.mghosteur.com\/en\/product\/ole-henriksen-glow-oh-dark-spot-toner\/\">Read More<\/a><\/span><\/p>","protected":false},"featured_media":0,"comment_status":"closed","ping_status":"closed","template":"","meta":[],"product_brand":[],"product_cat":[324,451],"product_tag":[],"class_list":{"0":"post-27686","1":"product","2":"type-product","3":"status-publish","5":"product_cat-demaquillant-nettoyant","6":"product_cat-aab-soin-du-visage","8":"first","9":"instock","10":"shipping-taxable","11":"product-type-simple"},"jetpack-related-posts":[{"id":32618,"url":"https:\/\/sakaba.mghosteur.com\/en\/product\/olehenriksen-banana-bright-vitamin-cserum\/","url_meta":{"origin":27686,"position":0},"title":"OLEHENRIKSEN BANANA Bright VITAMIN CSERUM","author":"admin","date":"May 15, 2024","format":false,"excerpt":"Enrichi de trois actifs qui donnent de l'\u00e9clat, le s\u00e9rum Banana Bright Vitamin C d'Ole Henriksen illumine, \u00e9quilibre et prot\u00e8ge visiblement la peau des polluants et des agresseurs ternes. Une concentration de 15 % de vitamine C favorise un teint plus lumineux et plus rebondi. R\u00e9put\u00e9 pour ses bienfaits unifiants,\u2026","rel":"","context":"Similar post","block_context":{"text":"Similar post","link":""},"img":{"alt_text":"","src":"","width":0,"height":0},"classes":[]},{"id":32670,"url":"https:\/\/sakaba.mghosteur.com\/en\/product\/olehenriksen-transforming-walnut-scrub-2\/","url_meta":{"origin":27686,"position":1},"title":"OLEHENRIKSEN TRANSFORMING WALNUT SCRUB 28g","author":"admin","date":"May 15, 2024","format":false,"excerpt":"Le gommage transformant aux noix d'Ole Henriksen est un gommage visage 2 en 1 qui exfolie et nettoie pour purifier les pores. Il contient de la poudre de noix, du ginseng et des extraits de camomille. Il peut \u00eatre utilis\u00e9 sur tous les types de peau, y compris les peaux\u2026","rel":"","context":"Similar post","block_context":{"text":"Similar post","link":""},"img":{"alt_text":"","src":"","width":0,"height":0},"classes":[]},{"id":32666,"url":"https:\/\/sakaba.mghosteur.com\/en\/product\/olehenriksen-the-clean-truth-foaming-cleanser\/","url_meta":{"origin":27686,"position":2},"title":"OLEHENRIKSEN THE CLEAN TRUTH FOAMING CLEANSER","author":"admin","date":"May 15, 2024","format":false,"excerpt":"","rel":"","context":"Similar post","block_context":{"text":"Similar post","link":""},"img":{"alt_text":"","src":"","width":0,"height":0},"classes":[]},{"id":32936,"url":"https:\/\/sakaba.mghosteur.com\/en\/product\/pixi-glow-tonic-5-glycolic-acid-exfoliating-100ml\/","url_meta":{"origin":27686,"position":3},"title":"PIXI GLOW TONIC 5% GLYCOLIC ACID EXFOLIATING 100ML","author":"admin","date":"May 16, 2024","format":false,"excerpt":"Le tonique exfoliant \u00e0 l'acide glycolique 5 % de Pixi Glow Tonic est un tonique pour le visage qui utilise 5 % d'acide glycolique pour exfolier, \u00e9claircir et lisser la peau. Il contient \u00e9galement de l'aloe vera, du ginseng et des extraits botaniques pour nourrir et traiter la peau. Le\u2026","rel":"","context":"Similar post","block_context":{"text":"Similar post","link":""},"img":{"alt_text":"","src":"","width":0,"height":0},"classes":[]},{"id":26568,"url":"https:\/\/sakaba.mghosteur.com\/en\/product\/pixi-overnight-glow-serum\/","url_meta":{"origin":27686,"position":4},"title":"PIXI OVERNIGHT GLOW SERUM","author":"admin","date":"November 25, 2022","format":false,"excerpt":"R\u00e9veillez-vous avec un teint plus lumineux gr\u00e2ce au s\u00e9rum Overnight Glow de PIXI. Le gel exfoliant concentr\u00e9 agit pour cr\u00e9er un teint plus uniforme et plus radieux pendant votre sommeil. Formul\u00e9 avec 10 % d'acide glycolique et d'arginine, il aide \u00e0 r\u00e9duire l'apparence des ridules et des rides et att\u00e9nue\u2026","rel":"","context":"Similar post","block_context":{"text":"Similar post","link":""},"img":{"alt_text":"","src":"","width":0,"height":0},"classes":[]},{"id":34860,"url":"https:\/\/sakaba.mghosteur.com\/en\/product\/glow-recipe-hey-you-youre-glowing-coffret\/","url_meta":{"origin":27686,"position":5},"title":"GLOW RECIPE HEY YOU, YOU\u2019RE GLOWING COFFRET","author":"admin","date":"June 3, 2024","format":false,"excerpt":"Un duo best-seller en format standard contenant de la niacinamide et de l'acide hyaluronique pour resserrer visiblement les pores et \u00e9claircir la peau pour un aspect hydrat\u00e9 et \u00e9clatant. Ce duo devenu viral comprend le tonique Watermelon Glow PHA + BHA Pore-Tight, qui lisse et hydrate pour une peau visiblement\u2026","rel":"","context":"Similar post","block_context":{"text":"Similar post","link":""},"img":{"alt_text":"","src":"","width":0,"height":0},"classes":[]}],"_links":{"self":[{"href":"https:\/\/sakaba.mghosteur.com\/en\/wp-json\/wp\/v2\/product\/27686","targetHints":{"allow":["GET"]}}],"collection":[{"href":"https:\/\/sakaba.mghosteur.com\/en\/wp-json\/wp\/v2\/product"}],"about":[{"href":"https:\/\/sakaba.mghosteur.com\/en\/wp-json\/wp\/v2\/types\/product"}],"replies":[{"embeddable":true,"href":"https:\/\/sakaba.mghosteur.com\/en\/wp-json\/wp\/v2\/comments?post=27686"}],"version-history":[{"count":0,"href":"https:\/\/sakaba.mghosteur.com\/en\/wp-json\/wp\/v2\/product\/27686\/revisions"}],"wp:attachment":[{"href":"https:\/\/sakaba.mghosteur.com\/en\/wp-json\/wp\/v2\/media?parent=27686"}],"wp:term":[{"taxonomy":"product_brand","embeddable":true,"href":"https:\/\/sakaba.mghosteur.com\/en\/wp-json\/wp\/v2\/product_brand?post=27686"},{"taxonomy":"product_cat","embeddable":true,"href":"https:\/\/sakaba.mghosteur.com\/en\/wp-json\/wp\/v2\/product_cat?post=27686"},{"taxonomy":"product_tag","embeddable":true,"href":"https:\/\/sakaba.mghosteur.com\/en\/wp-json\/wp\/v2\/product_tag?post=27686"}],"curies":[{"name":"wp","href":"https:\/\/api.w.org\/{rel}","templated":true}]}}