{"id":27688,"date":"2022-11-29T17:19:54","date_gmt":"2022-11-29T17:19:54","guid":{"rendered":"http:\/\/www.sakababeauty.com\/?post_type=product&#038;p=27688"},"modified":"2022-11-29T17:19:55","modified_gmt":"2022-11-29T17:19:55","slug":"tea-tree-purifying-peel-off-mask","status":"publish","type":"product","link":"https:\/\/sakaba.mghosteur.com\/en\/product\/tea-tree-purifying-peel-off-mask\/","title":{"rendered":"Tea tree purifying peel-off mask"},"content":{"rendered":"","protected":false},"excerpt":{"rendered":"","protected":false},"featured_media":0,"comment_status":"closed","ping_status":"closed","template":"","meta":[],"product_brand":[],"product_cat":[288],"product_tag":[],"class_list":{"0":"post-27688","1":"product","2":"type-product","3":"status-publish","5":"product_cat-aaf-homme","7":"first","8":"instock","9":"shipping-taxable","10":"product-type-simple"},"jetpack-related-posts":[{"id":26533,"url":"https:\/\/sakaba.mghosteur.com\/en\/product\/t-zone-peel-off-mask\/","url_meta":{"origin":27688,"position":0},"title":"T-ZONE Peel -Off MASK","author":"admin","date":"November 25, 2022","format":false,"excerpt":"","rel":"","context":"Similar post","block_context":{"text":"Similar post","link":""},"img":{"alt_text":"","src":"","width":0,"height":0},"classes":[]},{"id":27640,"url":"https:\/\/sakaba.mghosteur.com\/en\/product\/charcoal-detoxifying-peel-off-mask\/","url_meta":{"origin":27688,"position":1},"title":"Charcoal detoxifying peel off mask","author":"admin","date":"November 29, 2022","format":false,"excerpt":"","rel":"","context":"Similar post","block_context":{"text":"Similar post","link":""},"img":{"alt_text":"","src":"","width":0,"height":0},"classes":[]},{"id":27600,"url":"https:\/\/sakaba.mghosteur.com\/en\/product\/dermactin-ts-pore-refine-peel-off-facial-mask\/","url_meta":{"origin":27688,"position":2},"title":"Dermactin-TS Pore refine + peel off facial mask","author":"admin","date":"November 29, 2022","format":false,"excerpt":"","rel":"","context":"Similar post","block_context":{"text":"Similar post","link":""},"img":{"alt_text":"","src":"","width":0,"height":0},"classes":[]},{"id":33691,"url":"https:\/\/sakaba.mghosteur.com\/en\/product\/dermactin-ts-pore-refine-charcoal-peel-off-mask\/","url_meta":{"origin":27688,"position":3},"title":"Dermactin-TS Pore Refine Charcoal Peel Off Mask","author":"admin","date":"May 22, 2024","format":false,"excerpt":"","rel":"","context":"Similar post","block_context":{"text":"Similar post","link":""},"img":{"alt_text":"","src":"","width":0,"height":0},"classes":[]},{"id":30242,"url":"https:\/\/sakaba.mghosteur.com\/en\/product\/deep-clean-purifying-wash-off-clay-mask\/","url_meta":{"origin":27688,"position":4},"title":"Deep Clean Purifying Wash-Off Clay Mask","author":"admin","date":"May 4, 2023","format":false,"excerpt":"Un masque \u00e0 l'argile purifiant et nettoyant en profondeur est un type de produit de soin con\u00e7u pour aider \u00e0 \u00e9liminer les impuret\u00e9s et l'exc\u00e8s de s\u00e9bum de la peau. Le masque est g\u00e9n\u00e9ralement fabriqu\u00e9 \u00e0 partir d'une combinaison d'argiles naturelles, telles que la bentonite, le kaolin ou Pour utiliser\u2026","rel":"","context":"Similar post","block_context":{"text":"Similar post","link":""},"img":{"alt_text":"","src":"","width":0,"height":0},"classes":[]},{"id":24591,"url":"https:\/\/sakaba.mghosteur.com\/en\/product\/aveeno-purely-matte-peel-off-mask\/","url_meta":{"origin":27688,"position":5},"title":"AVEENO PURELY MATTE PEEL OFF MASK","author":"admin","date":"November 10, 2022","format":false,"excerpt":"Tube de 2,0 onces de masque pour le visage Aveeno Clear Complexion Pure Matte Peel Off avec des acides alpha-hydroxy, du soja et de la grenade pour aider \u00e0 exfolier et matifier la peau Ce masque pour le visage au teint clair agit comme un exfoliant sans savon et sans\u2026","rel":"","context":"Similar post","block_context":{"text":"Similar post","link":""},"img":{"alt_text":"","src":"","width":0,"height":0},"classes":[]}],"_links":{"self":[{"href":"https:\/\/sakaba.mghosteur.com\/en\/wp-json\/wp\/v2\/product\/27688","targetHints":{"allow":["GET"]}}],"collection":[{"href":"https:\/\/sakaba.mghosteur.com\/en\/wp-json\/wp\/v2\/product"}],"about":[{"href":"https:\/\/sakaba.mghosteur.com\/en\/wp-json\/wp\/v2\/types\/product"}],"replies":[{"embeddable":true,"href":"https:\/\/sakaba.mghosteur.com\/en\/wp-json\/wp\/v2\/comments?post=27688"}],"version-history":[{"count":0,"href":"https:\/\/sakaba.mghosteur.com\/en\/wp-json\/wp\/v2\/product\/27688\/revisions"}],"wp:attachment":[{"href":"https:\/\/sakaba.mghosteur.com\/en\/wp-json\/wp\/v2\/media?parent=27688"}],"wp:term":[{"taxonomy":"product_brand","embeddable":true,"href":"https:\/\/sakaba.mghosteur.com\/en\/wp-json\/wp\/v2\/product_brand?post=27688"},{"taxonomy":"product_cat","embeddable":true,"href":"https:\/\/sakaba.mghosteur.com\/en\/wp-json\/wp\/v2\/product_cat?post=27688"},{"taxonomy":"product_tag","embeddable":true,"href":"https:\/\/sakaba.mghosteur.com\/en\/wp-json\/wp\/v2\/product_tag?post=27688"}],"curies":[{"name":"wp","href":"https:\/\/api.w.org\/{rel}","templated":true}]}}