{"id":27692,"date":"2022-11-29T17:13:19","date_gmt":"2022-11-29T17:13:19","guid":{"rendered":"http:\/\/www.sakababeauty.com\/?post_type=product&#038;p=27692"},"modified":"2022-11-29T17:13:19","modified_gmt":"2022-11-29T17:13:19","slug":"kale-green-tea-spinach-vitamins","status":"publish","type":"product","link":"https:\/\/sakaba.mghosteur.com\/en\/product\/kale-green-tea-spinach-vitamins\/","title":{"rendered":"KALE + GREEN TEA SPINACH VITAMINS"},"content":{"rendered":"","protected":false},"excerpt":{"rendered":"","protected":false},"featured_media":0,"comment_status":"closed","ping_status":"closed","template":"","meta":[],"product_brand":[],"product_cat":[446],"product_tag":[],"class_list":{"0":"post-27692","1":"product","2":"type-product","3":"status-publish","5":"product_cat-nettoyant","7":"first","8":"instock","9":"shipping-taxable","10":"product-type-simple"},"jetpack-related-posts":[{"id":34942,"url":"https:\/\/sakaba.mghosteur.com\/en\/product\/innisfree-hydrating-cleansing-foamwith-green-tea\/","url_meta":{"origin":27692,"position":0},"title":"INNISFREE HYDRATING CLEANSING FOAMWITH GREEN TEA","author":"admin","date":"June 3, 2024","format":false,"excerpt":"","rel":"","context":"Similar post","block_context":{"text":"Similar post","link":""},"img":{"alt_text":"","src":"","width":0,"height":0},"classes":[]},{"id":33019,"url":"https:\/\/sakaba.mghosteur.com\/en\/product\/dove-even-tone-0-aluminiun-cucumber-green-tea-s\/","url_meta":{"origin":27692,"position":1},"title":"Dove Even Tone 0% Aluminiun cucumber &#038; green tea s","author":"admin","date":"May 17, 2024","format":false,"excerpt":"","rel":"","context":"Similar post","block_context":{"text":"Similar post","link":""},"img":{"alt_text":"","src":"","width":0,"height":0},"classes":[]},{"id":30091,"url":"https:\/\/sakaba.mghosteur.com\/en\/product\/pure-castile-liquid-soap-green-tea\/","url_meta":{"origin":27692,"position":2},"title":"Dr. Bronners PURE-CASTILE LIQUID SOAP Green Tea","author":"admin","date":"May 3, 2023","format":false,"excerpt":"D\u00e9couvrez le savon liquide Pure-Castile Green Tea de la marque Dr. Bronner ! Frais et vivifiant, ce savon est d\u00e9licatement parfum\u00e9 pour faire ressortir l'ar\u00f4me propre du savon de Castille. Concentr\u00e9, biod\u00e9gradable, polyvalent et efficace, il est fabriqu\u00e9 avec des ingr\u00e9dients biologiques et certifi\u00e9s \u00e9quitables. L'huile de graines de chanvre\u2026","rel":"","context":"Similar post","block_context":{"text":"Similar post","link":""},"img":{"alt_text":"","src":"","width":0,"height":0},"classes":[]},{"id":30362,"url":"https:\/\/sakaba.mghosteur.com\/en\/product\/neutrogena-rainbath-bath-gel-pear-green-tea\/","url_meta":{"origin":27692,"position":3},"title":"NEUTROGENA RAINBATH BATH GEL PEAR &amp; GREEN TEA","author":"admin","date":"May 9, 2023","format":false,"excerpt":"D\u00e9couvrez le gel douche et bain r\u00e9g\u00e9n\u00e9rant Rainbath\u00ae Poire & Th\u00e9 vert de Neutrogena. Sa formule unique nettoie en profondeur votre peau avec une mousse riche et hydratante pour la laisser douce, lisse et vraiment renouvel\u00e9e. Le parfum frais et d\u00e9licat de poire et de th\u00e9 vert apporte une touche\u2026","rel":"","context":"Similar post","block_context":{"text":"Similar post","link":""},"img":{"alt_text":"","src":"","width":0,"height":0},"classes":[]},{"id":31356,"url":"https:\/\/sakaba.mghosteur.com\/en\/product\/beauty-of-joseon-calming-serum-green-tea-panthenol\/","url_meta":{"origin":27692,"position":4},"title":"BEAUTY OF JOSEON CALMING SERUM GREEN TEA + PANTHENOL","author":"admin","date":"May 10, 2024","format":false,"excerpt":"S\u00e9rum Apaisant : Th\u00e9 vert + Panth\u00e9nol Ce produit est sp\u00e9cialement con\u00e7u pour soulager les sensations d'inconfort cutan\u00e9 caus\u00e9es par divers facteurs externes tels que l'exposition aux rayons UV. Les ingr\u00e9dients principaux choisis sont le th\u00e9 vert, reconnu pour ses propri\u00e9t\u00e9s antioxydantes, et l'armoise, une plante r\u00e9put\u00e9e pour ses vertus\u2026","rel":"","context":"Similar post","block_context":{"text":"Similar post","link":""},"img":{"alt_text":"","src":"","width":0,"height":0},"classes":[]},{"id":34961,"url":"https:\/\/sakaba.mghosteur.com\/en\/product\/innisfreecoffret-hydration-heros-with-green-tea\/","url_meta":{"origin":27692,"position":5},"title":"INNISFREE COFFRET HYDRATION HEROS WITH GREEN TEA","author":"admin","date":"June 3, 2024","format":false,"excerpt":"L'ensemble comprend\u00a0: 1. S\u00e9rum hydratant intensif aux graines de th\u00e9 vert, 80\u00a0ml Hydratez-vous d\u00e8s la premi\u00e8re goutte gr\u00e2ce \u00e0 notre m\u00e9lange parfaitement \u00e9quilibr\u00e9 d'extrait de th\u00e9 vert et d'huile de graines de th\u00e9 vert. Riche en acides amin\u00e9s et en min\u00e9raux, ce s\u00e9rum l\u00e9ger mais nourrissant aide \u00e0 reconstituer le\u2026","rel":"","context":"Similar post","block_context":{"text":"Similar post","link":""},"img":{"alt_text":"","src":"","width":0,"height":0},"classes":[]}],"_links":{"self":[{"href":"https:\/\/sakaba.mghosteur.com\/en\/wp-json\/wp\/v2\/product\/27692","targetHints":{"allow":["GET"]}}],"collection":[{"href":"https:\/\/sakaba.mghosteur.com\/en\/wp-json\/wp\/v2\/product"}],"about":[{"href":"https:\/\/sakaba.mghosteur.com\/en\/wp-json\/wp\/v2\/types\/product"}],"replies":[{"embeddable":true,"href":"https:\/\/sakaba.mghosteur.com\/en\/wp-json\/wp\/v2\/comments?post=27692"}],"version-history":[{"count":0,"href":"https:\/\/sakaba.mghosteur.com\/en\/wp-json\/wp\/v2\/product\/27692\/revisions"}],"wp:attachment":[{"href":"https:\/\/sakaba.mghosteur.com\/en\/wp-json\/wp\/v2\/media?parent=27692"}],"wp:term":[{"taxonomy":"product_brand","embeddable":true,"href":"https:\/\/sakaba.mghosteur.com\/en\/wp-json\/wp\/v2\/product_brand?post=27692"},{"taxonomy":"product_cat","embeddable":true,"href":"https:\/\/sakaba.mghosteur.com\/en\/wp-json\/wp\/v2\/product_cat?post=27692"},{"taxonomy":"product_tag","embeddable":true,"href":"https:\/\/sakaba.mghosteur.com\/en\/wp-json\/wp\/v2\/product_tag?post=27692"}],"curies":[{"name":"wp","href":"https:\/\/api.w.org\/{rel}","templated":true}]}}