{"id":27695,"date":"2022-11-29T17:16:17","date_gmt":"2022-11-29T17:16:17","guid":{"rendered":"http:\/\/www.sakababeauty.com\/?post_type=product&#038;p=27695"},"modified":"2022-11-29T17:16:17","modified_gmt":"2022-11-29T17:16:17","slug":"banana-bright-eye-creme","status":"publish","type":"product","link":"https:\/\/sakaba.mghosteur.com\/en\/product\/banana-bright-eye-creme\/","title":{"rendered":"BANANA BRIGHT EYE CREME"},"content":{"rendered":"","protected":false},"excerpt":{"rendered":"","protected":false},"featured_media":0,"comment_status":"closed","ping_status":"closed","template":"","meta":[],"product_brand":[],"product_cat":[297],"product_tag":[],"class_list":{"0":"post-27695","1":"product","2":"type-product","3":"status-publish","5":"product_cat-yeux","7":"first","8":"instock","9":"shipping-taxable","10":"product-type-simple"},"jetpack-related-posts":[{"id":32420,"url":"https:\/\/sakaba.mghosteur.com\/en\/product\/sol-janeiro-bom-dia-bright-cream-75ml\/","url_meta":{"origin":27695,"position":0},"title":"SOL JANEIRO BOM DIA BRIGHT CREAM 75ML","author":"admin","date":"May 14, 2024","format":false,"excerpt":"D\u00e9couvrez la Cr\u00e8me hydratante BOM DIA de SOL DE JANEIRO, un soin corps retexturisant et nourrissant qui vous invite \u00e0 dire bonjour \u00e0 une peau \u00e9clatante ! Envelopp\u00e9e des notes envo\u00fbtantes de prune noire ambr\u00e9e et de bois vanill\u00e9s, cette cr\u00e8me luxueuse et intens\u00e9ment hydratante offre une exp\u00e9rience sensorielle incomparable.\u2026","rel":"","context":"Similar post","block_context":{"text":"Similar post","link":""},"img":{"alt_text":"","src":"","width":0,"height":0},"classes":[]},{"id":32423,"url":"https:\/\/sakaba.mghosteur.com\/en\/product\/sol-janeiro-bom-dia-bright-cream\/","url_meta":{"origin":27695,"position":1},"title":"SOL JANEIRO BOM DIA BRIGHT CREAM","author":"admin","date":"May 14, 2024","format":false,"excerpt":"D\u00e9couvrez la Cr\u00e8me hydratante BOM DIA de SOL DE JANEIRO, un soin corps retexturisant et nourrissant qui vous invite \u00e0 dire bonjour \u00e0 une peau \u00e9clatante ! Envelopp\u00e9e des notes envo\u00fbtantes de prune noire ambr\u00e9e et de bois vanill\u00e9s, cette cr\u00e8me luxueuse et intens\u00e9ment hydratante offre une exp\u00e9rience sensorielle incomparable.\u2026","rel":"","context":"Similar post","block_context":{"text":"Similar post","link":""},"img":{"alt_text":"","src":"","width":0,"height":0},"classes":[]},{"id":27702,"url":"https:\/\/sakaba.mghosteur.com\/en\/product\/banana-bright-vitamin-c-serum\/","url_meta":{"origin":27695,"position":2},"title":"BANANA Bright VITAMIN C SERUM","author":"admin","date":"November 29, 2022","format":false,"excerpt":"","rel":"","context":"Similar post","block_context":{"text":"Similar post","link":""},"img":{"alt_text":"","src":"","width":0,"height":0},"classes":[]},{"id":32618,"url":"https:\/\/sakaba.mghosteur.com\/en\/product\/olehenriksen-banana-bright-vitamin-cserum\/","url_meta":{"origin":27695,"position":3},"title":"OLEHENRIKSEN BANANA Bright VITAMIN CSERUM","author":"admin","date":"May 15, 2024","format":false,"excerpt":"Enrichi de trois actifs qui donnent de l'\u00e9clat, le s\u00e9rum Banana Bright Vitamin C d'Ole Henriksen illumine, \u00e9quilibre et prot\u00e8ge visiblement la peau des polluants et des agresseurs ternes. Une concentration de 15 % de vitamine C favorise un teint plus lumineux et plus rebondi. R\u00e9put\u00e9 pour ses bienfaits unifiants,\u2026","rel":"","context":"Similar post","block_context":{"text":"Similar post","link":""},"img":{"alt_text":"","src":"","width":0,"height":0},"classes":[]},{"id":32417,"url":"https:\/\/sakaba.mghosteur.com\/en\/product\/sol-janeiro-bom-dia-bright-clarifying-aha-bha-body-wash-385ml\/","url_meta":{"origin":27695,"position":4},"title":"SOL JANEIRO BOM DIA BRIGHT CLARIFYING AHA BHA BODY WASH 385ML","author":"admin","date":"May 14, 2024","format":false,"excerpt":"SOL DE JANEIRO BOM DIA BRIGHT GEL DOUCHE CLARIFIANT AHA BHA 385 ML D\u00e9couvrez une exp\u00e9rience matinale rafra\u00eechissante avec le gel douche clarifiant Bom Dia Bright AHA & BHA (385 ml) de Sol de Janeiro. Cette fusion exaltante d'acides alpha-hydroxy et de salicyliques, subtilement parfum\u00e9e de notes de fleurs de\u2026","rel":"","context":"Similar post","block_context":{"text":"Similar post","link":""},"img":{"alt_text":"","src":"","width":0,"height":0},"classes":[]},{"id":31801,"url":"https:\/\/sakaba.mghosteur.com\/en\/product\/olay-eyes-brigthtening-eye-cream\/","url_meta":{"origin":27695,"position":5},"title":"Olay Eyes Brigthtening eye cream","author":"admin","date":"May 10, 2024","format":false,"excerpt":"La cr\u00e8me \u00e9claircissante pour les yeux Olay pour les cernes est une cr\u00e8me qui hydrate le contour des yeux pour aider \u00e0 r\u00e9duire les cernes, les rides et \u00e0 lisser les ridules. Elle contient de la vitamine E, de la vitamine C, de la caf\u00e9ine, de la niacinamide et du\u2026","rel":"","context":"Similar post","block_context":{"text":"Similar post","link":""},"img":{"alt_text":"","src":"","width":0,"height":0},"classes":[]}],"_links":{"self":[{"href":"https:\/\/sakaba.mghosteur.com\/en\/wp-json\/wp\/v2\/product\/27695","targetHints":{"allow":["GET"]}}],"collection":[{"href":"https:\/\/sakaba.mghosteur.com\/en\/wp-json\/wp\/v2\/product"}],"about":[{"href":"https:\/\/sakaba.mghosteur.com\/en\/wp-json\/wp\/v2\/types\/product"}],"replies":[{"embeddable":true,"href":"https:\/\/sakaba.mghosteur.com\/en\/wp-json\/wp\/v2\/comments?post=27695"}],"version-history":[{"count":0,"href":"https:\/\/sakaba.mghosteur.com\/en\/wp-json\/wp\/v2\/product\/27695\/revisions"}],"wp:attachment":[{"href":"https:\/\/sakaba.mghosteur.com\/en\/wp-json\/wp\/v2\/media?parent=27695"}],"wp:term":[{"taxonomy":"product_brand","embeddable":true,"href":"https:\/\/sakaba.mghosteur.com\/en\/wp-json\/wp\/v2\/product_brand?post=27695"},{"taxonomy":"product_cat","embeddable":true,"href":"https:\/\/sakaba.mghosteur.com\/en\/wp-json\/wp\/v2\/product_cat?post=27695"},{"taxonomy":"product_tag","embeddable":true,"href":"https:\/\/sakaba.mghosteur.com\/en\/wp-json\/wp\/v2\/product_tag?post=27695"}],"curies":[{"name":"wp","href":"https:\/\/api.w.org\/{rel}","templated":true}]}}