{"id":27698,"date":"2022-11-29T17:17:21","date_gmt":"2022-11-29T17:17:21","guid":{"rendered":"http:\/\/www.sakababeauty.com\/?post_type=product&#038;p=27698"},"modified":"2024-08-07T00:14:55","modified_gmt":"2024-08-07T00:14:55","slug":"balancing-force-oil-control","status":"publish","type":"product","link":"https:\/\/sakaba.mghosteur.com\/en\/product\/balancing-force-oil-control\/","title":{"rendered":"BALANCING FORCE OIL CONTROL"},"content":{"rendered":"","protected":false},"excerpt":{"rendered":"","protected":false},"featured_media":0,"comment_status":"closed","ping_status":"closed","template":"","meta":[],"product_brand":[],"product_cat":[324,451],"product_tag":[],"class_list":{"0":"post-27698","1":"product","2":"type-product","3":"status-publish","5":"product_cat-demaquillant-nettoyant","6":"product_cat-aab-soin-du-visage","8":"first","9":"instock","10":"shipping-taxable","11":"product-type-simple"},"jetpack-related-posts":[{"id":30337,"url":"https:\/\/sakaba.mghosteur.com\/en\/product\/neutrogena-oil-balancing-daily-exfoliator\/","url_meta":{"origin":27698,"position":0},"title":"NEUTROGENA OIL BALANCING DAILY EXFOLIATOR","author":"admin","date":"May 8, 2023","format":false,"excerpt":"D\u00e9couvrez l'exfoliant quotidien NEUTROGENA Oil Balancing pour une peau saine et \u00e9quilibr\u00e9e. Formul\u00e9 avec des ingr\u00e9dients naturels tels que le citron vert et l'aloe vera, cet exfoliant est sp\u00e9cialement con\u00e7u pour les peaux grasses. Les dermatologues ont travaill\u00e9 sur cette formule pour resserrer les pores et matifier la peau tout\u2026","rel":"","context":"Similar post","block_context":{"text":"Similar post","link":""},"img":{"alt_text":"","src":"","width":0,"height":0},"classes":[]},{"id":30341,"url":"https:\/\/sakaba.mghosteur.com\/en\/product\/neutrogena-oil-balancing-facial-wash\/","url_meta":{"origin":27698,"position":1},"title":"NEUTROGENA OIL BALANCING FACIAL WASH","author":"admin","date":"May 8, 2023","format":false,"excerpt":"D\u00e9couvrez le nettoyant visage \u00e9quilibrant NEUTROGENA \u00e0 base de citron vert et d'aloe vera, con\u00e7u pour les peaux grasses et d\u00e9velopp\u00e9 avec des dermatologues. Ce nettoyant quotidien vivifiant pour le visage aide \u00e0 resserrer les pores et matifier la peau, la laissant parfaitement \u00e9quilibr\u00e9e. Formul\u00e9 sans huile, ce nettoyant pour\u2026","rel":"","context":"Similar post","block_context":{"text":"Similar post","link":""},"img":{"alt_text":"","src":"","width":0,"height":0},"classes":[]},{"id":27757,"url":"https:\/\/sakaba.mghosteur.com\/en\/product\/acne-control-oil-pore-control-mattifier-broad-spf-45\/","url_meta":{"origin":27698,"position":2},"title":"ACNE CONTROL OIL &amp; PORE CONTROL MATTIFIER BROAD SPF 45","author":"admin","date":"November 29, 2022","format":false,"excerpt":"","rel":"","context":"Similar post","block_context":{"text":"Similar post","link":""},"img":{"alt_text":"","src":"","width":0,"height":0},"classes":[]},{"id":33954,"url":"https:\/\/sakaba.mghosteur.com\/en\/product\/alba-botanica-acne-dote-oil-control-lotion\/","url_meta":{"origin":27698,"position":3},"title":"ALBA BOTANICA ACNE DOTE OIL CONTROL LOTION","author":"admin","date":"May 24, 2024","format":false,"excerpt":"","rel":"","context":"Similar post","block_context":{"text":"Similar post","link":""},"img":{"alt_text":"","src":"","width":0,"height":0},"classes":[]},{"id":26708,"url":"https:\/\/sakaba.mghosteur.com\/en\/product\/st-ives-acne-control-oil-free-salicylic-acide-acne-apricot-scrud\/","url_meta":{"origin":27698,"position":4},"title":"St.Ives Acne Control Oil-Free Salicylic Acide Acne Apricot Scrud","author":"admin","date":"November 28, 2022","format":false,"excerpt":"","rel":"","context":"Similar post","block_context":{"text":"Similar post","link":""},"img":{"alt_text":"","src":"","width":0,"height":0},"classes":[]},{"id":26163,"url":"https:\/\/sakaba.mghosteur.com\/en\/product\/sunny-kle-castor-oil-root-repair-growth-oil\/","url_meta":{"origin":27698,"position":5},"title":"SUNNY ISLE CASTOR OIL ROOT REPAIR GROWTH OIL","author":"admin","date":"November 24, 2022","format":false,"excerpt":"Cette huile de ricin noire 100% naturelle de Jama\u00efque est formul\u00e9e pour fournir force de croissance et nutrition aux cheveux ab\u00eem\u00e9s. Taille de la cha\u00eene alphanum\u00e9rique 20 caract\u00e8res max. Couleur Noir Naturel","rel":"","context":"Similar post","block_context":{"text":"Similar post","link":""},"img":{"alt_text":"","src":"","width":0,"height":0},"classes":[]}],"_links":{"self":[{"href":"https:\/\/sakaba.mghosteur.com\/en\/wp-json\/wp\/v2\/product\/27698","targetHints":{"allow":["GET"]}}],"collection":[{"href":"https:\/\/sakaba.mghosteur.com\/en\/wp-json\/wp\/v2\/product"}],"about":[{"href":"https:\/\/sakaba.mghosteur.com\/en\/wp-json\/wp\/v2\/types\/product"}],"replies":[{"embeddable":true,"href":"https:\/\/sakaba.mghosteur.com\/en\/wp-json\/wp\/v2\/comments?post=27698"}],"version-history":[{"count":0,"href":"https:\/\/sakaba.mghosteur.com\/en\/wp-json\/wp\/v2\/product\/27698\/revisions"}],"wp:attachment":[{"href":"https:\/\/sakaba.mghosteur.com\/en\/wp-json\/wp\/v2\/media?parent=27698"}],"wp:term":[{"taxonomy":"product_brand","embeddable":true,"href":"https:\/\/sakaba.mghosteur.com\/en\/wp-json\/wp\/v2\/product_brand?post=27698"},{"taxonomy":"product_cat","embeddable":true,"href":"https:\/\/sakaba.mghosteur.com\/en\/wp-json\/wp\/v2\/product_cat?post=27698"},{"taxonomy":"product_tag","embeddable":true,"href":"https:\/\/sakaba.mghosteur.com\/en\/wp-json\/wp\/v2\/product_tag?post=27698"}],"curies":[{"name":"wp","href":"https:\/\/api.w.org\/{rel}","templated":true}]}}