{"id":27702,"date":"2022-11-29T17:18:52","date_gmt":"2022-11-29T17:18:52","guid":{"rendered":"http:\/\/www.sakababeauty.com\/?post_type=product&#038;p=27702"},"modified":"2024-08-07T00:15:46","modified_gmt":"2024-08-07T00:15:46","slug":"banana-bright-vitamin-c-serum","status":"publish","type":"product","link":"https:\/\/sakaba.mghosteur.com\/en\/product\/banana-bright-vitamin-c-serum\/","title":{"rendered":"BANANA Bright VITAMIN C SERUM"},"content":{"rendered":"","protected":false},"excerpt":{"rendered":"","protected":false},"featured_media":0,"comment_status":"closed","ping_status":"closed","template":"","meta":[],"product_brand":[],"product_cat":[451,334],"product_tag":[],"class_list":{"0":"post-27702","1":"product","2":"type-product","3":"status-publish","5":"product_cat-aab-soin-du-visage","6":"product_cat-traitement-serum","8":"first","9":"instock","10":"shipping-taxable","11":"product-type-simple"},"jetpack-related-posts":[{"id":32618,"url":"https:\/\/sakaba.mghosteur.com\/en\/product\/olehenriksen-banana-bright-vitamin-cserum\/","url_meta":{"origin":27702,"position":0},"title":"OLEHENRIKSEN BANANA Bright VITAMIN CSERUM","author":"admin","date":"May 15, 2024","format":false,"excerpt":"Enrichi de trois actifs qui donnent de l'\u00e9clat, le s\u00e9rum Banana Bright Vitamin C d'Ole Henriksen illumine, \u00e9quilibre et prot\u00e8ge visiblement la peau des polluants et des agresseurs ternes. Une concentration de 15 % de vitamine C favorise un teint plus lumineux et plus rebondi. R\u00e9put\u00e9 pour ses bienfaits unifiants,\u2026","rel":"","context":"Similar post","block_context":{"text":"Similar post","link":""},"img":{"alt_text":"","src":"","width":0,"height":0},"classes":[]},{"id":26199,"url":"https:\/\/sakaba.mghosteur.com\/en\/product\/new-york-bright-lovely-lightening-serum-with-vitamin-c\/","url_meta":{"origin":27702,"position":1},"title":"NEW YORK BRIGHT &#038; LOVELY LIGHTENING SERUM WITH VITAMIN C","author":"admin","date":"November 24, 2022","format":false,"excerpt":"","rel":"","context":"Similar post","block_context":{"text":"Similar post","link":""},"img":{"alt_text":"","src":"","width":0,"height":0},"classes":[]},{"id":27695,"url":"https:\/\/sakaba.mghosteur.com\/en\/product\/banana-bright-eye-creme\/","url_meta":{"origin":27702,"position":2},"title":"BANANA BRIGHT EYE CREME","author":"admin","date":"November 29, 2022","format":false,"excerpt":"","rel":"","context":"Similar post","block_context":{"text":"Similar post","link":""},"img":{"alt_text":"","src":"","width":0,"height":0},"classes":[]},{"id":32977,"url":"https:\/\/sakaba.mghosteur.com\/en\/product\/bright-plus-serum-intensif-eclaircissant-anti-tach\/","url_meta":{"origin":27702,"position":3},"title":"BRIGHT PLUS SERUM INTENSIF ECLAIRCISSANT ANTI TACHE","author":"admin","date":"May 17, 2024","format":false,"excerpt":"S\u00e9rum puissant \u00e0 absorption rapide qui illumine visiblement, aide \u00e0 raviver la peau terne et cible les taches brunes caus\u00e9es par la pollution, les rayons UV nocifs et les imperfections. La formule avanc\u00e9e infus\u00e9e d'extraits de superfruits (nouveau myrte rose et graine de cerise ac\u00e9rola, mieux connue pour sa forte\u2026","rel":"","context":"Similar post","block_context":{"text":"Similar post","link":""},"img":{"alt_text":"","src":"","width":0,"height":0},"classes":[]},{"id":32420,"url":"https:\/\/sakaba.mghosteur.com\/en\/product\/sol-janeiro-bom-dia-bright-cream-75ml\/","url_meta":{"origin":27702,"position":4},"title":"SOL JANEIRO BOM DIA BRIGHT CREAM 75ML","author":"admin","date":"May 14, 2024","format":false,"excerpt":"D\u00e9couvrez la Cr\u00e8me hydratante BOM DIA de SOL DE JANEIRO, un soin corps retexturisant et nourrissant qui vous invite \u00e0 dire bonjour \u00e0 une peau \u00e9clatante ! Envelopp\u00e9e des notes envo\u00fbtantes de prune noire ambr\u00e9e et de bois vanill\u00e9s, cette cr\u00e8me luxueuse et intens\u00e9ment hydratante offre une exp\u00e9rience sensorielle incomparable.\u2026","rel":"","context":"Similar post","block_context":{"text":"Similar post","link":""},"img":{"alt_text":"","src":"","width":0,"height":0},"classes":[]},{"id":32423,"url":"https:\/\/sakaba.mghosteur.com\/en\/product\/sol-janeiro-bom-dia-bright-cream\/","url_meta":{"origin":27702,"position":5},"title":"SOL JANEIRO BOM DIA BRIGHT CREAM","author":"admin","date":"May 14, 2024","format":false,"excerpt":"D\u00e9couvrez la Cr\u00e8me hydratante BOM DIA de SOL DE JANEIRO, un soin corps retexturisant et nourrissant qui vous invite \u00e0 dire bonjour \u00e0 une peau \u00e9clatante ! Envelopp\u00e9e des notes envo\u00fbtantes de prune noire ambr\u00e9e et de bois vanill\u00e9s, cette cr\u00e8me luxueuse et intens\u00e9ment hydratante offre une exp\u00e9rience sensorielle incomparable.\u2026","rel":"","context":"Similar post","block_context":{"text":"Similar post","link":""},"img":{"alt_text":"","src":"","width":0,"height":0},"classes":[]}],"_links":{"self":[{"href":"https:\/\/sakaba.mghosteur.com\/en\/wp-json\/wp\/v2\/product\/27702","targetHints":{"allow":["GET"]}}],"collection":[{"href":"https:\/\/sakaba.mghosteur.com\/en\/wp-json\/wp\/v2\/product"}],"about":[{"href":"https:\/\/sakaba.mghosteur.com\/en\/wp-json\/wp\/v2\/types\/product"}],"replies":[{"embeddable":true,"href":"https:\/\/sakaba.mghosteur.com\/en\/wp-json\/wp\/v2\/comments?post=27702"}],"version-history":[{"count":0,"href":"https:\/\/sakaba.mghosteur.com\/en\/wp-json\/wp\/v2\/product\/27702\/revisions"}],"wp:attachment":[{"href":"https:\/\/sakaba.mghosteur.com\/en\/wp-json\/wp\/v2\/media?parent=27702"}],"wp:term":[{"taxonomy":"product_brand","embeddable":true,"href":"https:\/\/sakaba.mghosteur.com\/en\/wp-json\/wp\/v2\/product_brand?post=27702"},{"taxonomy":"product_cat","embeddable":true,"href":"https:\/\/sakaba.mghosteur.com\/en\/wp-json\/wp\/v2\/product_cat?post=27702"},{"taxonomy":"product_tag","embeddable":true,"href":"https:\/\/sakaba.mghosteur.com\/en\/wp-json\/wp\/v2\/product_tag?post=27702"}],"curies":[{"name":"wp","href":"https:\/\/api.w.org\/{rel}","templated":true}]}}