{"id":27718,"date":"2022-11-29T17:27:05","date_gmt":"2022-11-29T17:27:05","guid":{"rendered":"http:\/\/www.sakababeauty.com\/?post_type=product&#038;p=27718"},"modified":"2022-11-29T17:27:05","modified_gmt":"2022-11-29T17:27:05","slug":"exfoliating-facial-scrub","status":"publish","type":"product","link":"https:\/\/sakaba.mghosteur.com\/en\/product\/exfoliating-facial-scrub\/","title":{"rendered":"Exfoliating facial scrub"},"content":{"rendered":"","protected":false},"excerpt":{"rendered":"","protected":false},"featured_media":0,"comment_status":"closed","ping_status":"closed","template":"","meta":[],"product_brand":[],"product_cat":[288,451],"product_tag":[],"class_list":{"0":"post-27718","1":"product","2":"type-product","3":"status-publish","5":"product_cat-aaf-homme","6":"product_cat-aab-soin-du-visage","8":"first","9":"instock","10":"shipping-taxable","11":"product-type-simple"},"jetpack-related-posts":[{"id":33382,"url":"https:\/\/sakaba.mghosteur.com\/en\/product\/scotch-porter-exfoliating-face-scrub\/","url_meta":{"origin":27718,"position":0},"title":"SCOTCH PORTER EXFOLIATING FACE SCRUB","author":"admin","date":"May 21, 2024","format":false,"excerpt":"","rel":"","context":"Similar post","block_context":{"text":"Similar post","link":""},"img":{"alt_text":"","src":"","width":0,"height":0},"classes":[]},{"id":26605,"url":"https:\/\/sakaba.mghosteur.com\/en\/product\/fenty-skin-buff-ryder-exfoliating-body-scrub\/","url_meta":{"origin":27718,"position":1},"title":"FENTY SKIN BUFF RYDER EXFOLIATING BODY  SCRUB","author":"admin","date":"November 28, 2022","format":false,"excerpt":"D\u00e9couvrez le BUFF RYDER EXFOLIATING BODY SCRUB WITH SUPERFINE SAND + FRUIT ENZYMES de la marque FENTY, le gommage corporel inspir\u00e9 de la Barbade qui transformera votre peau en une douceur soyeuse en un rien de temps. Ce m\u00e9lange unique de sucre, de sel, de sable ultrafin, d'enzymes de fruits\u2026","rel":"","context":"Similar post","block_context":{"text":"Similar post","link":""},"img":{"alt_text":"","src":"","width":0,"height":0},"classes":[]},{"id":26712,"url":"https:\/\/sakaba.mghosteur.com\/en\/product\/okay-clarifying-facial-scrub-papaya\/","url_meta":{"origin":27718,"position":2},"title":"OKAY Clarifying Facial Scrub papaya","author":"admin","date":"November 28, 2022","format":false,"excerpt":"","rel":"","context":"Similar post","block_context":{"text":"Similar post","link":""},"img":{"alt_text":"","src":"","width":0,"height":0},"classes":[]},{"id":24559,"url":"https:\/\/sakaba.mghosteur.com\/en\/product\/clean-clear-blackhead-eraser-facial-scrub-with-2-salicylic-acid-acne-medication\/","url_meta":{"origin":27718,"position":3},"title":"Clean &#038; Clear Blackhead Eraser Facial Scrub with 2% Salicylic Acid Acne Medication","author":"admin","date":"November 10, 2022","format":false,"excerpt":"","rel":"","context":"Similar post","block_context":{"text":"Similar post","link":""},"img":{"alt_text":"","src":"","width":0,"height":0},"classes":[]},{"id":24553,"url":"https:\/\/sakaba.mghosteur.com\/en\/product\/clean-clear-morning-burst-facial-scrub\/","url_meta":{"origin":27718,"position":4},"title":"CLEAN &amp; CLEAR MORNING BURST FACIAL SCRUB","author":"admin","date":"November 10, 2022","format":false,"excerpt":"Le gommage visage Clean & Clear Morning Burst est un gommage v\u00e9g\u00e9talien sans huile qui contient de l'acide citrique et de la vitamine C. Il est con\u00e7u pour nettoyer, exfolier et rafra\u00eechir la peau en douceur.","rel":"","context":"Similar post","block_context":{"text":"Similar post","link":""},"img":{"alt_text":"","src":"","width":0,"height":0},"classes":[]},{"id":24246,"url":"https:\/\/sakaba.mghosteur.com\/en\/product\/victoria-secret-exfolianting-body-scrub\/","url_meta":{"origin":27718,"position":5},"title":"VICTORIA SECRET EXFOLIATING BODY SCRUB COCONUT MILK &amp; ROSE","author":"admin","date":"November 9, 2022","format":false,"excerpt":"Un nouveau genre de rituel corporel quotidien. R\u00e9v\u00e9lez une peau lisse et douce avec ce gommage au sucre riche. \u00c9limine la peau s\u00e8che gr\u00e2ce \u00e0 la poudre de coquille de noix exfoliante. Sentez-vous calme avec le parfum du lait de coco et de la rose. C'est une v\u00e9ritable tranquillit\u00e9. Fait\u2026","rel":"","context":"Similar post","block_context":{"text":"Similar post","link":""},"img":{"alt_text":"","src":"","width":0,"height":0},"classes":[]}],"_links":{"self":[{"href":"https:\/\/sakaba.mghosteur.com\/en\/wp-json\/wp\/v2\/product\/27718","targetHints":{"allow":["GET"]}}],"collection":[{"href":"https:\/\/sakaba.mghosteur.com\/en\/wp-json\/wp\/v2\/product"}],"about":[{"href":"https:\/\/sakaba.mghosteur.com\/en\/wp-json\/wp\/v2\/types\/product"}],"replies":[{"embeddable":true,"href":"https:\/\/sakaba.mghosteur.com\/en\/wp-json\/wp\/v2\/comments?post=27718"}],"version-history":[{"count":0,"href":"https:\/\/sakaba.mghosteur.com\/en\/wp-json\/wp\/v2\/product\/27718\/revisions"}],"wp:attachment":[{"href":"https:\/\/sakaba.mghosteur.com\/en\/wp-json\/wp\/v2\/media?parent=27718"}],"wp:term":[{"taxonomy":"product_brand","embeddable":true,"href":"https:\/\/sakaba.mghosteur.com\/en\/wp-json\/wp\/v2\/product_brand?post=27718"},{"taxonomy":"product_cat","embeddable":true,"href":"https:\/\/sakaba.mghosteur.com\/en\/wp-json\/wp\/v2\/product_cat?post=27718"},{"taxonomy":"product_tag","embeddable":true,"href":"https:\/\/sakaba.mghosteur.com\/en\/wp-json\/wp\/v2\/product_tag?post=27718"}],"curies":[{"name":"wp","href":"https:\/\/api.w.org\/{rel}","templated":true}]}}