{"id":27742,"date":"2022-11-29T17:34:56","date_gmt":"2022-11-29T17:34:56","guid":{"rendered":"http:\/\/www.sakababeauty.com\/?post_type=product&#038;p=27742"},"modified":"2022-11-29T17:34:56","modified_gmt":"2022-11-29T17:34:56","slug":"outsmart-acne-clarifying-treatment","status":"publish","type":"product","link":"https:\/\/sakaba.mghosteur.com\/en\/product\/outsmart-acne-clarifying-treatment\/","title":{"rendered":"OUTSMART ACNE CLARIFYING TREATMENT"},"content":{"rendered":"","protected":false},"excerpt":{"rendered":"","protected":false},"featured_media":0,"comment_status":"closed","ping_status":"closed","template":"","meta":[],"product_brand":[],"product_cat":[377],"product_tag":[],"class_list":{"0":"post-27742","1":"product","2":"type-product","3":"status-publish","5":"product_cat-bath-body-works","7":"first","8":"instock","9":"shipping-taxable","10":"product-type-simple"},"jetpack-related-posts":[{"id":27749,"url":"https:\/\/sakaba.mghosteur.com\/en\/product\/murad-acne-control-acne-clarifying-treatment\/","url_meta":{"origin":27742,"position":0},"title":"MURAD ACNE CONTROL ACNE CLARIFYING TREATMENT","author":"admin","date":"November 29, 2022","format":false,"excerpt":"","rel":"","context":"Similar post","block_context":{"text":"Similar post","link":""},"img":{"alt_text":"","src":"","width":0,"height":0},"classes":[]},{"id":27725,"url":"https:\/\/sakaba.mghosteur.com\/en\/product\/murad-acne-control-clarifying-cleanser\/","url_meta":{"origin":27742,"position":1},"title":"MURAD ACNE CONTROL CLARIFYING CLEANSER","author":"admin","date":"November 29, 2022","format":false,"excerpt":"","rel":"","context":"Similar post","block_context":{"text":"Similar post","link":""},"img":{"alt_text":"","src":"","width":0,"height":0},"classes":[]},{"id":27753,"url":"https:\/\/sakaba.mghosteur.com\/en\/product\/murad-acne-control-clarifying-cleanser-2\/","url_meta":{"origin":27742,"position":2},"title":"MURAD ACNE CONTROL CLARIFYING CLEANSER","author":"admin","date":"November 29, 2022","format":false,"excerpt":"","rel":"","context":"Similar post","block_context":{"text":"Similar post","link":""},"img":{"alt_text":"","src":"","width":0,"height":0},"classes":[]},{"id":29442,"url":"https:\/\/sakaba.mghosteur.com\/en\/product\/cosrx-aha-bha-clarifying-treatment-toner\/","url_meta":{"origin":27742,"position":3},"title":"COSRX AHA\/BHA CLARIFYING TREATMENT TONER","author":"admin","date":"April 4, 2023","format":false,"excerpt":"Le Tonique de traitement clarifiant AHA\/BHA de la marque COSRX est un produit qui aide \u00e0 am\u00e9liorer la texture de la peau et \u00e0 contr\u00f4ler les pores. La formule comprend des ingr\u00e9dients AHA + BHA + Purifying Botanical qui aident \u00e0 \u00e9liminer les impuret\u00e9s, exfolier et hydrater en une seule\u2026","rel":"","context":"Similar post","block_context":{"text":"Similar post","link":""},"img":{"alt_text":"","src":"","width":0,"height":0},"classes":[]},{"id":27564,"url":"https:\/\/sakaba.mghosteur.com\/en\/product\/acne-treatment-gel\/","url_meta":{"origin":27742,"position":4},"title":"ACNE TREATMENT GEL","author":"admin","date":"November 29, 2022","format":false,"excerpt":"","rel":"","context":"Similar post","block_context":{"text":"Similar post","link":""},"img":{"alt_text":"","src":"","width":0,"height":0},"classes":[]},{"id":24745,"url":"https:\/\/sakaba.mghosteur.com\/en\/product\/differen-gel-acne-treatment\/","url_meta":{"origin":27742,"position":5},"title":"DIFFEREN GEL ACNE TREATMENT","author":"admin","date":"November 10, 2022","format":false,"excerpt":"","rel":"","context":"Similar post","block_context":{"text":"Similar post","link":""},"img":{"alt_text":"","src":"","width":0,"height":0},"classes":[]}],"_links":{"self":[{"href":"https:\/\/sakaba.mghosteur.com\/en\/wp-json\/wp\/v2\/product\/27742","targetHints":{"allow":["GET"]}}],"collection":[{"href":"https:\/\/sakaba.mghosteur.com\/en\/wp-json\/wp\/v2\/product"}],"about":[{"href":"https:\/\/sakaba.mghosteur.com\/en\/wp-json\/wp\/v2\/types\/product"}],"replies":[{"embeddable":true,"href":"https:\/\/sakaba.mghosteur.com\/en\/wp-json\/wp\/v2\/comments?post=27742"}],"version-history":[{"count":0,"href":"https:\/\/sakaba.mghosteur.com\/en\/wp-json\/wp\/v2\/product\/27742\/revisions"}],"wp:attachment":[{"href":"https:\/\/sakaba.mghosteur.com\/en\/wp-json\/wp\/v2\/media?parent=27742"}],"wp:term":[{"taxonomy":"product_brand","embeddable":true,"href":"https:\/\/sakaba.mghosteur.com\/en\/wp-json\/wp\/v2\/product_brand?post=27742"},{"taxonomy":"product_cat","embeddable":true,"href":"https:\/\/sakaba.mghosteur.com\/en\/wp-json\/wp\/v2\/product_cat?post=27742"},{"taxonomy":"product_tag","embeddable":true,"href":"https:\/\/sakaba.mghosteur.com\/en\/wp-json\/wp\/v2\/product_tag?post=27742"}],"curies":[{"name":"wp","href":"https:\/\/api.w.org\/{rel}","templated":true}]}}