{"id":27745,"date":"2022-11-29T17:36:32","date_gmt":"2022-11-29T17:36:32","guid":{"rendered":"http:\/\/www.sakababeauty.com\/?post_type=product&#038;p=27745"},"modified":"2022-11-29T17:36:33","modified_gmt":"2022-11-29T17:36:33","slug":"olehenriksen-counter-balance-oil-hydrator-2","status":"publish","type":"product","link":"https:\/\/sakaba.mghosteur.com\/en\/product\/olehenriksen-counter-balance-oil-hydrator-2\/","title":{"rendered":"OLEHENRIKSEN COUNTER BALANCE OIL HYDRATOR"},"content":{"rendered":"","protected":false},"excerpt":{"rendered":"","protected":false},"featured_media":0,"comment_status":"closed","ping_status":"closed","template":"","meta":[],"product_brand":[],"product_cat":[377],"product_tag":[],"class_list":{"0":"post-27745","1":"product","2":"type-product","3":"status-publish","5":"product_cat-bath-body-works","7":"first","8":"instock","9":"shipping-taxable","10":"product-type-simple"},"jetpack-related-posts":[{"id":27705,"url":"https:\/\/sakaba.mghosteur.com\/en\/product\/olehenriksen-counter-balance-oil-hydrator\/","url_meta":{"origin":27745,"position":0},"title":"OLEHENRIKSEN COUNTER BALANCE OIL HYDRATOR","author":"admin","date":"November 29, 2022","format":false,"excerpt":"","rel":"","context":"Similar post","block_context":{"text":"Similar post","link":""},"img":{"alt_text":"","src":"","width":0,"height":0},"classes":[]},{"id":27098,"url":"https:\/\/sakaba.mghosteur.com\/en\/product\/hadalabo-anti-aging-hydrator\/","url_meta":{"origin":27745,"position":1},"title":"HADALABO ANTI AGING  HYDRATOR","author":"admin","date":"November 28, 2022","format":false,"excerpt":"","rel":"","context":"Similar post","block_context":{"text":"Similar post","link":""},"img":{"alt_text":"","src":"","width":0,"height":0},"classes":[]},{"id":27577,"url":"https:\/\/sakaba.mghosteur.com\/en\/product\/hadalabo-anti-aging-hydrator-2\/","url_meta":{"origin":27745,"position":2},"title":"HADALABO ANTI AGING  HYDRATOR","author":"admin","date":"November 29, 2022","format":false,"excerpt":"","rel":"","context":"Similar post","block_context":{"text":"Similar post","link":""},"img":{"alt_text":"","src":"","width":0,"height":0},"classes":[]},{"id":29943,"url":"https:\/\/sakaba.mghosteur.com\/en\/product\/hadalabo-anti-aging-hydrator-3\/","url_meta":{"origin":27745,"position":3},"title":"HADALABO ANTI AGING HYDRATOR","author":"admin","date":"April 28, 2023","format":false,"excerpt":"D\u00e9couvrez l'Hydratant Anti-\u00c2ge HadaLabo, un produit de qualit\u00e9 de la marque HadaLabo qui aide \u00e0 augmenter la fermet\u00e9 et l'\u00e9lasticit\u00e9 de la peau. Ce produit fournit une hydratation profonde gr\u00e2ce \u00e0 la synergie du Super Hyaluronic Acid\u2122, du complexe de r\u00e9tinol et du collag\u00e8ne pour r\u00e9parer et combattre les signes\u2026","rel":"","context":"Similar post","block_context":{"text":"Similar post","link":""},"img":{"alt_text":"","src":"","width":0,"height":0},"classes":[]},{"id":32663,"url":"https:\/\/sakaba.mghosteur.com\/en\/product\/olehenriksen-invigorating-night-transformation-gel\/","url_meta":{"origin":27745,"position":4},"title":"OLEHENRIKSEN INVIGORATING NIGHT TRANSFORMATION GEL","author":"admin","date":"May 15, 2024","format":false,"excerpt":"","rel":"","context":"Similar post","block_context":{"text":"Similar post","link":""},"img":{"alt_text":"","src":"","width":0,"height":0},"classes":[]},{"id":27690,"url":"https:\/\/sakaba.mghosteur.com\/en\/product\/olehenriksen-transforming-walnut-scrub\/","url_meta":{"origin":27745,"position":5},"title":"OLEHENRIKSEN TRANSFORMING WALNUT SCRUB","author":"admin","date":"November 29, 2022","format":false,"excerpt":"","rel":"","context":"Similar post","block_context":{"text":"Similar post","link":""},"img":{"alt_text":"","src":"","width":0,"height":0},"classes":[]}],"_links":{"self":[{"href":"https:\/\/sakaba.mghosteur.com\/en\/wp-json\/wp\/v2\/product\/27745","targetHints":{"allow":["GET"]}}],"collection":[{"href":"https:\/\/sakaba.mghosteur.com\/en\/wp-json\/wp\/v2\/product"}],"about":[{"href":"https:\/\/sakaba.mghosteur.com\/en\/wp-json\/wp\/v2\/types\/product"}],"replies":[{"embeddable":true,"href":"https:\/\/sakaba.mghosteur.com\/en\/wp-json\/wp\/v2\/comments?post=27745"}],"version-history":[{"count":0,"href":"https:\/\/sakaba.mghosteur.com\/en\/wp-json\/wp\/v2\/product\/27745\/revisions"}],"wp:attachment":[{"href":"https:\/\/sakaba.mghosteur.com\/en\/wp-json\/wp\/v2\/media?parent=27745"}],"wp:term":[{"taxonomy":"product_brand","embeddable":true,"href":"https:\/\/sakaba.mghosteur.com\/en\/wp-json\/wp\/v2\/product_brand?post=27745"},{"taxonomy":"product_cat","embeddable":true,"href":"https:\/\/sakaba.mghosteur.com\/en\/wp-json\/wp\/v2\/product_cat?post=27745"},{"taxonomy":"product_tag","embeddable":true,"href":"https:\/\/sakaba.mghosteur.com\/en\/wp-json\/wp\/v2\/product_tag?post=27745"}],"curies":[{"name":"wp","href":"https:\/\/api.w.org\/{rel}","templated":true}]}}