{"id":27753,"date":"2022-11-29T17:40:17","date_gmt":"2022-11-29T17:40:17","guid":{"rendered":"http:\/\/www.sakababeauty.com\/?post_type=product&#038;p=27753"},"modified":"2022-11-29T17:40:17","modified_gmt":"2022-11-29T17:40:17","slug":"murad-acne-control-clarifying-cleanser-2","status":"publish","type":"product","link":"https:\/\/sakaba.mghosteur.com\/en\/product\/murad-acne-control-clarifying-cleanser-2\/","title":{"rendered":"MURAD ACNE CONTROL CLARIFYING CLEANSER"},"content":{"rendered":"","protected":false},"excerpt":{"rendered":"","protected":false},"featured_media":0,"comment_status":"closed","ping_status":"closed","template":"","meta":[],"product_brand":[],"product_cat":[334],"product_tag":[],"class_list":{"0":"post-27753","1":"product","2":"type-product","3":"status-publish","5":"product_cat-traitement-serum","7":"first","8":"instock","9":"shipping-taxable","10":"product-type-simple"},"jetpack-related-posts":[{"id":27725,"url":"https:\/\/sakaba.mghosteur.com\/en\/product\/murad-acne-control-clarifying-cleanser\/","url_meta":{"origin":27753,"position":0},"title":"MURAD ACNE CONTROL CLARIFYING CLEANSER","author":"admin","date":"November 29, 2022","format":false,"excerpt":"","rel":"","context":"Similar post","block_context":{"text":"Similar post","link":""},"img":{"alt_text":"","src":"","width":0,"height":0},"classes":[]},{"id":27749,"url":"https:\/\/sakaba.mghosteur.com\/en\/product\/murad-acne-control-acne-clarifying-treatment\/","url_meta":{"origin":27753,"position":1},"title":"MURAD ACNE CONTROL ACNE CLARIFYING TREATMENT","author":"admin","date":"November 29, 2022","format":false,"excerpt":"","rel":"","context":"Similar post","block_context":{"text":"Similar post","link":""},"img":{"alt_text":"","src":"","width":0,"height":0},"classes":[]},{"id":31934,"url":"https:\/\/sakaba.mghosteur.com\/en\/product\/cerave-acne-control-cleanser-473ml\/","url_meta":{"origin":27753,"position":2},"title":"CERAVE ACNE CONTROL CLEANSER 473ML","author":"admin","date":"May 13, 2024","format":false,"excerpt":"Le nettoyant visage anti-acn\u00e9 de CeraVe est formul\u00e9 avec 2 % d'acide salicylique pour \u00e9liminer l'acn\u00e9 et r\u00e9duire les points noirs. L'argile purifiante aide \u00e0 am\u00e9liorer l'apparence des pores gr\u00e2ce \u00e0 une technologie d'absorption d'huile. Dans une texture gel-mousse rafra\u00eechissante, ce traitement contre l'acn\u00e9 nettoie la peau et cible les\u2026","rel":"","context":"Similar post","block_context":{"text":"Similar post","link":""},"img":{"alt_text":"","src":"","width":0,"height":0},"classes":[]},{"id":23918,"url":"https:\/\/sakaba.mghosteur.com\/en\/product\/cerave-acne-control-cleanser\/","url_meta":{"origin":27753,"position":3},"title":"CERAVE ACNE CONTROL CLEANSER","author":"admin","date":"November 9, 2022","format":false,"excerpt":"Le nettoyant anti-acn\u00e9 de CeraVe est un gel nettoyant pour le visage sp\u00e9cialement con\u00e7u pour les peaux sujettes \u00e0 l'acn\u00e9. Il contient 2% d'acide salicylique, qui aide \u00e0 traiter l'acn\u00e9 existante et \u00e0 pr\u00e9venir de nouvelles \u00e9ruptions en p\u00e9n\u00e9trant les pores de la peau. En outre, l'argile hectorite aide \u00e0\u2026","rel":"","context":"Similar post","block_context":{"text":"Similar post","link":""},"img":{"alt_text":"","src":"","width":0,"height":0},"classes":[]},{"id":26379,"url":"https:\/\/sakaba.mghosteur.com\/en\/product\/peach-slices-clarifying-cleanser\/","url_meta":{"origin":27753,"position":4},"title":"PEACH SLICES CLARIFYING CLEANSER","author":"admin","date":"November 25, 2022","format":false,"excerpt":"","rel":"","context":"Similar post","block_context":{"text":"Similar post","link":""},"img":{"alt_text":"","src":"","width":0,"height":0},"classes":[]},{"id":26617,"url":"https:\/\/sakaba.mghosteur.com\/en\/product\/advance-white-clarifying-foaming-cleanser\/","url_meta":{"origin":27753,"position":5},"title":"ADVANCE WHITE CLARIFYING FOAMING CLEANSER","author":"admin","date":"November 28, 2022","format":false,"excerpt":"","rel":"","context":"Similar post","block_context":{"text":"Similar post","link":""},"img":{"alt_text":"","src":"","width":0,"height":0},"classes":[]}],"_links":{"self":[{"href":"https:\/\/sakaba.mghosteur.com\/en\/wp-json\/wp\/v2\/product\/27753","targetHints":{"allow":["GET"]}}],"collection":[{"href":"https:\/\/sakaba.mghosteur.com\/en\/wp-json\/wp\/v2\/product"}],"about":[{"href":"https:\/\/sakaba.mghosteur.com\/en\/wp-json\/wp\/v2\/types\/product"}],"replies":[{"embeddable":true,"href":"https:\/\/sakaba.mghosteur.com\/en\/wp-json\/wp\/v2\/comments?post=27753"}],"version-history":[{"count":0,"href":"https:\/\/sakaba.mghosteur.com\/en\/wp-json\/wp\/v2\/product\/27753\/revisions"}],"wp:attachment":[{"href":"https:\/\/sakaba.mghosteur.com\/en\/wp-json\/wp\/v2\/media?parent=27753"}],"wp:term":[{"taxonomy":"product_brand","embeddable":true,"href":"https:\/\/sakaba.mghosteur.com\/en\/wp-json\/wp\/v2\/product_brand?post=27753"},{"taxonomy":"product_cat","embeddable":true,"href":"https:\/\/sakaba.mghosteur.com\/en\/wp-json\/wp\/v2\/product_cat?post=27753"},{"taxonomy":"product_tag","embeddable":true,"href":"https:\/\/sakaba.mghosteur.com\/en\/wp-json\/wp\/v2\/product_tag?post=27753"}],"curies":[{"name":"wp","href":"https:\/\/api.w.org\/{rel}","templated":true}]}}