{"id":27757,"date":"2022-11-29T17:41:47","date_gmt":"2022-11-29T17:41:47","guid":{"rendered":"http:\/\/www.sakababeauty.com\/?post_type=product&#038;p=27757"},"modified":"2024-06-07T00:16:50","modified_gmt":"2024-06-07T00:16:50","slug":"acne-control-oil-pore-control-mattifier-broad-spf-45","status":"publish","type":"product","link":"https:\/\/sakaba.mghosteur.com\/en\/product\/acne-control-oil-pore-control-mattifier-broad-spf-45\/","title":{"rendered":"ACNE CONTROL OIL &amp; PORE CONTROL MATTIFIER BROAD SPF 45"},"content":{"rendered":"","protected":false},"excerpt":{"rendered":"","protected":false},"featured_media":0,"comment_status":"closed","ping_status":"closed","template":"","meta":[],"product_brand":[],"product_cat":[1055,451],"product_tag":[],"class_list":{"0":"post-27757","1":"product","2":"type-product","3":"status-publish","5":"product_cat-protection-solaire-visage","6":"product_cat-aab-soin-du-visage","8":"first","9":"instock","10":"shipping-taxable","11":"product-type-simple"},"jetpack-related-posts":[{"id":26708,"url":"https:\/\/sakaba.mghosteur.com\/en\/product\/st-ives-acne-control-oil-free-salicylic-acide-acne-apricot-scrud\/","url_meta":{"origin":27757,"position":0},"title":"St.Ives Acne Control Oil-Free Salicylic Acide Acne Apricot Scrud","author":"admin","date":"November 28, 2022","format":false,"excerpt":"","rel":"","context":"Similar post","block_context":{"text":"Similar post","link":""},"img":{"alt_text":"","src":"","width":0,"height":0},"classes":[]},{"id":33954,"url":"https:\/\/sakaba.mghosteur.com\/en\/product\/alba-botanica-acne-dote-oil-control-lotion\/","url_meta":{"origin":27757,"position":1},"title":"ALBA BOTANICA ACNE DOTE OIL CONTROL LOTION","author":"admin","date":"May 24, 2024","format":false,"excerpt":"","rel":"","context":"Similar post","block_context":{"text":"Similar post","link":""},"img":{"alt_text":"","src":"","width":0,"height":0},"classes":[]},{"id":25319,"url":"https:\/\/sakaba.mghosteur.com\/en\/product\/supergoop-unseen-sunscreen-40-spf-broad-spectrum\/","url_meta":{"origin":27757,"position":2},"title":"SUPERGOOP UNSEEN SUNSCREEN 40 SPF BROAD SPECTRUM","author":"admin","date":"November 14, 2022","format":false,"excerpt":"Une base de maquillage quotidienne totalement invisible, l\u00e9g\u00e8re, sans parfum et avec FPS 40. Cette base de maquillage innovante et riche en antioxydants pr\u00e9pare la peau au maquillage tout en offrant un FPS 40 \u00e0 large spectre et une protection contre la lumi\u00e8re bleue, la lumi\u00e8re \u00e9mise par nos t\u00e9l\u00e9phones\u2026","rel":"","context":"Similar post","block_context":{"text":"Similar post","link":""},"img":{"alt_text":"","src":"","width":0,"height":0},"classes":[]},{"id":31934,"url":"https:\/\/sakaba.mghosteur.com\/en\/product\/cerave-acne-control-cleanser-473ml\/","url_meta":{"origin":27757,"position":3},"title":"CERAVE ACNE CONTROL CLEANSER 473ML","author":"admin","date":"May 13, 2024","format":false,"excerpt":"Le nettoyant visage anti-acn\u00e9 de CeraVe est formul\u00e9 avec 2 % d'acide salicylique pour \u00e9liminer l'acn\u00e9 et r\u00e9duire les points noirs. L'argile purifiante aide \u00e0 am\u00e9liorer l'apparence des pores gr\u00e2ce \u00e0 une technologie d'absorption d'huile. Dans une texture gel-mousse rafra\u00eechissante, ce traitement contre l'acn\u00e9 nettoie la peau et cible les\u2026","rel":"","context":"Similar post","block_context":{"text":"Similar post","link":""},"img":{"alt_text":"","src":"","width":0,"height":0},"classes":[]},{"id":27145,"url":"https:\/\/sakaba.mghosteur.com\/en\/product\/mele-no-shade-sunscreen-oil-spf-broad-spectrum\/","url_meta":{"origin":27757,"position":4},"title":"MELE NO SHADE SUNSCREEN OIL SPF BROAD SPECTRUM","author":"admin","date":"November 29, 2022","format":false,"excerpt":"","rel":"","context":"Similar post","block_context":{"text":"Similar post","link":""},"img":{"alt_text":"","src":"","width":0,"height":0},"classes":[]},{"id":31859,"url":"https:\/\/sakaba.mghosteur.com\/en\/product\/anua-heartleaf-pore-control-cleansing-oil-200ml\/","url_meta":{"origin":27757,"position":5},"title":"ANUA HEARTLEAF PORE CONTROL CLEANSING OIL 200ML","author":"admin","date":"May 10, 2024","format":false,"excerpt":"Un d\u00e9maquillant doux qui aide \u00e0 \u00e9liminer les impuret\u00e9s des pores. Formule non com\u00e9dog\u00e8ne qui convient aux peaux \u00e0 tendance acn\u00e9ique. Formule l\u00e9g\u00e8re qui ne bloque pas les pores. Maintient la peau hydrat\u00e9e apr\u00e8s le nettoyage. Mode d'emploi : 1. Versez l'huile nettoyante dans vos paumes et massez-la sur la\u2026","rel":"","context":"Similar post","block_context":{"text":"Similar post","link":""},"img":{"alt_text":"","src":"","width":0,"height":0},"classes":[]}],"_links":{"self":[{"href":"https:\/\/sakaba.mghosteur.com\/en\/wp-json\/wp\/v2\/product\/27757","targetHints":{"allow":["GET"]}}],"collection":[{"href":"https:\/\/sakaba.mghosteur.com\/en\/wp-json\/wp\/v2\/product"}],"about":[{"href":"https:\/\/sakaba.mghosteur.com\/en\/wp-json\/wp\/v2\/types\/product"}],"replies":[{"embeddable":true,"href":"https:\/\/sakaba.mghosteur.com\/en\/wp-json\/wp\/v2\/comments?post=27757"}],"version-history":[{"count":0,"href":"https:\/\/sakaba.mghosteur.com\/en\/wp-json\/wp\/v2\/product\/27757\/revisions"}],"wp:attachment":[{"href":"https:\/\/sakaba.mghosteur.com\/en\/wp-json\/wp\/v2\/media?parent=27757"}],"wp:term":[{"taxonomy":"product_brand","embeddable":true,"href":"https:\/\/sakaba.mghosteur.com\/en\/wp-json\/wp\/v2\/product_brand?post=27757"},{"taxonomy":"product_cat","embeddable":true,"href":"https:\/\/sakaba.mghosteur.com\/en\/wp-json\/wp\/v2\/product_cat?post=27757"},{"taxonomy":"product_tag","embeddable":true,"href":"https:\/\/sakaba.mghosteur.com\/en\/wp-json\/wp\/v2\/product_tag?post=27757"}],"curies":[{"name":"wp","href":"https:\/\/api.w.org\/{rel}","templated":true}]}}