{"id":27766,"date":"2022-11-29T17:45:17","date_gmt":"2022-11-29T17:45:17","guid":{"rendered":"http:\/\/www.sakababeauty.com\/?post_type=product&#038;p=27766"},"modified":"2024-06-06T23:07:51","modified_gmt":"2024-06-06T23:07:51","slug":"advanced-retinol-1-5-complex-night-concentrate","status":"publish","type":"product","link":"https:\/\/sakaba.mghosteur.com\/en\/product\/advanced-retinol-1-5-complex-night-concentrate\/","title":{"rendered":"ADVANCED RETINOL 1.5% COMPLEX NIGHT CONCENTRATE"},"content":{"rendered":"","protected":false},"excerpt":{"rendered":"","protected":false},"featured_media":0,"comment_status":"closed","ping_status":"closed","template":"","meta":[],"product_brand":[],"product_cat":[451,334],"product_tag":[],"class_list":{"0":"post-27766","1":"product","2":"type-product","3":"status-publish","5":"product_cat-aab-soin-du-visage","6":"product_cat-traitement-serum","8":"first","9":"instock","10":"shipping-taxable","11":"product-type-simple"},"jetpack-related-posts":[{"id":27858,"url":"https:\/\/sakaba.mghosteur.com\/en\/product\/estee-lauder-advanced-night-repair-synchronized-multi-recovery-complex-1-oz\/","url_meta":{"origin":27766,"position":0},"title":"Estee Lauder Advanced Night Repair Synchronized Multi-Recovery Complex 1 OZ","author":"admin","date":"November 29, 2022","format":false,"excerpt":"","rel":"","context":"Similar post","block_context":{"text":"Similar post","link":""},"img":{"alt_text":"","src":"","width":0,"height":0},"classes":[]},{"id":27861,"url":"https:\/\/sakaba.mghosteur.com\/en\/product\/estee-lauder-advanced-night-repair-synchronized-multi-recovery-complex-1-7-oz\/","url_meta":{"origin":27766,"position":1},"title":"Estee Lauder Advanced Night Repair Synchronized Multi-Recovery Complex 1.7 OZ","author":"admin","date":"November 29, 2022","format":false,"excerpt":"","rel":"","context":"Similar post","block_context":{"text":"Similar post","link":""},"img":{"alt_text":"","src":"","width":0,"height":0},"classes":[]},{"id":26535,"url":"https:\/\/sakaba.mghosteur.com\/en\/product\/facial-serum-night-repair-whitening-concentrate\/","url_meta":{"origin":27766,"position":2},"title":"FACIAL SERUM NIGHT REPAIR WHITENING CONCENTRATE","author":"admin","date":"November 25, 2022","format":false,"excerpt":"","rel":"","context":"Similar post","block_context":{"text":"Similar post","link":""},"img":{"alt_text":"","src":"","width":0,"height":0},"classes":[]},{"id":26372,"url":"https:\/\/sakaba.mghosteur.com\/en\/product\/paula-choice-super-antioxidant-concentrate-serum\/","url_meta":{"origin":27766,"position":3},"title":"PAULA CHOICE SUPER ANTIOXIDANT CONCENTRATE SERUM","author":"admin","date":"November 25, 2022","format":false,"excerpt":"Le Skin Balancing Super Antioxidant Concentrate Serum de PAULA'S CHOICE est un s\u00e9rum protecteur et anti-inflammatoire qui convient particuli\u00e8rement aux peaux grasses. Il contient du r\u00e9tinol dos\u00e9 tr\u00e8s faiblement \u00e0 0,03%, ce qui le rend adapt\u00e9 aux d\u00e9butants. Avec sa texture fluide et silicon\u00e9e, il assure un teint d'apparence fine,\u2026","rel":"","context":"Similar post","block_context":{"text":"Similar post","link":""},"img":{"alt_text":"","src":"","width":0,"height":0},"classes":[]},{"id":31993,"url":"https:\/\/sakaba.mghosteur.com\/en\/product\/good-molecules-1-retinol-night-oil\/","url_meta":{"origin":27766,"position":4},"title":"GOOD MOLECULES 1% RETINOL NIGHT OIL","author":"admin","date":"May 13, 2024","format":false,"excerpt":"","rel":"","context":"Similar post","block_context":{"text":"Similar post","link":""},"img":{"alt_text":"","src":"","width":0,"height":0},"classes":[]},{"id":26728,"url":"https:\/\/sakaba.mghosteur.com\/en\/product\/olay-regenerist-retinol-24-night-serum-max-vitamin-b3\/","url_meta":{"origin":27766,"position":5},"title":"OLAY Regenerist Retinol 24 Night Serum Max Vitamin B3+","author":"admin","date":"November 28, 2022","format":false,"excerpt":"","rel":"","context":"Similar post","block_context":{"text":"Similar post","link":""},"img":{"alt_text":"","src":"","width":0,"height":0},"classes":[]}],"_links":{"self":[{"href":"https:\/\/sakaba.mghosteur.com\/en\/wp-json\/wp\/v2\/product\/27766","targetHints":{"allow":["GET"]}}],"collection":[{"href":"https:\/\/sakaba.mghosteur.com\/en\/wp-json\/wp\/v2\/product"}],"about":[{"href":"https:\/\/sakaba.mghosteur.com\/en\/wp-json\/wp\/v2\/types\/product"}],"replies":[{"embeddable":true,"href":"https:\/\/sakaba.mghosteur.com\/en\/wp-json\/wp\/v2\/comments?post=27766"}],"version-history":[{"count":0,"href":"https:\/\/sakaba.mghosteur.com\/en\/wp-json\/wp\/v2\/product\/27766\/revisions"}],"wp:attachment":[{"href":"https:\/\/sakaba.mghosteur.com\/en\/wp-json\/wp\/v2\/media?parent=27766"}],"wp:term":[{"taxonomy":"product_brand","embeddable":true,"href":"https:\/\/sakaba.mghosteur.com\/en\/wp-json\/wp\/v2\/product_brand?post=27766"},{"taxonomy":"product_cat","embeddable":true,"href":"https:\/\/sakaba.mghosteur.com\/en\/wp-json\/wp\/v2\/product_cat?post=27766"},{"taxonomy":"product_tag","embeddable":true,"href":"https:\/\/sakaba.mghosteur.com\/en\/wp-json\/wp\/v2\/product_tag?post=27766"}],"curies":[{"name":"wp","href":"https:\/\/api.w.org\/{rel}","templated":true}]}}