{"id":27769,"date":"2022-11-29T17:46:47","date_gmt":"2022-11-29T17:46:47","guid":{"rendered":"http:\/\/www.sakababeauty.com\/?post_type=product&#038;p=27769"},"modified":"2024-08-07T01:14:26","modified_gmt":"2024-08-07T01:14:26","slug":"brightening-solution-coffret","status":"publish","type":"product","link":"https:\/\/sakaba.mghosteur.com\/en\/product\/brightening-solution-coffret\/","title":{"rendered":"BRIGHTENING SOLUTION COFFRET"},"content":{"rendered":"<p>Le coffret solution \u00e9claircissante Vinoperfect de Caudalie est un coffret de trois produits qui associe des produits \u00e9claircissants pour apporter un \u00e9clat radieux \u00e0 votre peau. Le kit est \u00e0 base de vinif\u00e9rine, un ingr\u00e9dient exclusif \u00e0 Caudalie qui poss\u00e8de un pouvoir \u00e9claircissant 62 fois sup\u00e9rieur \u00e0 celui de la vitamine C. Tous les produits du kit sont vegan et sans parab\u00e8nes.<\/p>\n<p>Le coffret comprend:<\/p>\n<p>1. Un s\u00e9rum correcteur de teint \u00e9clat Vinoperfect 30 ml<\/p>\n<p>2. Une cr\u00e8me hydratante \u00e9claircissante instantan\u00e9e Vinoperfect 15 ml<\/p>\n<p>3. Une essence glycolique \u00e9claircissante Vinoperfect 50 ml<\/p>","protected":false},"excerpt":{"rendered":"<p>Le coffret solution \u00e9claircissante Vinoperfect de Caudalie est un coffret de trois produits qui associe des produits \u00e9claircissants pour apporter un \u00e9clat radieux \u00e0 votre peau. Le kit est \u00e0 base de vinif\u00e9rine, un ingr\u00e9dient exclusif \u00e0 Caudalie qui poss\u00e8de un pouvoir \u00e9claircissant 62 fois sup\u00e9rieur \u00e0 celui de la vitamine C. Tous les produits<span class=\"read-more-faq\"><a href=\"https:\/\/sakaba.mghosteur.com\/en\/product\/brightening-solution-coffret\/\">Read More<\/a><\/span><\/p>","protected":false},"featured_media":0,"comment_status":"closed","ping_status":"closed","template":"","meta":[],"product_brand":[],"product_cat":[293,1057,291,451],"product_tag":[],"class_list":{"0":"post-27769","1":"product","2":"type-product","3":"status-publish","5":"product_cat-anti-taches","6":"product_cat-coffret-soins-visage","7":"product_cat-eclaircissant","8":"product_cat-aab-soin-du-visage","10":"first","11":"instock","12":"shipping-taxable","13":"product-type-simple"},"jetpack-related-posts":[{"id":33224,"url":"https:\/\/sakaba.mghosteur.com\/en\/product\/caudalie-brightening-solution-coffret\/","url_meta":{"origin":27769,"position":0},"title":"CAUDALIE BRIGHTENING SOLUTION COFFRET","author":"admin","date":"May 20, 2024","format":false,"excerpt":"Le Coffret Solution Eclaircissante Vinoperfect de Caudalie est un ensemble de trois produits comprenant un s\u00e9rum, une essence et une cr\u00e8me hydratante : S\u00e9rum \u00c9clat Anti-Imperfections Vinoperfect : \u00c9claircit le teint et corrige les imperfections Essence Eclaircissante Vinoperfect : Une essence visage qui illumine et lisse la peau pour un\u2026","rel":"","context":"Similar post","block_context":{"text":"Similar post","link":""},"img":{"alt_text":"","src":"","width":0,"height":0},"classes":[]},{"id":33234,"url":"https:\/\/sakaba.mghosteur.com\/en\/product\/caudalie-vinoperfect-soin-eclaircissant-regard\/","url_meta":{"origin":27769,"position":1},"title":"CAUDALIE VINOPERFECT SOIN ECLAIRCISSANT REGARD","author":"admin","date":"May 20, 2024","format":false,"excerpt":"Formul\u00e9e \u00e0 97% d'ingr\u00e9dients d'origine naturelle, la Cr\u00e8me Yeux Illuminatrice Vinoperfect de Caudalie aide \u00e0 r\u00e9duire l'apparence des cernes. Cette cr\u00e8me pour les yeux hydrate la peau tout en corrigeant tous les types de cernes, qu'ils soient vasculaires (bleus ou violets) ou pigment\u00e9s (brun\u00e2tres). Convient \u00e0 tous les types de\u2026","rel":"","context":"Similar post","block_context":{"text":"Similar post","link":""},"img":{"alt_text":"","src":"","width":0,"height":0},"classes":[]},{"id":33314,"url":"https:\/\/sakaba.mghosteur.com\/en\/product\/vinoperfect-creme-de-nuit-glycolique-eclaircissant\/","url_meta":{"origin":27769,"position":2},"title":"VINOPERFECT CREME DE NUIT GLYCOLIQUE ECLAIRCISSANT","author":"admin","date":"May 20, 2024","format":false,"excerpt":"","rel":"","context":"Similar post","block_context":{"text":"Similar post","link":""},"img":{"alt_text":"","src":"","width":0,"height":0},"classes":[]},{"id":33317,"url":"https:\/\/sakaba.mghosteur.com\/en\/product\/vinoperfect-creme-eclat-anti-taches-50ml\/","url_meta":{"origin":27769,"position":3},"title":"VINOPERFECT CREME ECLAT ANTI TACHES 50ML","author":"admin","date":"May 20, 2024","format":false,"excerpt":"","rel":"","context":"Similar post","block_context":{"text":"Similar post","link":""},"img":{"alt_text":"","src":"","width":0,"height":0},"classes":[]},{"id":33230,"url":"https:\/\/sakaba.mghosteur.com\/en\/product\/caudalie-vinoperfect-masque-peeling-glycolique\/","url_meta":{"origin":27769,"position":4},"title":"CAUDALIE VINOPERFECT MASQUE PEELING GLYCOLIQUE","author":"admin","date":"May 20, 2024","format":false,"excerpt":"","rel":"","context":"Similar post","block_context":{"text":"Similar post","link":""},"img":{"alt_text":"","src":"","width":0,"height":0},"classes":[]},{"id":33227,"url":"https:\/\/sakaba.mghosteur.com\/en\/product\/caudalie-vinoperfect-essence-glycolique\/","url_meta":{"origin":27769,"position":5},"title":"CAUDALIE VINOPERFECT ESSENCE GLYCOLIQUE","author":"admin","date":"May 20, 2024","format":false,"excerpt":"","rel":"","context":"Similar post","block_context":{"text":"Similar post","link":""},"img":{"alt_text":"","src":"","width":0,"height":0},"classes":[]}],"_links":{"self":[{"href":"https:\/\/sakaba.mghosteur.com\/en\/wp-json\/wp\/v2\/product\/27769","targetHints":{"allow":["GET"]}}],"collection":[{"href":"https:\/\/sakaba.mghosteur.com\/en\/wp-json\/wp\/v2\/product"}],"about":[{"href":"https:\/\/sakaba.mghosteur.com\/en\/wp-json\/wp\/v2\/types\/product"}],"replies":[{"embeddable":true,"href":"https:\/\/sakaba.mghosteur.com\/en\/wp-json\/wp\/v2\/comments?post=27769"}],"version-history":[{"count":0,"href":"https:\/\/sakaba.mghosteur.com\/en\/wp-json\/wp\/v2\/product\/27769\/revisions"}],"wp:attachment":[{"href":"https:\/\/sakaba.mghosteur.com\/en\/wp-json\/wp\/v2\/media?parent=27769"}],"wp:term":[{"taxonomy":"product_brand","embeddable":true,"href":"https:\/\/sakaba.mghosteur.com\/en\/wp-json\/wp\/v2\/product_brand?post=27769"},{"taxonomy":"product_cat","embeddable":true,"href":"https:\/\/sakaba.mghosteur.com\/en\/wp-json\/wp\/v2\/product_cat?post=27769"},{"taxonomy":"product_tag","embeddable":true,"href":"https:\/\/sakaba.mghosteur.com\/en\/wp-json\/wp\/v2\/product_tag?post=27769"}],"curies":[{"name":"wp","href":"https:\/\/api.w.org\/{rel}","templated":true}]}}